{"id":120,"date":"2024-03-20T09:43:12","date_gmt":"2024-03-20T08:43:12","guid":{"rendered":"https:\/\/makingblog.audencia.com\/too-good-to-blog\/?page_id=120"},"modified":"2024-03-21T11:23:13","modified_gmt":"2024-03-21T10:23:13","slug":"a-propos","status":"publish","type":"page","link":"https:\/\/makingblog.audencia.com\/too-good-to-blog\/a-propos\/","title":{"rendered":"\u00c0 propos"},"content":{"rendered":"\t\t<div data-elementor-type=\"wp-page\" data-elementor-id=\"120\" class=\"elementor elementor-120\">\n\t\t\t\t<div class=\"elementor-element elementor-element-7de32e2a e-flex e-con-boxed e-con e-parent\" data-id=\"7de32e2a\" data-element_type=\"container\" data-core-v316-plus=\"true\">\n\t\t\t\t\t<div class=\"e-con-inner\">\n\t\t\t\t<div class=\"elementor-element elementor-element-2622c06a elementor-widget elementor-widget-text-editor\" data-id=\"2622c06a\" data-element_type=\"widget\" data-widget_type=\"text-editor.default\">\n\t\t\t\t<div class=\"elementor-widget-container\">\n\t\t\t<style>\/*! elementor - v3.20.0 - 20-03-2024 *\/\n.elementor-widget-text-editor.elementor-drop-cap-view-stacked .elementor-drop-cap{background-color:#69727d;color:#fff}.elementor-widget-text-editor.elementor-drop-cap-view-framed .elementor-drop-cap{color:#69727d;border:3px solid;background-color:transparent}.elementor-widget-text-editor:not(.elementor-drop-cap-view-default) .elementor-drop-cap{margin-top:8px}.elementor-widget-text-editor:not(.elementor-drop-cap-view-default) .elementor-drop-cap-letter{width:1em;height:1em}.elementor-widget-text-editor .elementor-drop-cap{float:left;text-align:center;line-height:1;font-size:50px}.elementor-widget-text-editor .elementor-drop-cap-letter{display:inline-block}<\/style>\t\t\t\t<p><span style=\"font-family: tahoma, arial, helvetica, sans-serif;\"><!-- wp:paragraph --><\/span><\/p>\n<p><span style=\"font-family: tahoma, arial, helvetica, sans-serif;\">Bienvenue sur Too Good To Blog, votre guide gastronomique d\u00e9di\u00e9 \u00e0 Nantes et ses environs ! Nous sommes Tif et L\u00e9l\u00e9, deux \u00e9tudiants passionn\u00e9s de cuisine, r\u00e9sidant au c\u0153ur de cette ville dynamique. Notre amour commun pour la bonne nourriture et l&rsquo;exploration culinaire nous a conduits \u00e0 cr\u00e9er ce blog afin de partager nos d\u00e9couvertes et nos exp\u00e9riences avec vous.<\/span><\/p>\n<p><span style=\"font-family: tahoma, arial, helvetica, sans-serif;\">Notre mission est simple : vous aider \u00e0 d\u00e9couvrir les meilleurs offres culinaires de la r\u00e9gion disponible sur Too Good To Go. Que vous soyez un Nantais de longue date \u00e0 la recherche de nouveaux endroits \u00e0 explorer ou un visiteur curieux d\u00e9sireux de go\u00fbter aux saveurs locales, nous avons tout ce qu&rsquo;il vous faut.<\/span><\/p>\n<p><span style=\"font-family: tahoma, arial, helvetica, sans-serif;\">Sur notre blog, vous trouverez des critiques honn\u00eates et d\u00e9taill\u00e9es de nos exp\u00e9riences dans diff\u00e9rents \u00e9tablissements. Nous ne nous contentons pas de parler de la nourriture ; nous partageons \u00e9galement nos impressions sur l&rsquo;ambiance, le service et l&rsquo;ensemble de l&rsquo;exp\u00e9rience culinaire pour vous aider \u00e0 choisir le lieu parfait pour chaque occasion (et \u00e0 petit prix).<\/span><\/p>\n<p><span style=\"font-family: tahoma, arial, helvetica, sans-serif;\">Mais notre blog ne se limite pas aux critiques. Nous aimons \u00e9galement partager nos propres recettes, astuces et conseils de cuisine, inspir\u00e9s de nos explorations culinaires et de nos exp\u00e9riences personnelles en tant qu&rsquo;amateurs passionn\u00e9s de cuisine. Que vous soyez novice en cuisine ou chef amateur chevronn\u00e9, nous avons quelque chose pour vous aider \u00e0 impressionner vos convives ou simplement \u00e0 vous r\u00e9galer seul.<\/span><\/p>\n<p><span style=\"font-family: tahoma, arial, helvetica, sans-serif;\">Nous sommes ravis de vous avoir parmi nous dans cette aventure culinaire. Que vous soyez un gourmand avide ou simplement un curieux de passage, nous esp\u00e9rons que notre blog vous inspirera \u00e0 d\u00e9couvrir et \u00e0 savourer le meilleur de la cuisine nantaise. Alors, attachez vos tabliers et pr\u00e9parez-vous \u00e0 embarquer pour un voyage gustatif inoubliable !<\/span><\/p>\n<p><span style=\"font-family: tahoma, arial, helvetica, sans-serif;\">Bon app\u00e9tit !<\/span><\/p>\n<p><span style=\"font-family: tahoma, arial, helvetica, sans-serif;\">Tif &amp; L\u00e9l\u00e9<\/span><\/p>\n<p><!-- \/wp:paragraph --><\/p>\t\t\t\t\t\t<\/div>\n\t\t\t\t<\/div>\n\t\t\t\t<div class=\"elementor-element elementor-element-6d179e6 elementor-widget elementor-widget-image\" data-id=\"6d179e6\" data-element_type=\"widget\" data-widget_type=\"image.default\">\n\t\t\t\t<div class=\"elementor-widget-container\">\n\t\t\t<style>\/*! elementor - v3.20.0 - 20-03-2024 *\/\n.elementor-widget-image{text-align:center}.elementor-widget-image a{display:inline-block}.elementor-widget-image a img[src$=\".svg\"]{width:48px}.elementor-widget-image img{vertical-align:middle;display:inline-block}<\/style>\t\t\t\t\t\t\t\t\t\t<img fetchpriority=\"high\" decoding=\"async\" width=\"818\" height=\"491\" src=\"https:\/\/makingblog.audencia.com\/too-good-to-blog\/wp-content\/uploads\/2024\/02\/cropped-332241124649220a3f4323f3e127d8a4_fgraphic-1-1024x615.jpg\" class=\"attachment-large size-large wp-image-20\" alt=\"\" srcset=\"https:\/\/makingblog.audencia.com\/too-good-to-blog\/wp-content\/uploads\/2024\/02\/cropped-332241124649220a3f4323f3e127d8a4_fgraphic-1-1024x615.jpg 1024w, https:\/\/makingblog.audencia.com\/too-good-to-blog\/wp-content\/uploads\/2024\/02\/cropped-332241124649220a3f4323f3e127d8a4_fgraphic-1-300x180.jpg 300w, https:\/\/makingblog.audencia.com\/too-good-to-blog\/wp-content\/uploads\/2024\/02\/cropped-332241124649220a3f4323f3e127d8a4_fgraphic-1-768x461.jpg 768w, https:\/\/makingblog.audencia.com\/too-good-to-blog\/wp-content\/uploads\/2024\/02\/cropped-332241124649220a3f4323f3e127d8a4_fgraphic-1-1536x922.jpg 1536w, https:\/\/makingblog.audencia.com\/too-good-to-blog\/wp-content\/uploads\/2024\/02\/cropped-332241124649220a3f4323f3e127d8a4_fgraphic-1.jpg 2000w\" sizes=\"(max-width: 818px) 100vw, 818px\" \/>\t\t\t\t\t\t\t\t\t\t\t\t\t<\/div>\n\t\t\t\t<\/div>\n\t\t\t\t\t<\/div>\n\t\t\t\t<\/div>\n\t\t\t\t<\/div>\n\t\t","protected":false},"excerpt":{"rendered":"<p>Bienvenue sur Too Good To Blog, votre guide gastronomique d\u00e9di\u00e9 \u00e0 Nantes et ses environs ! Nous sommes Tif et L\u00e9l\u00e9, deux \u00e9tudiants passionn\u00e9s de cuisine, r\u00e9sidant au c\u0153ur de cette ville dynamique. Notre amour commun pour la bonne nourriture et l&rsquo;exploration culinaire nous a &hellip; <\/p>\n","protected":false},"author":3,"featured_media":0,"parent":0,"menu_order":0,"comment_status":"closed","ping_status":"closed","template":"","meta":{"footnotes":""},"class_list":["post-120","page","type-page","status-publish","hentry"],"_links":{"self":[{"href":"https:\/\/makingblog.audencia.com\/too-good-to-blog\/wp-json\/wp\/v2\/pages\/120","targetHints":{"allow":["GET"]}}],"collection":[{"href":"https:\/\/makingblog.audencia.com\/too-good-to-blog\/wp-json\/wp\/v2\/pages"}],"about":[{"href":"https:\/\/makingblog.audencia.com\/too-good-to-blog\/wp-json\/wp\/v2\/types\/page"}],"author":[{"embeddable":true,"href":"https:\/\/makingblog.audencia.com\/too-good-to-blog\/wp-json\/wp\/v2\/users\/3"}],"replies":[{"embeddable":true,"href":"https:\/\/makingblog.audencia.com\/too-good-to-blog\/wp-json\/wp\/v2\/comments?post=120"}],"version-history":[{"count":4,"href":"https:\/\/makingblog.audencia.com\/too-good-to-blog\/wp-json\/wp\/v2\/pages\/120\/revisions"}],"predecessor-version":[{"id":294,"href":"https:\/\/makingblog.audencia.com\/too-good-to-blog\/wp-json\/wp\/v2\/pages\/120\/revisions\/294"}],"wp:attachment":[{"href":"https:\/\/makingblog.audencia.com\/too-good-to-blog\/wp-json\/wp\/v2\/media?parent=120"}],"curies":[{"name":"wp","href":"https:\/\/api.w.org\/{rel}","templated":true}]}}