{"id":61,"date":"2025-10-20T14:53:49","date_gmt":"2025-10-20T12:53:49","guid":{"rendered":"https:\/\/makingblog.audencia.com\/scroll-think\/?page_id=61"},"modified":"2025-12-03T13:46:00","modified_gmt":"2025-12-03T12:46:00","slug":"a-propos-2","status":"publish","type":"page","link":"https:\/\/makingblog.audencia.com\/scroll-think\/a-propos-2\/","title":{"rendered":"\u00c0 propos"},"content":{"rendered":"\n<h2 class=\"wp-block-heading has-text-align-center has-x-large-font-size\" style=\"border-style:none;border-width:0px;margin-top:var(--wp--preset--spacing--70);margin-right:0;margin-bottom:var(--wp--preset--spacing--70);margin-left:0\"><strong>\u00c0 Propos<\/strong><\/h2>\n\n\n\n<h4 class=\"wp-block-heading\"><strong>Des \u00e9crans plein les yeux, des questions plein la t\u00eate<\/strong><\/h4>\n\n\n\n<p>Nous, c\u2019est Anna et Camille.<br>On a connu les d\u00e9buts d\u2019Instagram, les vines, les filtres Snapchat et la vie sans TikTok. Les r\u00e9seaux, \u00e7a nous connait.<\/p>\n\n\n\n<figure class=\"wp-block-image size-full wp-duotone-unset-1\"><img fetchpriority=\"high\" decoding=\"async\" width=\"1920\" height=\"940\" src=\"https:\/\/makingblog.audencia.com\/scroll-think\/wp-content\/uploads\/2025\/11\/SCROLL-THINK-SCROLL-THINK-SCROLL-THINK-4.png\" alt=\"\" class=\"wp-image-308\" srcset=\"https:\/\/makingblog.audencia.com\/scroll-think\/wp-content\/uploads\/2025\/11\/SCROLL-THINK-SCROLL-THINK-SCROLL-THINK-4.png 1920w, https:\/\/makingblog.audencia.com\/scroll-think\/wp-content\/uploads\/2025\/11\/SCROLL-THINK-SCROLL-THINK-SCROLL-THINK-4-300x147.png 300w, https:\/\/makingblog.audencia.com\/scroll-think\/wp-content\/uploads\/2025\/11\/SCROLL-THINK-SCROLL-THINK-SCROLL-THINK-4-1024x501.png 1024w, https:\/\/makingblog.audencia.com\/scroll-think\/wp-content\/uploads\/2025\/11\/SCROLL-THINK-SCROLL-THINK-SCROLL-THINK-4-768x376.png 768w, https:\/\/makingblog.audencia.com\/scroll-think\/wp-content\/uploads\/2025\/11\/SCROLL-THINK-SCROLL-THINK-SCROLL-THINK-4-1536x752.png 1536w\" sizes=\"(max-width: 1920px) 100vw, 1920px\" \/><\/figure>\n\n\n\n<p><\/p>\n\n\n\n<div class=\"wp-block-uagb-container uagb-block-1c19f2b2 alignfull uagb-is-root-container\"><div class=\"uagb-container-inner-blocks-wrap\">\n<div class=\"wp-block-uagb-container uagb-block-29ed6128\">\n<div class=\"wp-block-uagb-container uagb-block-b39e921c\">\n<h4 class=\"wp-block-heading\"><strong>Ce qu\u2019on veut comprendre et vous partager<\/strong><\/h4>\n\n\n\n<p>Les r\u00e9seaux ne sont ni bons ni mauvais mais ce qui est sur c&rsquo;est que nous y passons des heures. <br>On a voulu comprendre pourquoi on reste des heures \u00e0 scroller.<br>Pourquoi on se compare, on consomme, on like souvent sans m\u00eame s\u2019en rendre compte.<br>Sur Scroll &amp; Think, on veut parler d\u2019influence, de comportements, de tendances, de consommation, d\u2019image mais surtout, on veut parler de vrai.<br>Discuter dans un espace de confiance, sans moraliser, sans posture, juste avec curiosit\u00e9, humour et un peu de recul.<\/p>\n<\/div>\n\n\n\n<div class=\"wp-block-uagb-container uagb-block-d7191b18\">\n<h4 class=\"wp-block-heading\"><strong>Ce que tu trouveras ici<\/strong><\/h4>\n\n\n\n<p><\/p>\n\n\n\n<p>On a imagin\u00e9 Scroll &amp; Think comme un espace libre et vivant :<br>&#8211; Des articles qui d\u00e9cryptent les ph\u00e9nom\u00e8nes viraux et les codes de l\u2019influence<br>&#8211; Des interviews de cr\u00e9ateur, d&rsquo;experts du digital et de vous<br>&#8211; Des tests et d\u00e9fis pour nous challenger<\/p>\n<\/div>\n<\/div>\n\n\n\n<div class=\"wp-block-uagb-container uagb-block-971a77ae\">\n<h2 class=\"wp-block-heading has-text-align-center\"><strong>En vrai ?<\/strong><\/h2>\n\n\n\n<p class=\"has-text-align-center\">Ce blog, c\u2019est un peu notre journal d\u2019exploration num\u00e9rique.<br>Un endroit o\u00f9 on rit, on doute, on s\u2019interroge, on apprend et on partage notre exp\u00e9rience avec vous.<br>Parce que derri\u00e8re chaque scroll, il y a une histoire.<br>Et nous, on a d\u00e9cid\u00e9 de les raconter.<\/p>\n<\/div>\n<\/div><\/div>\n\n\n\n<p><\/p>\n","protected":false},"excerpt":{"rendered":"<p>\u00c0 Propos Des \u00e9crans plein les yeux, des questions plein la t\u00eate Nous, c\u2019est Anna et Camille.On a connu les [&hellip;]<\/p>\n","protected":false},"author":2,"featured_media":0,"parent":0,"menu_order":0,"comment_status":"closed","ping_status":"closed","template":"","meta":{"_uag_custom_page_level_css":"","site-sidebar-layout":"default","site-content-layout":"","ast-site-content-layout":"default","site-content-style":"default","site-sidebar-style":"default","ast-global-header-display":"","ast-banner-title-visibility":"","ast-main-header-display":"","ast-hfb-above-header-display":"","ast-hfb-below-header-display":"","ast-hfb-mobile-header-display":"","site-post-title":"disabled","ast-breadcrumbs-content":"","ast-featured-img":"","footer-sml-layout":"","theme-transparent-header-meta":"","adv-header-id-meta":"","stick-header-meta":"","header-above-stick-meta":"","header-main-stick-meta":"","header-below-stick-meta":"","astra-migrate-meta-layouts":"default","ast-page-background-enabled":"default","ast-page-background-meta":{"desktop":{"background-color":"var(--ast-global-color-5)","background-image":"","background-repeat":"repeat","background-position":"center center","background-size":"auto","background-attachment":"scroll","background-type":"","background-media":"","overlay-type":"","overlay-color":"","overlay-opacity":"","overlay-gradient":""},"tablet":{"background-color":"","background-image":"","background-repeat":"repeat","background-position":"center center","background-size":"auto","background-attachment":"scroll","background-type":"","background-media":"","overlay-type":"","overlay-color":"","overlay-opacity":"","overlay-gradient":""},"mobile":{"background-color":"","background-image":"","background-repeat":"repeat","background-position":"center center","background-size":"auto","background-attachment":"scroll","background-type":"","background-media":"","overlay-type":"","overlay-color":"","overlay-opacity":"","overlay-gradient":""}},"ast-content-background-meta":{"desktop":{"background-color":"var(--ast-global-color-4)","background-image":"","background-repeat":"repeat","background-position":"center center","background-size":"auto","background-attachment":"scroll","background-type":"","background-media":"","overlay-type":"","overlay-color":"","overlay-opacity":"","overlay-gradient":""},"tablet":{"background-color":"var(--ast-global-color-4)","background-image":"","background-repeat":"repeat","background-position":"center center","background-size":"auto","background-attachment":"scroll","background-type":"","background-media":"","overlay-type":"","overlay-color":"","overlay-opacity":"","overlay-gradient":""},"mobile":{"background-color":"var(--ast-global-color-4)","background-image":"","background-repeat":"repeat","background-position":"center center","background-size":"auto","background-attachment":"scroll","background-type":"","background-media":"","overlay-type":"","overlay-color":"","overlay-opacity":"","overlay-gradient":""}},"footnotes":""},"class_list":["post-61","page","type-page","status-publish","hentry"],"yoast_head":"<!-- This site is optimized with the Yoast SEO plugin v26.6 - https:\/\/yoast.com\/wordpress\/plugins\/seo\/ -->\n<title>\u00c0 propos - Scroll and think<\/title>\n<meta name=\"robots\" content=\"index, follow, max-snippet:-1, max-image-preview:large, max-video-preview:-1\" \/>\n<link rel=\"canonical\" href=\"https:\/\/makingblog.audencia.com\/scroll-think\/a-propos-2\/\" \/>\n<meta property=\"og:locale\" content=\"fr_FR\" \/>\n<meta property=\"og:type\" content=\"article\" \/>\n<meta property=\"og:title\" content=\"\u00c0 propos - Scroll and think\" \/>\n<meta property=\"og:description\" content=\"\u00c0 Propos Des \u00e9crans plein les yeux, des questions plein la t\u00eate Nous, c\u2019est Anna et Camille.On a connu les [&hellip;]\" \/>\n<meta property=\"og:url\" content=\"https:\/\/makingblog.audencia.com\/scroll-think\/a-propos-2\/\" \/>\n<meta property=\"og:site_name\" content=\"Scroll and think\" \/>\n<meta property=\"article:modified_time\" content=\"2025-12-03T12:46:00+00:00\" \/>\n<meta property=\"og:image\" content=\"https:\/\/makingblog.audencia.com\/scroll-think\/wp-content\/uploads\/2025\/11\/SCROLL-THINK-SCROLL-THINK-SCROLL-THINK-4.png\" \/>\n\t<meta property=\"og:image:width\" content=\"1920\" \/>\n\t<meta property=\"og:image:height\" content=\"940\" \/>\n\t<meta property=\"og:image:type\" content=\"image\/png\" \/>\n<meta name=\"twitter:card\" content=\"summary_large_image\" \/>\n<meta name=\"twitter:label1\" content=\"Dur\u00e9e de lecture estim\u00e9e\" \/>\n\t<meta name=\"twitter:data1\" content=\"1 minute\" \/>\n<script type=\"application\/ld+json\" class=\"yoast-schema-graph\">{\"@context\":\"https:\/\/schema.org\",\"@graph\":[{\"@type\":\"WebPage\",\"@id\":\"https:\/\/makingblog.audencia.com\/scroll-think\/a-propos-2\/\",\"url\":\"https:\/\/makingblog.audencia.com\/scroll-think\/a-propos-2\/\",\"name\":\"\u00c0 propos - Scroll and think\",\"isPartOf\":{\"@id\":\"https:\/\/makingblog.audencia.com\/scroll-think\/#website\"},\"primaryImageOfPage\":{\"@id\":\"https:\/\/makingblog.audencia.com\/scroll-think\/a-propos-2\/#primaryimage\"},\"image\":{\"@id\":\"https:\/\/makingblog.audencia.com\/scroll-think\/a-propos-2\/#primaryimage\"},\"thumbnailUrl\":\"https:\/\/makingblog.audencia.com\/scroll-think\/wp-content\/uploads\/2025\/11\/SCROLL-THINK-SCROLL-THINK-SCROLL-THINK-4.png\",\"datePublished\":\"2025-10-20T12:53:49+00:00\",\"dateModified\":\"2025-12-03T12:46:00+00:00\",\"breadcrumb\":{\"@id\":\"https:\/\/makingblog.audencia.com\/scroll-think\/a-propos-2\/#breadcrumb\"},\"inLanguage\":\"fr-FR\",\"potentialAction\":[{\"@type\":\"ReadAction\",\"target\":[\"https:\/\/makingblog.audencia.com\/scroll-think\/a-propos-2\/\"]}]},{\"@type\":\"ImageObject\",\"inLanguage\":\"fr-FR\",\"@id\":\"https:\/\/makingblog.audencia.com\/scroll-think\/a-propos-2\/#primaryimage\",\"url\":\"https:\/\/makingblog.audencia.com\/scroll-think\/wp-content\/uploads\/2025\/11\/SCROLL-THINK-SCROLL-THINK-SCROLL-THINK-4.png\",\"contentUrl\":\"https:\/\/makingblog.audencia.com\/scroll-think\/wp-content\/uploads\/2025\/11\/SCROLL-THINK-SCROLL-THINK-SCROLL-THINK-4.png\",\"width\":1920,\"height\":940},{\"@type\":\"BreadcrumbList\",\"@id\":\"https:\/\/makingblog.audencia.com\/scroll-think\/a-propos-2\/#breadcrumb\",\"itemListElement\":[{\"@type\":\"ListItem\",\"position\":1,\"name\":\"Accueil\",\"item\":\"https:\/\/makingblog.audencia.com\/scroll-think\/\"},{\"@type\":\"ListItem\",\"position\":2,\"name\":\"\u00c0 propos\"}]},{\"@type\":\"WebSite\",\"@id\":\"https:\/\/makingblog.audencia.com\/scroll-think\/#website\",\"url\":\"https:\/\/makingblog.audencia.com\/scroll-think\/\",\"name\":\"Scroll and think\",\"description\":\"\",\"publisher\":{\"@id\":\"https:\/\/makingblog.audencia.com\/scroll-think\/#organization\"},\"potentialAction\":[{\"@type\":\"SearchAction\",\"target\":{\"@type\":\"EntryPoint\",\"urlTemplate\":\"https:\/\/makingblog.audencia.com\/scroll-think\/?s={search_term_string}\"},\"query-input\":{\"@type\":\"PropertyValueSpecification\",\"valueRequired\":true,\"valueName\":\"search_term_string\"}}],\"inLanguage\":\"fr-FR\"},{\"@type\":\"Organization\",\"@id\":\"https:\/\/makingblog.audencia.com\/scroll-think\/#organization\",\"name\":\"Scroll and think\",\"url\":\"https:\/\/makingblog.audencia.com\/scroll-think\/\",\"logo\":{\"@type\":\"ImageObject\",\"inLanguage\":\"fr-FR\",\"@id\":\"https:\/\/makingblog.audencia.com\/scroll-think\/#\/schema\/logo\/image\/\",\"url\":\"https:\/\/makingblog.audencia.com\/scroll-think\/wp-content\/uploads\/2025\/10\/cropped-ChatGPT-Image-2-oct.-2025-11_39_44-3.png\",\"contentUrl\":\"https:\/\/makingblog.audencia.com\/scroll-think\/wp-content\/uploads\/2025\/10\/cropped-ChatGPT-Image-2-oct.-2025-11_39_44-3.png\",\"width\":869,\"height\":348,\"caption\":\"Scroll and think\"},\"image\":{\"@id\":\"https:\/\/makingblog.audencia.com\/scroll-think\/#\/schema\/logo\/image\/\"}}]}<\/script>\n<!-- \/ Yoast SEO plugin. -->","yoast_head_json":{"title":"\u00c0 propos - Scroll and think","robots":{"index":"index","follow":"follow","max-snippet":"max-snippet:-1","max-image-preview":"max-image-preview:large","max-video-preview":"max-video-preview:-1"},"canonical":"https:\/\/makingblog.audencia.com\/scroll-think\/a-propos-2\/","og_locale":"fr_FR","og_type":"article","og_title":"\u00c0 propos - Scroll and think","og_description":"\u00c0 Propos Des \u00e9crans plein les yeux, des questions plein la t\u00eate Nous, c\u2019est Anna et Camille.On a connu les [&hellip;]","og_url":"https:\/\/makingblog.audencia.com\/scroll-think\/a-propos-2\/","og_site_name":"Scroll and think","article_modified_time":"2025-12-03T12:46:00+00:00","og_image":[{"width":1920,"height":940,"url":"https:\/\/makingblog.audencia.com\/scroll-think\/wp-content\/uploads\/2025\/11\/SCROLL-THINK-SCROLL-THINK-SCROLL-THINK-4.png","type":"image\/png"}],"twitter_card":"summary_large_image","twitter_misc":{"Dur\u00e9e de lecture estim\u00e9e":"1 minute"},"schema":{"@context":"https:\/\/schema.org","@graph":[{"@type":"WebPage","@id":"https:\/\/makingblog.audencia.com\/scroll-think\/a-propos-2\/","url":"https:\/\/makingblog.audencia.com\/scroll-think\/a-propos-2\/","name":"\u00c0 propos - Scroll and think","isPartOf":{"@id":"https:\/\/makingblog.audencia.com\/scroll-think\/#website"},"primaryImageOfPage":{"@id":"https:\/\/makingblog.audencia.com\/scroll-think\/a-propos-2\/#primaryimage"},"image":{"@id":"https:\/\/makingblog.audencia.com\/scroll-think\/a-propos-2\/#primaryimage"},"thumbnailUrl":"https:\/\/makingblog.audencia.com\/scroll-think\/wp-content\/uploads\/2025\/11\/SCROLL-THINK-SCROLL-THINK-SCROLL-THINK-4.png","datePublished":"2025-10-20T12:53:49+00:00","dateModified":"2025-12-03T12:46:00+00:00","breadcrumb":{"@id":"https:\/\/makingblog.audencia.com\/scroll-think\/a-propos-2\/#breadcrumb"},"inLanguage":"fr-FR","potentialAction":[{"@type":"ReadAction","target":["https:\/\/makingblog.audencia.com\/scroll-think\/a-propos-2\/"]}]},{"@type":"ImageObject","inLanguage":"fr-FR","@id":"https:\/\/makingblog.audencia.com\/scroll-think\/a-propos-2\/#primaryimage","url":"https:\/\/makingblog.audencia.com\/scroll-think\/wp-content\/uploads\/2025\/11\/SCROLL-THINK-SCROLL-THINK-SCROLL-THINK-4.png","contentUrl":"https:\/\/makingblog.audencia.com\/scroll-think\/wp-content\/uploads\/2025\/11\/SCROLL-THINK-SCROLL-THINK-SCROLL-THINK-4.png","width":1920,"height":940},{"@type":"BreadcrumbList","@id":"https:\/\/makingblog.audencia.com\/scroll-think\/a-propos-2\/#breadcrumb","itemListElement":[{"@type":"ListItem","position":1,"name":"Accueil","item":"https:\/\/makingblog.audencia.com\/scroll-think\/"},{"@type":"ListItem","position":2,"name":"\u00c0 propos"}]},{"@type":"WebSite","@id":"https:\/\/makingblog.audencia.com\/scroll-think\/#website","url":"https:\/\/makingblog.audencia.com\/scroll-think\/","name":"Scroll and think","description":"","publisher":{"@id":"https:\/\/makingblog.audencia.com\/scroll-think\/#organization"},"potentialAction":[{"@type":"SearchAction","target":{"@type":"EntryPoint","urlTemplate":"https:\/\/makingblog.audencia.com\/scroll-think\/?s={search_term_string}"},"query-input":{"@type":"PropertyValueSpecification","valueRequired":true,"valueName":"search_term_string"}}],"inLanguage":"fr-FR"},{"@type":"Organization","@id":"https:\/\/makingblog.audencia.com\/scroll-think\/#organization","name":"Scroll and think","url":"https:\/\/makingblog.audencia.com\/scroll-think\/","logo":{"@type":"ImageObject","inLanguage":"fr-FR","@id":"https:\/\/makingblog.audencia.com\/scroll-think\/#\/schema\/logo\/image\/","url":"https:\/\/makingblog.audencia.com\/scroll-think\/wp-content\/uploads\/2025\/10\/cropped-ChatGPT-Image-2-oct.-2025-11_39_44-3.png","contentUrl":"https:\/\/makingblog.audencia.com\/scroll-think\/wp-content\/uploads\/2025\/10\/cropped-ChatGPT-Image-2-oct.-2025-11_39_44-3.png","width":869,"height":348,"caption":"Scroll and think"},"image":{"@id":"https:\/\/makingblog.audencia.com\/scroll-think\/#\/schema\/logo\/image\/"}}]}},"uagb_featured_image_src":{"full":false,"thumbnail":false,"medium":false,"medium_large":false,"large":false,"1536x1536":false,"2048x2048":false},"uagb_author_info":{"display_name":"Camille Levy","author_link":"https:\/\/makingblog.audencia.com\/scroll-think\/author\/camille-levy\/"},"uagb_comment_info":0,"uagb_excerpt":"\u00c0 Propos Des \u00e9crans plein les yeux, des questions plein la t\u00eate Nous, c\u2019est Anna et Camille.On a connu les [&hellip;]","_links":{"self":[{"href":"https:\/\/makingblog.audencia.com\/scroll-think\/wp-json\/wp\/v2\/pages\/61","targetHints":{"allow":["GET"]}}],"collection":[{"href":"https:\/\/makingblog.audencia.com\/scroll-think\/wp-json\/wp\/v2\/pages"}],"about":[{"href":"https:\/\/makingblog.audencia.com\/scroll-think\/wp-json\/wp\/v2\/types\/page"}],"author":[{"embeddable":true,"href":"https:\/\/makingblog.audencia.com\/scroll-think\/wp-json\/wp\/v2\/users\/2"}],"replies":[{"embeddable":true,"href":"https:\/\/makingblog.audencia.com\/scroll-think\/wp-json\/wp\/v2\/comments?post=61"}],"version-history":[{"count":19,"href":"https:\/\/makingblog.audencia.com\/scroll-think\/wp-json\/wp\/v2\/pages\/61\/revisions"}],"predecessor-version":[{"id":363,"href":"https:\/\/makingblog.audencia.com\/scroll-think\/wp-json\/wp\/v2\/pages\/61\/revisions\/363"}],"wp:attachment":[{"href":"https:\/\/makingblog.audencia.com\/scroll-think\/wp-json\/wp\/v2\/media?parent=61"}],"curies":[{"name":"wp","href":"https:\/\/api.w.org\/{rel}","templated":true}]}}