{"id":13,"date":"2024-02-08T09:08:03","date_gmt":"2024-02-08T08:08:03","guid":{"rendered":"https:\/\/makingblog.audencia.com\/quand-lart-rencontre\/?page_id=13"},"modified":"2024-03-19T18:57:58","modified_gmt":"2024-03-19T17:57:58","slug":"contact","status":"publish","type":"page","link":"https:\/\/makingblog.audencia.com\/quand-lart-rencontre\/contact\/","title":{"rendered":"Contact"},"content":{"rendered":"\t\t<div data-elementor-type=\"wp-page\" data-elementor-id=\"13\" class=\"elementor elementor-13\">\n\t\t\t\t<div class=\"elementor-element elementor-element-4b439d64 e-flex e-con-boxed e-con e-parent\" data-id=\"4b439d64\" data-element_type=\"container\" data-settings=\"{&quot;content_width&quot;:&quot;boxed&quot;}\" data-core-v316-plus=\"true\">\n\t\t\t\t\t<div class=\"e-con-inner\">\n\t\t\t\t<div class=\"elementor-element elementor-element-660c978e elementor-widget elementor-widget-text-editor\" data-id=\"660c978e\" data-element_type=\"widget\" data-widget_type=\"text-editor.default\">\n\t\t\t\t<div class=\"elementor-widget-container\">\n\t\t\t<style>\/*! elementor - v3.19.0 - 07-02-2024 *\/\n.elementor-widget-text-editor.elementor-drop-cap-view-stacked .elementor-drop-cap{background-color:#69727d;color:#fff}.elementor-widget-text-editor.elementor-drop-cap-view-framed .elementor-drop-cap{color:#69727d;border:3px solid;background-color:transparent}.elementor-widget-text-editor:not(.elementor-drop-cap-view-default) .elementor-drop-cap{margin-top:8px}.elementor-widget-text-editor:not(.elementor-drop-cap-view-default) .elementor-drop-cap-letter{width:1em;height:1em}.elementor-widget-text-editor .elementor-drop-cap{float:left;text-align:center;line-height:1;font-size:50px}.elementor-widget-text-editor .elementor-drop-cap-letter{display:inline-block}<\/style>\t\t\t\t<!-- wp:paragraph -->\n<p><span data-contrast=\"auto\">\ud83c\udfa8 <strong>Bienvenue sur Quand l\u2019art rencontre\u2026 !<\/strong><\/span><strong>\u00a0<\/strong><\/p>\n<p><span data-contrast=\"auto\">Nous sommes Jeanne et Titouan. Passionn\u00e9s de d\u00e9couvertes et toujours \u00e0 la recherche de l\u2019insolite nous vous proposons de d\u00e9couvrir avec nous comment l\u2019art s\u2019immisce dans les moindres recoins de nos vies. Ce blog est le fruit d&rsquo;une collaboration et d\u2019une exploration audacieuse, m\u00ealant l&rsquo;art \u00e0 d&rsquo;autres sph\u00e8res de la vie, pour cr\u00e9er un espace o\u00f9 la beaut\u00e9 se conjugue avec la diversit\u00e9. Ici c\u2019est l\u2019art qui vous rencontre.<\/span><span data-ccp-props=\"{&quot;201341983&quot;:0,&quot;335551550&quot;:6,&quot;335551620&quot;:6,&quot;335559740&quot;:259}\">\u00a0<\/span><\/p>\n<p><span data-contrast=\"auto\">Ici, nous voulons c\u00e9l\u00e9brer la convergence de l&rsquo;art avec des domaines moins conventionnellement artistiques. Que ce soit \u00e0 travers des articles, des interviews, des critiques ou des explorations visuelles, \u00ab\u202fQuand l\u2019art rencontre\u2026\u202f\u00bb s&rsquo;efforce de d\u00e9voiler les liens fascinants qui unissent l&rsquo;art \u00e0 la science, \u00e0 la technologie, \u00e0 la philosophie, \u00e0 la nature, et bien d&rsquo;autres encore.<\/span><span data-ccp-props=\"{&quot;201341983&quot;:0,&quot;335551550&quot;:6,&quot;335551620&quot;:6,&quot;335559740&quot;:259}\">\u00a0<\/span><\/p>\n<p><span data-contrast=\"auto\">Nous pensons que chaque domaine de la vie cache une part d&rsquo;art et que chaque discipline peut \u00eatre une source d&rsquo;inspiration. Explorez avec nous les interconnexions inattendues qui \u00e9mergent lorsque l&rsquo;art s&rsquo;accouple avec d&rsquo;autres aspects de notre monde. Vous d\u00e9couvrirez des perspectives nouvelles, des cr\u00e9ations hybrides et des collaborations insolites qui transcendent les fronti\u00e8res.<\/span><span data-ccp-props=\"{&quot;201341983&quot;:0,&quot;335551550&quot;:6,&quot;335551620&quot;:6,&quot;335559740&quot;:259}\">\u00a0<\/span><\/p>\n<p><span data-contrast=\"auto\">Que vous soyez un amateur d&rsquo;art, un curieux avide d&rsquo;explorations, ou simplement quelqu&rsquo;un en qu\u00eate de beaut\u00e9 inattendue, \u00ab\u202fQuand l\u2019art rencontre\u2026\u202f\u00bb vous invite \u00e0 vous immerger dans ce voyage o\u00f9 la cr\u00e9ativit\u00e9 n&rsquo;a pas de limites.<\/span><span data-ccp-props=\"{&quot;201341983&quot;:0,&quot;335551550&quot;:6,&quot;335551620&quot;:6,&quot;335559740&quot;:259}\">\u00a0<\/span><\/p>\n<p><strong>Rejoignez-nous dans cette aventure o\u00f9 l&rsquo;art devient une toile infinie, tiss\u00e9e avec les fils vari\u00e9s de la vie.\u00a0\u00a0<\/strong><\/p>\n<p>Pour toutes informations compl\u00e9mentaires, contactez nous : jt@artrencontre.com<\/p>\n<p>(cette adresse mail est fictive \ud83d\ude42<\/p>\n<!-- \/wp:paragraph -->\t\t\t\t\t\t<\/div>\n\t\t\t\t<\/div>\n\t\t\t\t\t<\/div>\n\t\t\t\t<\/div>\n\t\t<div class=\"elementor-element elementor-element-7ffe54a e-flex e-con-boxed e-con e-parent\" data-id=\"7ffe54a\" data-element_type=\"container\" data-settings=\"{&quot;content_width&quot;:&quot;boxed&quot;}\" data-core-v316-plus=\"true\">\n\t\t\t\t\t<div class=\"e-con-inner\">\n\t\t\t\t<div class=\"elementor-element elementor-element-9012473 elementor-widget elementor-widget-image\" data-id=\"9012473\" data-element_type=\"widget\" data-widget_type=\"image.default\">\n\t\t\t\t<div class=\"elementor-widget-container\">\n\t\t\t<style>\/*! elementor - v3.19.0 - 07-02-2024 *\/\n.elementor-widget-image{text-align:center}.elementor-widget-image a{display:inline-block}.elementor-widget-image a img[src$=\".svg\"]{width:48px}.elementor-widget-image img{vertical-align:middle;display:inline-block}<\/style>\t\t\t\t\t\t\t\t\t\t<img fetchpriority=\"high\" decoding=\"async\" width=\"1466\" height=\"864\" src=\"https:\/\/makingblog.audencia.com\/quand-lart-rencontre\/wp-content\/uploads\/2024\/02\/Capture-decran-2024-02-15-a-12.29.05.png\" class=\"attachment-2048x2048 size-2048x2048 wp-image-72\" alt=\"\" srcset=\"https:\/\/makingblog.audencia.com\/quand-lart-rencontre\/wp-content\/uploads\/2024\/02\/Capture-decran-2024-02-15-a-12.29.05.png 1466w, https:\/\/makingblog.audencia.com\/quand-lart-rencontre\/wp-content\/uploads\/2024\/02\/Capture-decran-2024-02-15-a-12.29.05-300x177.png 300w, https:\/\/makingblog.audencia.com\/quand-lart-rencontre\/wp-content\/uploads\/2024\/02\/Capture-decran-2024-02-15-a-12.29.05-1024x604.png 1024w, https:\/\/makingblog.audencia.com\/quand-lart-rencontre\/wp-content\/uploads\/2024\/02\/Capture-decran-2024-02-15-a-12.29.05-768x453.png 768w\" sizes=\"100vw\" \/>\t\t\t\t\t\t\t\t\t\t\t\t\t<\/div>\n\t\t\t\t<\/div>\n\t\t\t\t\t<\/div>\n\t\t\t\t<\/div>\n\t\t\t\t<\/div>\n\t\t","protected":false},"excerpt":{"rendered":"<p>\ud83c\udfa8 Bienvenue sur Quand l\u2019art rencontre\u2026 !\u00a0 Nous sommes Jeanne et Titouan. Passionn\u00e9s de d\u00e9couvertes et toujours \u00e0 la recherche de l\u2019insolite nous vous proposons de d\u00e9couvrir avec nous comment l\u2019art s\u2019immisce dans les moindres recoins de nos vies. Ce blog est le fruit d&rsquo;une collaboration et d\u2019une exploration audacieuse, m\u00ealant l&rsquo;art \u00e0 d&rsquo;autres sph\u00e8res &hellip; <\/p>\n<p class=\"link-more\"><a href=\"https:\/\/makingblog.audencia.com\/quand-lart-rencontre\/contact\/\" class=\"more-link\">Lire la suite de<span class=\"screen-reader-text\">\u00ab\u00a0Contact\u00a0\u00bb<\/span><\/a><\/p>\n","protected":false},"author":2,"featured_media":114,"parent":0,"menu_order":0,"comment_status":"closed","ping_status":"closed","template":"","meta":{"footnotes":""},"class_list":["post-13","page","type-page","status-publish","has-post-thumbnail","hentry"],"_links":{"self":[{"href":"https:\/\/makingblog.audencia.com\/quand-lart-rencontre\/wp-json\/wp\/v2\/pages\/13","targetHints":{"allow":["GET"]}}],"collection":[{"href":"https:\/\/makingblog.audencia.com\/quand-lart-rencontre\/wp-json\/wp\/v2\/pages"}],"about":[{"href":"https:\/\/makingblog.audencia.com\/quand-lart-rencontre\/wp-json\/wp\/v2\/types\/page"}],"author":[{"embeddable":true,"href":"https:\/\/makingblog.audencia.com\/quand-lart-rencontre\/wp-json\/wp\/v2\/users\/2"}],"replies":[{"embeddable":true,"href":"https:\/\/makingblog.audencia.com\/quand-lart-rencontre\/wp-json\/wp\/v2\/comments?post=13"}],"version-history":[{"count":16,"href":"https:\/\/makingblog.audencia.com\/quand-lart-rencontre\/wp-json\/wp\/v2\/pages\/13\/revisions"}],"predecessor-version":[{"id":230,"href":"https:\/\/makingblog.audencia.com\/quand-lart-rencontre\/wp-json\/wp\/v2\/pages\/13\/revisions\/230"}],"wp:featuredmedia":[{"embeddable":true,"href":"https:\/\/makingblog.audencia.com\/quand-lart-rencontre\/wp-json\/wp\/v2\/media\/114"}],"wp:attachment":[{"href":"https:\/\/makingblog.audencia.com\/quand-lart-rencontre\/wp-json\/wp\/v2\/media?parent=13"}],"curies":[{"name":"wp","href":"https:\/\/api.w.org\/{rel}","templated":true}]}}