{"id":12,"date":"2024-02-08T09:08:03","date_gmt":"2024-02-08T08:08:03","guid":{"rendered":"https:\/\/makingblog.audencia.com\/quand-lart-rencontre\/?page_id=12"},"modified":"2024-03-15T13:56:41","modified_gmt":"2024-03-15T12:56:41","slug":"a-propos-de","status":"publish","type":"page","link":"https:\/\/makingblog.audencia.com\/quand-lart-rencontre\/a-propos-de\/","title":{"rendered":"\u00c0 propos de nous"},"content":{"rendered":"\t\t<div data-elementor-type=\"wp-page\" data-elementor-id=\"12\" class=\"elementor elementor-12\">\n\t\t\t\t<div class=\"elementor-element elementor-element-52ec0916 e-flex e-con-boxed e-con e-parent\" data-id=\"52ec0916\" data-element_type=\"container\" data-settings=\"{&quot;content_width&quot;:&quot;boxed&quot;}\" data-core-v316-plus=\"true\">\n\t\t\t\t\t<div class=\"e-con-inner\">\n\t\t\t\t<div class=\"elementor-element elementor-element-74265e66 elementor-widget elementor-widget-text-editor\" data-id=\"74265e66\" data-element_type=\"widget\" data-widget_type=\"text-editor.default\">\n\t\t\t\t<div class=\"elementor-widget-container\">\n\t\t\t<style>\/*! elementor - v3.19.0 - 07-02-2024 *\/\n.elementor-widget-text-editor.elementor-drop-cap-view-stacked .elementor-drop-cap{background-color:#69727d;color:#fff}.elementor-widget-text-editor.elementor-drop-cap-view-framed .elementor-drop-cap{color:#69727d;border:3px solid;background-color:transparent}.elementor-widget-text-editor:not(.elementor-drop-cap-view-default) .elementor-drop-cap{margin-top:8px}.elementor-widget-text-editor:not(.elementor-drop-cap-view-default) .elementor-drop-cap-letter{width:1em;height:1em}.elementor-widget-text-editor .elementor-drop-cap{float:left;text-align:center;line-height:1;font-size:50px}.elementor-widget-text-editor .elementor-drop-cap-letter{display:inline-block}<\/style>\t\t\t\t<p>\ud83c\udfa8 Bienvenue sur Quand l\u2019art rencontre\u2026 !<\/p>\t\t\t\t\t\t<\/div>\n\t\t\t\t<\/div>\n\t\t\t\t\t<\/div>\n\t\t\t\t<\/div>\n\t\t<div class=\"elementor-element elementor-element-2fa489b e-flex e-con-boxed e-con e-parent\" data-id=\"2fa489b\" data-element_type=\"container\" data-settings=\"{&quot;content_width&quot;:&quot;boxed&quot;}\" data-core-v316-plus=\"true\">\n\t\t\t\t\t<div class=\"e-con-inner\">\n\t\t\t\t<div class=\"elementor-element elementor-element-4bedc8b elementor-widget elementor-widget-text-editor\" data-id=\"4bedc8b\" data-element_type=\"widget\" data-widget_type=\"text-editor.default\">\n\t\t\t\t<div class=\"elementor-widget-container\">\n\t\t\t\t\t\t\t<p>Nous sommes Jeanne et Titouan. Passionn\u00e9s de d\u00e9couvertes et toujours \u00e0 la recherche de l\u2019insolite nous vous proposons de d\u00e9couvrir avec nous comment l\u2019art s\u2019immisce dans les moindres recoins de nos vies.\u00a0<\/p>\t\t\t\t\t\t<\/div>\n\t\t\t\t<\/div>\n\t\t\t\t\t<\/div>\n\t\t\t\t<\/div>\n\t\t<div class=\"elementor-element elementor-element-efb6b31 e-flex e-con-boxed e-con e-parent\" data-id=\"efb6b31\" data-element_type=\"container\" data-settings=\"{&quot;content_width&quot;:&quot;boxed&quot;}\" data-core-v316-plus=\"true\">\n\t\t\t\t\t<div class=\"e-con-inner\">\n\t\t<div class=\"elementor-element elementor-element-e8ae3e9 e-con-full e-transform e-flex e-con e-child\" data-id=\"e8ae3e9\" data-element_type=\"container\" data-settings=\"{&quot;content_width&quot;:&quot;full&quot;,&quot;_transform_scale_effect&quot;:{&quot;unit&quot;:&quot;px&quot;,&quot;size&quot;:&quot;&quot;,&quot;sizes&quot;:[]},&quot;_transform_scale_effect_tablet&quot;:{&quot;unit&quot;:&quot;px&quot;,&quot;size&quot;:&quot;&quot;,&quot;sizes&quot;:[]},&quot;_transform_scale_effect_mobile&quot;:{&quot;unit&quot;:&quot;px&quot;,&quot;size&quot;:&quot;&quot;,&quot;sizes&quot;:[]}}\">\n\t\t\t\t<div class=\"elementor-element elementor-element-bc34a9e elementor-widget__width-initial elementor-widget elementor-widget-image\" data-id=\"bc34a9e\" data-element_type=\"widget\" data-widget_type=\"image.default\">\n\t\t\t\t<div class=\"elementor-widget-container\">\n\t\t\t<style>\/*! elementor - v3.19.0 - 07-02-2024 *\/\n.elementor-widget-image{text-align:center}.elementor-widget-image a{display:inline-block}.elementor-widget-image a img[src$=\".svg\"]{width:48px}.elementor-widget-image img{vertical-align:middle;display:inline-block}<\/style>\t\t\t\t\t\t\t\t\t\t<img fetchpriority=\"high\" decoding=\"async\" width=\"814\" height=\"708\" src=\"https:\/\/makingblog.audencia.com\/quand-lart-rencontre\/wp-content\/uploads\/2024\/03\/Capture-decran-2024-03-15-a-13.55.51.png\" class=\"attachment-large size-large wp-image-183\" alt=\"\" srcset=\"https:\/\/makingblog.audencia.com\/quand-lart-rencontre\/wp-content\/uploads\/2024\/03\/Capture-decran-2024-03-15-a-13.55.51.png 814w, https:\/\/makingblog.audencia.com\/quand-lart-rencontre\/wp-content\/uploads\/2024\/03\/Capture-decran-2024-03-15-a-13.55.51-300x261.png 300w\" sizes=\"100vw\" \/>\t\t\t\t\t\t\t\t\t\t\t\t\t<\/div>\n\t\t\t\t<\/div>\n\t\t\t\t<\/div>\n\t\t<div class=\"elementor-element elementor-element-7bb890f e-con-full e-flex e-con e-child\" data-id=\"7bb890f\" data-element_type=\"container\" data-settings=\"{&quot;content_width&quot;:&quot;full&quot;}\">\n\t\t\t\t<div class=\"elementor-element elementor-element-9a6137a elementor-widget elementor-widget-text-editor\" data-id=\"9a6137a\" data-element_type=\"widget\" data-widget_type=\"text-editor.default\">\n\t\t\t\t<div class=\"elementor-widget-container\">\n\t\t\t\t\t\t\t<p>Ce blog est le fruit d&rsquo;une collaboration et d\u2019une exploration audacieuse, m\u00ealant l&rsquo;art \u00e0 d&rsquo;autres sph\u00e8res de la vie, pour cr\u00e9er un espace o\u00f9 la beaut\u00e9 se conjugue avec la diversit\u00e9. Ici c\u2019est l\u2019art qui vous rencontre.<\/p>\n<p>Ici, nous voulons c\u00e9l\u00e9brer la convergence de l&rsquo;art avec des domaines moins conventionnellement artistiques. Que ce soit \u00e0 travers des articles, des interviews, des critiques ou des explorations visuelles, \u00ab\u00a0Quand l\u2019art rencontre\u2026\u00a0\u00bb s&rsquo;efforce de d\u00e9voiler les liens fascinants qui unissent l&rsquo;art \u00e0 la science, \u00e0 la technologie, \u00e0 la philosophie, \u00e0 la nature, et bien d&rsquo;autres encore.<\/p>\t\t\t\t\t\t<\/div>\n\t\t\t\t<\/div>\n\t\t\t\t<\/div>\n\t\t\t\t\t<\/div>\n\t\t\t\t<\/div>\n\t\t<div class=\"elementor-element elementor-element-e7d394e e-flex e-con-boxed e-con e-parent\" data-id=\"e7d394e\" data-element_type=\"container\" data-settings=\"{&quot;content_width&quot;:&quot;boxed&quot;}\" data-core-v316-plus=\"true\">\n\t\t\t\t\t<div class=\"e-con-inner\">\n\t\t<div class=\"elementor-element elementor-element-bb85d5b e-con-full e-flex e-con e-child\" data-id=\"bb85d5b\" data-element_type=\"container\" data-settings=\"{&quot;content_width&quot;:&quot;full&quot;}\">\n\t\t\t\t<div class=\"elementor-element elementor-element-13a8a2f elementor-widget elementor-widget-text-editor\" data-id=\"13a8a2f\" data-element_type=\"widget\" data-widget_type=\"text-editor.default\">\n\t\t\t\t<div class=\"elementor-widget-container\">\n\t\t\t\t\t\t\t<p>Nous pensons que chaque domaine de la vie cache une part d&rsquo;art et que chaque discipline peut \u00eatre une source d&rsquo;inspiration. Explorez avec nous les interconnexions inattendues qui \u00e9mergent lorsque l&rsquo;art s&rsquo;accouple avec d&rsquo;autres aspects de notre monde. Vous d\u00e9couvrirez des perspectives nouvelles, des cr\u00e9ations hybrides et des collaborations insolites qui transcendent les fronti\u00e8res.<\/p>\n<p><span style=\"color: var( --e-global-color-text ); font-family: var( --e-global-typography-text-font-family ), Sans-serif; font-weight: var( --e-global-typography-text-font-weight ); text-align: var(--text-align);\">Que vous soyez un amateur d&rsquo;art, un curieux avide d&rsquo;explorations, ou simplement quelqu&rsquo;un en qu\u00eate de beaut\u00e9 inattendue, \u00ab\u00a0Quand l\u2019art rencontre\u2026\u00a0\u00bb vous invite \u00e0 vous immerger dans ce voyage o\u00f9 la cr\u00e9ativit\u00e9 n&rsquo;a pas de limites.<\/span><\/p>\t\t\t\t\t\t<\/div>\n\t\t\t\t<\/div>\n\t\t\t\t<\/div>\n\t\t<div class=\"elementor-element elementor-element-06b2fab e-con-full e-flex e-con e-child\" data-id=\"06b2fab\" data-element_type=\"container\" data-settings=\"{&quot;content_width&quot;:&quot;full&quot;}\">\n\t\t\t\t<div class=\"elementor-element elementor-element-b208bc1 elementor-widget elementor-widget-image\" data-id=\"b208bc1\" data-element_type=\"widget\" data-widget_type=\"image.default\">\n\t\t\t\t<div class=\"elementor-widget-container\">\n\t\t\t\t\t\t\t\t\t\t\t\t\t<img decoding=\"async\" width=\"950\" height=\"634\" src=\"https:\/\/makingblog.audencia.com\/quand-lart-rencontre\/wp-content\/uploads\/2024\/03\/pexels-daian-gan-102127-1024x683.jpg\" class=\"attachment-large size-large wp-image-182\" alt=\"\" srcset=\"https:\/\/makingblog.audencia.com\/quand-lart-rencontre\/wp-content\/uploads\/2024\/03\/pexels-daian-gan-102127-1024x683.jpg 1024w, https:\/\/makingblog.audencia.com\/quand-lart-rencontre\/wp-content\/uploads\/2024\/03\/pexels-daian-gan-102127-300x200.jpg 300w, https:\/\/makingblog.audencia.com\/quand-lart-rencontre\/wp-content\/uploads\/2024\/03\/pexels-daian-gan-102127-2000x1333.jpg 2000w, https:\/\/makingblog.audencia.com\/quand-lart-rencontre\/wp-content\/uploads\/2024\/03\/pexels-daian-gan-102127-scaled-1536x1024.jpg 1536w, https:\/\/makingblog.audencia.com\/quand-lart-rencontre\/wp-content\/uploads\/2024\/03\/pexels-daian-gan-102127-scaled-2048x1366.jpg 2048w\" sizes=\"100vw\" \/>\t\t\t\t\t\t\t\t\t\t\t\t\t<\/div>\n\t\t\t\t<\/div>\n\t\t\t\t<\/div>\n\t\t\t\t\t<\/div>\n\t\t\t\t<\/div>\n\t\t<div class=\"elementor-element elementor-element-73069f7 e-con-full e-flex e-con e-parent\" data-id=\"73069f7\" data-element_type=\"container\" data-settings=\"{&quot;content_width&quot;:&quot;full&quot;}\" data-core-v316-plus=\"true\">\n\t\t\t\t<div class=\"elementor-element elementor-element-f780501 elementor-widget__width-initial elementor-widget elementor-widget-text-editor\" data-id=\"f780501\" data-element_type=\"widget\" data-widget_type=\"text-editor.default\">\n\t\t\t\t<div class=\"elementor-widget-container\">\n\t\t\t\t\t\t\t<p style=\"text-align: center;\">Rejoignez-nous dans cette aventure o\u00f9 l&rsquo;art devient une toile infinie, <span style=\"color: var( --e-global-color-text ); font-family: var( --e-global-typography-text-font-family ), Sans-serif; font-weight: var( --e-global-typography-text-font-weight );\">tiss\u00e9e avec les fils vari\u00e9s de la vie.\ud83c\udfa8<\/span><\/p>\t\t\t\t\t\t<\/div>\n\t\t\t\t<\/div>\n\t\t\t\t<\/div>\n\t\t\t\t<\/div>\n\t\t","protected":false},"excerpt":{"rendered":"<p>\ud83c\udfa8 Bienvenue sur Quand l\u2019art rencontre\u2026 ! Nous sommes Jeanne et Titouan. Passionn\u00e9s de d\u00e9couvertes et toujours \u00e0 la recherche de l\u2019insolite nous vous proposons de d\u00e9couvrir avec nous comment l\u2019art s\u2019immisce dans les moindres recoins de nos vies.\u00a0 Ce blog est le fruit d&rsquo;une collaboration et d\u2019une exploration audacieuse, m\u00ealant l&rsquo;art \u00e0 d&rsquo;autres sph\u00e8res &hellip; <\/p>\n<p class=\"link-more\"><a href=\"https:\/\/makingblog.audencia.com\/quand-lart-rencontre\/a-propos-de\/\" class=\"more-link\">Lire la suite de<span class=\"screen-reader-text\">\u00ab\u00a0\u00c0 propos de nous\u00a0\u00bb<\/span><\/a><\/p>\n","protected":false},"author":2,"featured_media":72,"parent":0,"menu_order":0,"comment_status":"closed","ping_status":"closed","template":"","meta":{"footnotes":""},"class_list":["post-12","page","type-page","status-publish","has-post-thumbnail","hentry"],"_links":{"self":[{"href":"https:\/\/makingblog.audencia.com\/quand-lart-rencontre\/wp-json\/wp\/v2\/pages\/12","targetHints":{"allow":["GET"]}}],"collection":[{"href":"https:\/\/makingblog.audencia.com\/quand-lart-rencontre\/wp-json\/wp\/v2\/pages"}],"about":[{"href":"https:\/\/makingblog.audencia.com\/quand-lart-rencontre\/wp-json\/wp\/v2\/types\/page"}],"author":[{"embeddable":true,"href":"https:\/\/makingblog.audencia.com\/quand-lart-rencontre\/wp-json\/wp\/v2\/users\/2"}],"replies":[{"embeddable":true,"href":"https:\/\/makingblog.audencia.com\/quand-lart-rencontre\/wp-json\/wp\/v2\/comments?post=12"}],"version-history":[{"count":18,"href":"https:\/\/makingblog.audencia.com\/quand-lart-rencontre\/wp-json\/wp\/v2\/pages\/12\/revisions"}],"predecessor-version":[{"id":186,"href":"https:\/\/makingblog.audencia.com\/quand-lart-rencontre\/wp-json\/wp\/v2\/pages\/12\/revisions\/186"}],"wp:featuredmedia":[{"embeddable":true,"href":"https:\/\/makingblog.audencia.com\/quand-lart-rencontre\/wp-json\/wp\/v2\/media\/72"}],"wp:attachment":[{"href":"https:\/\/makingblog.audencia.com\/quand-lart-rencontre\/wp-json\/wp\/v2\/media?parent=12"}],"curies":[{"name":"wp","href":"https:\/\/api.w.org\/{rel}","templated":true}]}}