{"id":83,"date":"2024-02-22T09:32:33","date_gmt":"2024-02-22T08:32:33","guid":{"rendered":"https:\/\/makingblog.audencia.com\/neofit\/?page_id=83"},"modified":"2024-03-17T14:31:24","modified_gmt":"2024-03-17T13:31:24","slug":"a-propos","status":"publish","type":"page","link":"https:\/\/makingblog.audencia.com\/neofit\/a-propos\/","title":{"rendered":"\u00c0 propos"},"content":{"rendered":"<p>\n\n\n<\/p>\n<p>Bienvenue sur <strong>Neofit<\/strong>, le blog d\u00e9di\u00e9 aux <strong>d\u00e9butantes<\/strong> de <strong>fitness<\/strong>, cr\u00e9\u00e9 par Kenza et Julie. Nous sommes l\u00e0 pour guider, inspirer et encourager chaque femme qui souhaite d\u00e9buter son parcours fitness avec <strong>confiance et d\u00e9termination<\/strong>.<\/p>\n<p>\n\n\n\n<\/p>\n<p>Nous comprenons les d\u00e9fis auxquels font face les d\u00e9butantes en fitness, et c&rsquo;est pourquoi nous avons cr\u00e9\u00e9 Neofit : pour vous guider dans les programmes, l&rsquo;alimentation et la r\u00e9alisation des exercices.<\/p>\n<p>\n\n\n\n<\/p>\n<p>Sur ce blog, vous trouverez des <strong>conseils pratiques, des routines d&rsquo;entra\u00eenement adapt\u00e9es aux d\u00e9butantes, des astuces nutritionnelles simples<\/strong>, et surtout, une communaut\u00e9 bienveillante pr\u00eate \u00e0 partager ses exp\u00e9riences. Neofit n&rsquo;est pas seulement un guide, c&rsquo;est une invitation \u00e0 explorer votre potentiel, \u00e0 vous sentir forte, \u00e9nergique et fi\u00e8re de chaque petit progr\u00e8s accompli.<\/p>\n<p>\n\n\n\n<\/p>\n<p>Rejoignez-nous dans cette aventure fitness, o\u00f9 chaque pas compte, chaque effort est c\u00e9l\u00e9br\u00e9, et o\u00f9 l&rsquo;objectif ultime est de se sentir bien dans son corps. Neofit, c&rsquo;est bien plus qu&rsquo;un blog, c&rsquo;est une communaut\u00e9 de femmes d\u00e9termin\u00e9es \u00e0 prendre soin d&rsquo;elles-m\u00eames et \u00e0 s&rsquo;encourager mutuellement tout au long de leur parcours.<\/p>\n<p>\n\n\n\n<\/p>\n<p>Prenez le premier pas vers une vie active, \u00e9panouissante et pleine de vitalit\u00e9 avec Neofit.<\/p>\n<p>\n\n\n\n<\/p>\n<p><strong>Croyez en vous!<\/strong><\/p>\n<p>\n\n\n\n<\/p>\n<p>Kenza et Julie<br \/><em>Fondatrices de Neofit<\/em>\n\n\n","protected":false},"excerpt":{"rendered":"<p>Bienvenue sur Neofit, le blog d\u00e9di\u00e9 aux d\u00e9butantes de fitness, cr\u00e9\u00e9 par Kenza et Julie. Nous sommes l\u00e0 pour guider, inspirer et encourager chaque femme qui souhaite d\u00e9buter son parcours fitness avec confiance et d\u00e9termination. Nous comprenons les d\u00e9fis auxquels font face les d\u00e9butantes en fitness, et c&rsquo;est pourquoi nous avons cr\u00e9\u00e9 Neofit : pour &hellip; <\/p>\n","protected":false},"author":3,"featured_media":173,"parent":0,"menu_order":0,"comment_status":"closed","ping_status":"closed","template":"","meta":{"footnotes":""},"class_list":["post-83","page","type-page","status-publish","has-post-thumbnail","hentry"],"_links":{"self":[{"href":"https:\/\/makingblog.audencia.com\/neofit\/wp-json\/wp\/v2\/pages\/83","targetHints":{"allow":["GET"]}}],"collection":[{"href":"https:\/\/makingblog.audencia.com\/neofit\/wp-json\/wp\/v2\/pages"}],"about":[{"href":"https:\/\/makingblog.audencia.com\/neofit\/wp-json\/wp\/v2\/types\/page"}],"author":[{"embeddable":true,"href":"https:\/\/makingblog.audencia.com\/neofit\/wp-json\/wp\/v2\/users\/3"}],"replies":[{"embeddable":true,"href":"https:\/\/makingblog.audencia.com\/neofit\/wp-json\/wp\/v2\/comments?post=83"}],"version-history":[{"count":12,"href":"https:\/\/makingblog.audencia.com\/neofit\/wp-json\/wp\/v2\/pages\/83\/revisions"}],"predecessor-version":[{"id":175,"href":"https:\/\/makingblog.audencia.com\/neofit\/wp-json\/wp\/v2\/pages\/83\/revisions\/175"}],"wp:featuredmedia":[{"embeddable":true,"href":"https:\/\/makingblog.audencia.com\/neofit\/wp-json\/wp\/v2\/media\/173"}],"wp:attachment":[{"href":"https:\/\/makingblog.audencia.com\/neofit\/wp-json\/wp\/v2\/media?parent=83"}],"curies":[{"name":"wp","href":"https:\/\/api.w.org\/{rel}","templated":true}]}}