{"id":66,"date":"2024-02-22T11:16:02","date_gmt":"2024-02-22T10:16:02","guid":{"rendered":"https:\/\/makingblog.audencia.com\/lumos-maxima\/?page_id=66"},"modified":"2024-03-21T08:36:17","modified_gmt":"2024-03-21T07:36:17","slug":"decryptages","status":"publish","type":"page","link":"https:\/\/makingblog.audencia.com\/lumos-maxima\/decryptages\/","title":{"rendered":"D\u00e9cryptages"},"content":{"rendered":"\n<div class=\"wp-block-cover alignfull is-light has-parallax\" style=\"min-height:100vh;aspect-ratio:unset;\"><span aria-hidden=\"true\" class=\"wp-block-cover__background has-background-dim-40 has-background-dim\" style=\"background-color:#000000\"><\/span><div role=\"img\" class=\"wp-block-cover__image-background wp-image-201 has-parallax\" style=\"background-position:50% 50%;background-image:url(https:\/\/makingblog.audencia.com\/lumos-maxima\/wp-content\/uploads\/2024\/03\/kashilembo-wabu-mVI_rIBd_4w-unsplash-scaled.jpg)\"><\/div><div class=\"wp-block-cover__inner-container is-layout-flow wp-block-cover-is-layout-flow\">\n<h2 class=\"wp-block-heading alignwide has-white-color has-text-color\" style=\"font-size:clamp(27.894px, 1.743rem + ((1vw - 3.2px) * 1.257), 48px);line-height:1.2\"><strong><em>D\u00e9cryptages&nbsp;<\/em><\/strong><br>DE VOS films pr\u00e9f\u00e9r\u00e9s<\/h2>\n<\/div><\/div>\n\n\n\n<div class=\"wp-block-group alignwide is-layout-flow wp-block-group-is-layout-flow\">\n<div class=\"wp-block-group is-layout-flow wp-block-group-is-layout-flow\" style=\"padding-top:32px\">\n<hr class=\"wp-block-separator has-text-color has-quaternary-color has-alpha-channel-opacity has-quaternary-background-color has-background is-style-wide\"\/>\n\n\n\n<div class=\"wp-block-columns is-layout-flex wp-container-core-columns-is-layout-dc7d48ea wp-block-columns-is-layout-flex\" style=\"padding-top:32px;padding-bottom:32px\">\n<div class=\"wp-block-column is-layout-flow wp-block-column-is-layout-flow\">\n<figure class=\"wp-block-image aligncenter size-large is-resized\"><a href=\"https:\/\/makingblog.audencia.com\/lumos-maxima\/2024\/03\/16\/188\/\"><img fetchpriority=\"high\" decoding=\"async\" width=\"1024\" height=\"575\" src=\"https:\/\/makingblog.audencia.com\/lumos-maxima\/wp-content\/uploads\/2024\/03\/df41902078f25a1428fbcfb3806885e1-1710138180-1024x575.jpg\" alt=\"\" class=\"wp-image-130\" style=\"width:557px;height:auto\" srcset=\"https:\/\/makingblog.audencia.com\/lumos-maxima\/wp-content\/uploads\/2024\/03\/df41902078f25a1428fbcfb3806885e1-1710138180-1024x575.jpg 1024w, https:\/\/makingblog.audencia.com\/lumos-maxima\/wp-content\/uploads\/2024\/03\/df41902078f25a1428fbcfb3806885e1-1710138180-300x169.jpg 300w, https:\/\/makingblog.audencia.com\/lumos-maxima\/wp-content\/uploads\/2024\/03\/df41902078f25a1428fbcfb3806885e1-1710138180-768x432.jpg 768w, https:\/\/makingblog.audencia.com\/lumos-maxima\/wp-content\/uploads\/2024\/03\/df41902078f25a1428fbcfb3806885e1-1710138180-1536x863.jpg 1536w, https:\/\/makingblog.audencia.com\/lumos-maxima\/wp-content\/uploads\/2024\/03\/df41902078f25a1428fbcfb3806885e1-1710138180.jpg 1920w\" sizes=\"(max-width: 1024px) 100vw, 1024px\" \/><\/a><figcaption class=\"wp-element-caption\"><em>Christopher Nolan et Emma Thomas, son \u00e9pouse, <br>lors de la remise de l&rsquo;Oscar du Meilleur film<\/em>.<\/figcaption><\/figure>\n<\/div>\n\n\n\n<div class=\"wp-block-column is-layout-flow wp-block-column-is-layout-flow\">\n<p><\/p>\n\n\n\n<p class=\"has-text-align-center has-extra-large-font-size\"><mark style=\"background-color:rgba(0, 0, 0, 0)\" class=\"has-inline-color has-primary-color\"><a href=\"https:\/\/makingblog.audencia.com\/lumos-maxima\/2024\/03\/16\/188\/\">96<sup>\u00e8me<\/sup> C\u00e9r\u00e9monie des Oscars : Oppenheimer ressort grand vainqueur<\/a><\/mark><\/p>\n\n\n\n<p class=\"has-text-align-center has-small-font-size\"><strong>Dimanche soir, la 96<sup>\u00e8me<\/sup> c\u00e9r\u00e9monie des Oscars s\u2019est tenue au Dolby Theaters, dans le quartier d\u2019Hollywood \u00e0 Los Angeles. La prestigieuse c\u00e9r\u00e9monie qui vise \u00e0 r\u00e9compenser les films sortis en 2023 \u00e0 travers 23 cat\u00e9gories \u00e9tait une nouvelle fois anim\u00e9e par Jimmy Kimmel. En France, il \u00e9tait possible de suivre la c\u00e9r\u00e9monie en direct sur Canal+, anim\u00e9e par Antoine de Caunes et Didier Allouch en direct d\u2019Hollywood.<\/strong><\/p>\n<\/div>\n<\/div>\n<\/div>\n\n\n\n<div class=\"wp-block-group is-layout-flow wp-block-group-is-layout-flow\" style=\"padding-top:32px\">\n<hr class=\"wp-block-separator has-text-color has-quaternary-color has-alpha-channel-opacity has-quaternary-background-color has-background is-style-wide\"\/>\n\n\n\n<div class=\"wp-block-columns is-layout-flex wp-container-core-columns-is-layout-dc7d48ea wp-block-columns-is-layout-flex\" style=\"padding-top:32px;padding-bottom:32px\">\n<div class=\"wp-block-column is-layout-flow wp-block-column-is-layout-flow\">\n<figure class=\"wp-block-image aligncenter size-full is-resized\"><a href=\"https:\/\/makingblog.audencia.com\/lumos-maxima\/2024\/03\/19\/258\/\"><img decoding=\"async\" width=\"1200\" height=\"694\" src=\"https:\/\/makingblog.audencia.com\/lumos-maxima\/wp-content\/uploads\/2024\/03\/bpr-character-comparisons-dune-1984-vs-dune-2020-art-paul.jpg\" alt=\"\" class=\"wp-image-136\" style=\"width:591px;height:auto\" srcset=\"https:\/\/makingblog.audencia.com\/lumos-maxima\/wp-content\/uploads\/2024\/03\/bpr-character-comparisons-dune-1984-vs-dune-2020-art-paul.jpg 1200w, https:\/\/makingblog.audencia.com\/lumos-maxima\/wp-content\/uploads\/2024\/03\/bpr-character-comparisons-dune-1984-vs-dune-2020-art-paul-300x174.jpg 300w, https:\/\/makingblog.audencia.com\/lumos-maxima\/wp-content\/uploads\/2024\/03\/bpr-character-comparisons-dune-1984-vs-dune-2020-art-paul-1024x592.jpg 1024w, https:\/\/makingblog.audencia.com\/lumos-maxima\/wp-content\/uploads\/2024\/03\/bpr-character-comparisons-dune-1984-vs-dune-2020-art-paul-768x444.jpg 768w\" sizes=\"(max-width: 1200px) 100vw, 1200px\" \/><\/a><figcaption class=\"wp-element-caption\"><em>Kyle MacLachlan incarne Paul Atr\u00e9ides dans Dune (1984). <br>Timoth\u00e9e Chalamet incarne Paul Atr\u00e9ides dans Dune (2021).<\/em><\/figcaption><\/figure>\n<\/div>\n\n\n\n<div class=\"wp-block-column is-layout-flow wp-block-column-is-layout-flow\">\n<p><\/p>\n\n\n\n<p class=\"has-text-align-center has-extra-large-font-size\"><mark style=\"background-color:rgba(0, 0, 0, 0)\" class=\"has-inline-color has-primary-color\"><a href=\"https:\/\/makingblog.audencia.com\/lumos-maxima\/2024\/03\/19\/258\/\">Dune (1984) vs Dune (2021)<\/a><\/mark><\/p>\n\n\n\n<p class=\"has-text-align-center has-small-font-size\"><strong>Apr\u00e8s le succ\u00e8s de la sortie de Dune partie II par Denis Villeneuve en f\u00e9vrier dernier, il nous semblait int\u00e9ressant de revenir sur les diff\u00e9rences entre l\u2019adaptation r\u00e9alis\u00e9e par David Lynch en 1984 tr\u00e8s critiqu\u00e9e et celle r\u00e9alis\u00e9e par Villeneuve.<\/strong><\/p>\n<\/div>\n<\/div>\n<\/div>\n\n\n\n<div class=\"wp-block-group is-layout-flow wp-block-group-is-layout-flow\" style=\"padding-top:32px\">\n<hr class=\"wp-block-separator has-text-color has-quaternary-color has-alpha-channel-opacity has-quaternary-background-color has-background is-style-wide\"\/>\n\n\n\n<div class=\"wp-block-columns is-layout-flex wp-container-core-columns-is-layout-dc7d48ea wp-block-columns-is-layout-flex\" style=\"padding-top:32px;padding-bottom:32px\">\n<div class=\"wp-block-column is-layout-flow wp-block-column-is-layout-flow\">\n<figure class=\"wp-block-image aligncenter size-large is-resized\"><a href=\"https:\/\/makingblog.audencia.com\/lumos-maxima\/2024\/03\/19\/253\/\"><img decoding=\"async\" width=\"1024\" height=\"576\" src=\"https:\/\/makingblog.audencia.com\/lumos-maxima\/wp-content\/uploads\/2024\/03\/67eb8cd_1689599777290-gf-13315-msg-1024x576.jpg\" alt=\"\" class=\"wp-image-90\" style=\"width:557px;height:auto\" srcset=\"https:\/\/makingblog.audencia.com\/lumos-maxima\/wp-content\/uploads\/2024\/03\/67eb8cd_1689599777290-gf-13315-msg-1024x576.jpg 1024w, https:\/\/makingblog.audencia.com\/lumos-maxima\/wp-content\/uploads\/2024\/03\/67eb8cd_1689599777290-gf-13315-msg-300x169.jpg 300w, https:\/\/makingblog.audencia.com\/lumos-maxima\/wp-content\/uploads\/2024\/03\/67eb8cd_1689599777290-gf-13315-msg-768x432.jpg 768w, https:\/\/makingblog.audencia.com\/lumos-maxima\/wp-content\/uploads\/2024\/03\/67eb8cd_1689599777290-gf-13315-msg.jpg 1280w\" sizes=\"(max-width: 1024px) 100vw, 1024px\" \/><\/a><figcaption class=\"wp-element-caption\"><em>Benny Safdie incarne Edward Teller dans OPPENHEIMER, <br>\u00e9crit, produit et r\u00e9alis\u00e9 par Christopher Nolan.<\/em><\/figcaption><\/figure>\n<\/div>\n\n\n\n<div class=\"wp-block-column is-layout-flow wp-block-column-is-layout-flow\">\n<p><\/p>\n\n\n\n<p class=\"has-text-align-center has-extra-large-font-size\"><mark style=\"background-color:rgba(0, 0, 0, 0)\" class=\"has-inline-color has-primary-color\"><a href=\"https:\/\/makingblog.audencia.com\/lumos-maxima\/2024\/03\/19\/253\/\">OPPENHEIMER : Comment Christopher Nolan a r\u00e9alis\u00e9 la sc\u00e8ne de la bombe ?<\/a><\/mark><\/p>\n\n\n\n<p class=\"has-text-align-center has-small-font-size\"><strong>Le dernier film de Christopher Nolan \u201cOppenheimer\u201d sorti en juillet dernier est centr\u00e9 sur la vie de Robert Oppenheimer surnomm\u00e9 \u00e9galement \u201cle p\u00e8re de la bombe atomique\u201d. Afin de reproduire la sc\u00e8ne de l\u2019explosion, le r\u00e9alisateur a pr\u00e9f\u00e9r\u00e9 une approche plus authentique sans recourir aux effets sp\u00e9ciaux num\u00e9riques. Comment le r\u00e9alisateur a-t-il cr\u00e9\u00e9 cette s\u00e9quence impressionnante? On vous explique ses secrets de fabrication.<\/strong><\/p>\n<\/div>\n<\/div>\n<\/div>\n<\/div>\n\n\n\n<div class=\"wp-block-group has-global-padding is-layout-constrained wp-block-group-is-layout-constrained\" style=\"margin-top:0px;margin-bottom:0px\">\n<div class=\"wp-block-group alignfull has-global-padding is-layout-constrained wp-block-group-is-layout-constrained\">\n<div class=\"wp-block-group alignwide is-content-justification-space-between is-layout-flex wp-container-core-group-is-layout-5155a615 wp-block-group-is-layout-flex\">\n<div class=\"wp-block-group is-layout-flex wp-container-core-group-is-layout-75982df3 wp-block-group-is-layout-flex\">\n<div class=\"wp-block-group alignwide is-content-justification-left is-layout-flex wp-container-core-group-is-layout-2160ff9c wp-block-group-is-layout-flex\">\n<p class=\"has-small-font-size\">\u00a9 2023<\/p>\n\n\n<p class=\"wp-block-site-title has-small-font-size\"><a href=\"https:\/\/makingblog.audencia.com\/lumos-maxima\" target=\"_self\" rel=\"home\">LUMOS MAXIMA<\/a><\/p><\/div>\n\n\n\n<p class=\"has-secondary-color has-text-color has-small-font-size\">Theme by <a href=\"https:\/\/andersnoren.se\">Anders Nor\u00e9n<\/a><\/p>\n<\/div>\n\n\n\n<ul class=\"wp-block-social-links has-icon-color is-style-logos-only is-content-justification-right is-layout-flex wp-container-core-social-links-is-layout-d445cf74 wp-block-social-links-is-layout-flex\"><li style=\"color:inherit;\" class=\"wp-social-link wp-social-link-facebook has-foreground-color wp-block-social-link\"><a href=\"https:\/\/facebook.com\" class=\"wp-block-social-link-anchor\"><svg width=\"24\" height=\"24\" viewBox=\"0 0 24 24\" version=\"1.1\" xmlns=\"http:\/\/www.w3.org\/2000\/svg\" aria-hidden=\"true\" focusable=\"false\"><path d=\"M12 2C6.5 2 2 6.5 2 12c0 5 3.7 9.1 8.4 9.9v-7H7.9V12h2.5V9.8c0-2.5 1.5-3.9 3.8-3.9 1.1 0 2.2.2 2.2.2v2.5h-1.3c-1.2 0-1.6.8-1.6 1.6V12h2.8l-.4 2.9h-2.3v7C18.3 21.1 22 17 22 12c0-5.5-4.5-10-10-10z\"><\/path><\/svg><span class=\"wp-block-social-link-label screen-reader-text\">Facebook<\/span><\/a><\/li>\n\n<li style=\"color:inherit;\" class=\"wp-social-link wp-social-link-instagram has-foreground-color wp-block-social-link\"><a href=\"https:\/\/instagram.com\" class=\"wp-block-social-link-anchor\"><svg width=\"24\" height=\"24\" viewBox=\"0 0 24 24\" version=\"1.1\" xmlns=\"http:\/\/www.w3.org\/2000\/svg\" aria-hidden=\"true\" focusable=\"false\"><path d=\"M12,4.622c2.403,0,2.688,0.009,3.637,0.052c0.877,0.04,1.354,0.187,1.671,0.31c0.42,0.163,0.72,0.358,1.035,0.673 c0.315,0.315,0.51,0.615,0.673,1.035c0.123,0.317,0.27,0.794,0.31,1.671c0.043,0.949,0.052,1.234,0.052,3.637 s-0.009,2.688-0.052,3.637c-0.04,0.877-0.187,1.354-0.31,1.671c-0.163,0.42-0.358,0.72-0.673,1.035 c-0.315,0.315-0.615,0.51-1.035,0.673c-0.317,0.123-0.794,0.27-1.671,0.31c-0.949,0.043-1.233,0.052-3.637,0.052 s-2.688-0.009-3.637-0.052c-0.877-0.04-1.354-0.187-1.671-0.31c-0.42-0.163-0.72-0.358-1.035-0.673 c-0.315-0.315-0.51-0.615-0.673-1.035c-0.123-0.317-0.27-0.794-0.31-1.671C4.631,14.688,4.622,14.403,4.622,12 s0.009-2.688,0.052-3.637c0.04-0.877,0.187-1.354,0.31-1.671c0.163-0.42,0.358-0.72,0.673-1.035 c0.315-0.315,0.615-0.51,1.035-0.673c0.317-0.123,0.794-0.27,1.671-0.31C9.312,4.631,9.597,4.622,12,4.622 M12,3 C9.556,3,9.249,3.01,8.289,3.054C7.331,3.098,6.677,3.25,6.105,3.472C5.513,3.702,5.011,4.01,4.511,4.511 c-0.5,0.5-0.808,1.002-1.038,1.594C3.25,6.677,3.098,7.331,3.054,8.289C3.01,9.249,3,9.556,3,12c0,2.444,0.01,2.751,0.054,3.711 c0.044,0.958,0.196,1.612,0.418,2.185c0.23,0.592,0.538,1.094,1.038,1.594c0.5,0.5,1.002,0.808,1.594,1.038 c0.572,0.222,1.227,0.375,2.185,0.418C9.249,20.99,9.556,21,12,21s2.751-0.01,3.711-0.054c0.958-0.044,1.612-0.196,2.185-0.418 c0.592-0.23,1.094-0.538,1.594-1.038c0.5-0.5,0.808-1.002,1.038-1.594c0.222-0.572,0.375-1.227,0.418-2.185 C20.99,14.751,21,14.444,21,12s-0.01-2.751-0.054-3.711c-0.044-0.958-0.196-1.612-0.418-2.185c-0.23-0.592-0.538-1.094-1.038-1.594 c-0.5-0.5-1.002-0.808-1.594-1.038c-0.572-0.222-1.227-0.375-2.185-0.418C14.751,3.01,14.444,3,12,3L12,3z M12,7.378 c-2.552,0-4.622,2.069-4.622,4.622S9.448,16.622,12,16.622s4.622-2.069,4.622-4.622S14.552,7.378,12,7.378z M12,15 c-1.657,0-3-1.343-3-3s1.343-3,3-3s3,1.343,3,3S13.657,15,12,15z M16.804,6.116c-0.596,0-1.08,0.484-1.08,1.08 s0.484,1.08,1.08,1.08c0.596,0,1.08-0.484,1.08-1.08S17.401,6.116,16.804,6.116z\"><\/path><\/svg><span class=\"wp-block-social-link-label screen-reader-text\">Instagram<\/span><\/a><\/li>\n\n<li style=\"color:inherit;\" class=\"wp-social-link wp-social-link-linkedin has-foreground-color wp-block-social-link\"><a href=\"https:\/\/linkedin.com\" class=\"wp-block-social-link-anchor\"><svg width=\"24\" height=\"24\" viewBox=\"0 0 24 24\" version=\"1.1\" xmlns=\"http:\/\/www.w3.org\/2000\/svg\" aria-hidden=\"true\" focusable=\"false\"><path d=\"M19.7,3H4.3C3.582,3,3,3.582,3,4.3v15.4C3,20.418,3.582,21,4.3,21h15.4c0.718,0,1.3-0.582,1.3-1.3V4.3 C21,3.582,20.418,3,19.7,3z M8.339,18.338H5.667v-8.59h2.672V18.338z M7.004,8.574c-0.857,0-1.549-0.694-1.549-1.548 c0-0.855,0.691-1.548,1.549-1.548c0.854,0,1.547,0.694,1.547,1.548C8.551,7.881,7.858,8.574,7.004,8.574z M18.339,18.338h-2.669 v-4.177c0-0.996-0.017-2.278-1.387-2.278c-1.389,0-1.601,1.086-1.601,2.206v4.249h-2.667v-8.59h2.559v1.174h0.037 c0.356-0.675,1.227-1.387,2.526-1.387c2.703,0,3.203,1.779,3.203,4.092V18.338z\"><\/path><\/svg><span class=\"wp-block-social-link-label screen-reader-text\">LinkedIn<\/span><\/a><\/li><\/ul>\n<\/div>\n<\/div>\n<\/div>\n","protected":false},"excerpt":{"rendered":"<p>96\u00e8me C\u00e9r\u00e9monie des Oscars : Oppenheimer ressort grand vainqueur Dimanche soir, la 96\u00e8me c\u00e9r\u00e9monie des Oscars s\u2019est tenue au Dolby Theaters, dans le quartier d\u2019Hollywood \u00e0 Los Angeles. La prestigieuse c\u00e9r\u00e9monie qui vise \u00e0 r\u00e9compenser les films sortis en 2023 \u00e0 travers 23 cat\u00e9gories \u00e9tait une nouvelle fois anim\u00e9e par Jimmy Kimmel. En France, il [&hellip;]<\/p>\n","protected":false},"author":3,"featured_media":0,"parent":0,"menu_order":0,"comment_status":"closed","ping_status":"closed","template":"","meta":{"footnotes":""},"class_list":["post-66","page","type-page","status-publish","hentry"],"_links":{"self":[{"href":"https:\/\/makingblog.audencia.com\/lumos-maxima\/wp-json\/wp\/v2\/pages\/66","targetHints":{"allow":["GET"]}}],"collection":[{"href":"https:\/\/makingblog.audencia.com\/lumos-maxima\/wp-json\/wp\/v2\/pages"}],"about":[{"href":"https:\/\/makingblog.audencia.com\/lumos-maxima\/wp-json\/wp\/v2\/types\/page"}],"author":[{"embeddable":true,"href":"https:\/\/makingblog.audencia.com\/lumos-maxima\/wp-json\/wp\/v2\/users\/3"}],"replies":[{"embeddable":true,"href":"https:\/\/makingblog.audencia.com\/lumos-maxima\/wp-json\/wp\/v2\/comments?post=66"}],"version-history":[{"count":18,"href":"https:\/\/makingblog.audencia.com\/lumos-maxima\/wp-json\/wp\/v2\/pages\/66\/revisions"}],"predecessor-version":[{"id":275,"href":"https:\/\/makingblog.audencia.com\/lumos-maxima\/wp-json\/wp\/v2\/pages\/66\/revisions\/275"}],"wp:attachment":[{"href":"https:\/\/makingblog.audencia.com\/lumos-maxima\/wp-json\/wp\/v2\/media?parent=66"}],"curies":[{"name":"wp","href":"https:\/\/api.w.org\/{rel}","templated":true}]}}