{"id":146,"date":"2024-02-22T10:02:08","date_gmt":"2024-02-22T09:02:08","guid":{"rendered":"https:\/\/makingblog.audencia.com\/inner-rise\/?page_id=146"},"modified":"2024-03-14T09:24:43","modified_gmt":"2024-03-14T08:24:43","slug":"a-propos","status":"publish","type":"page","link":"https:\/\/makingblog.audencia.com\/inner-rise\/","title":{"rendered":"\u00c0 propos"},"content":{"rendered":"\t\t<div data-elementor-type=\"wp-page\" data-elementor-id=\"146\" class=\"elementor elementor-146\">\n\t\t\t\t<div class=\"elementor-element elementor-element-a534d52 e-flex e-con-boxed e-con e-parent\" data-id=\"a534d52\" data-element_type=\"container\" data-settings=\"{&quot;content_width&quot;:&quot;boxed&quot;}\" data-core-v316-plus=\"true\">\n\t\t\t\t\t<div class=\"e-con-inner\">\n\t\t\t\t<div class=\"elementor-element elementor-element-8f2e8f6 elementor-widget elementor-widget-text-editor\" data-id=\"8f2e8f6\" data-element_type=\"widget\" data-widget_type=\"text-editor.default\">\n\t\t\t\t<div class=\"elementor-widget-container\">\n\t\t\t<style>\/*! elementor - v3.19.0 - 07-02-2024 *\/\n.elementor-widget-text-editor.elementor-drop-cap-view-stacked .elementor-drop-cap{background-color:#69727d;color:#fff}.elementor-widget-text-editor.elementor-drop-cap-view-framed .elementor-drop-cap{color:#69727d;border:3px solid;background-color:transparent}.elementor-widget-text-editor:not(.elementor-drop-cap-view-default) .elementor-drop-cap{margin-top:8px}.elementor-widget-text-editor:not(.elementor-drop-cap-view-default) .elementor-drop-cap-letter{width:1em;height:1em}.elementor-widget-text-editor .elementor-drop-cap{float:left;text-align:center;line-height:1;font-size:50px}.elementor-widget-text-editor .elementor-drop-cap-letter{display:inline-block}<\/style>\t\t\t\t<p><span style=\"caret-color: #000000; color: #000000; font-family: georgia, palatino, serif; text-align: var(--text-align);\">Bienvenue sur Inner Rise, l&rsquo;endroit id\u00e9al pour les jeunes esprits curieux en qu\u00eate de croissance personnelle, d&rsquo;\u00e9mancipation et de compr\u00e9hension des nuances de la vie moderne.\u00a0<\/span><\/p>\t\t\t\t\t\t<\/div>\n\t\t\t\t<\/div>\n\t\t\t\t\t<\/div>\n\t\t\t\t<\/div>\n\t\t<div class=\"elementor-element elementor-element-9259de3 e-flex e-con-boxed e-con e-parent\" data-id=\"9259de3\" data-element_type=\"container\" data-settings=\"{&quot;content_width&quot;:&quot;boxed&quot;}\" data-core-v316-plus=\"true\">\n\t\t\t\t\t<div class=\"e-con-inner\">\n\t\t\t\t<div class=\"elementor-element elementor-element-d54ffdb elementor-widget elementor-widget-text-editor\" data-id=\"d54ffdb\" data-element_type=\"widget\" data-widget_type=\"text-editor.default\">\n\t\t\t\t<div class=\"elementor-widget-container\">\n\t\t\t\t\t\t\t<p><span style=\"color: #000000;\"><strong><span style=\"caret-color: #000000; font-family: georgia, palatino, serif;\"><span class=\"ui-provider a b c d e f g h i j k l m n o p q r s t u v w x y z ab ac ae af ag ah ai aj ak\" dir=\"ltr\">Qui sommes-nous ?\u2728<\/span><\/span><\/strong><\/span><\/p><p><span style=\"caret-color: #000000; color: #000000; font-family: georgia, palatino, serif;\"><span class=\"ui-provider a b c d e f g h i j k l m n o p q r s t u v w x y z ab ac ae af ag ah ai aj ak\" dir=\"ltr\">Alba et Charlotte, deux super copines rencontr\u00e9es lors de nos \u00e9tudes en communication \u00e0 Audencia. Unies par des passions communes telles que le d\u00e9veloppement personnel, le sport, la mode et la joie de vivre, nous sommes l\u00e0 pour cr\u00e9er un espace o\u00f9 les jeunes adultes peuvent se retrouver, s&rsquo;identifier et partager leurs exp\u00e9riences.<\/span><\/span><\/p>\t\t\t\t\t\t<\/div>\n\t\t\t\t<\/div>\n\t\t\t\t\t<\/div>\n\t\t\t\t<\/div>\n\t\t<div class=\"elementor-element elementor-element-4981324 e-flex e-con-boxed e-con e-parent\" data-id=\"4981324\" data-element_type=\"container\" data-settings=\"{&quot;content_width&quot;:&quot;boxed&quot;}\" data-core-v316-plus=\"true\">\n\t\t\t\t\t<div class=\"e-con-inner\">\n\t\t\t\t<div class=\"elementor-element elementor-element-f5a1f76 elementor-widget elementor-widget-text-editor\" data-id=\"f5a1f76\" data-element_type=\"widget\" data-widget_type=\"text-editor.default\">\n\t\t\t\t<div class=\"elementor-widget-container\">\n\t\t\t\t\t\t\t<p><strong><span style=\"caret-color: #000000; color: #000000; font-family: georgia, palatino, serif;\"><span class=\"ui-provider a b c d e f g h i j k l m n o p q r s t u v w x y z ab ac ae af ag ah ai aj ak\" dir=\"ltr\">De quoi allons-nous parler ?\u2728<\/span><\/span><\/strong><\/p><p><span style=\"caret-color: #000000; color: #000000; font-family: georgia, palatino, serif;\"><span class=\"ui-provider a b c d e f g h i j k l m n o p q r s t u v w x y z ab ac ae af ag ah ai aj ak\" dir=\"ltr\">Chez Inner Rise, nous explorons les facettes de la vie quotidienne \u00e0 travers des t\u00e9moignages authentiques, des conseils pratiques et des analyses approfondies. Notre contenu aborde des th\u00e8mes tels que la vie amoureuse, l&rsquo;\u00e9mancipation, les \u00e9tudes, la recherche de soi, les amiti\u00e9s, et bien d&rsquo;autres encore. Chaque article vise \u00e0 apporter des r\u00e9ponses concr\u00e8tes aux questions qui traversent l&rsquo;esprit de nombreux jeunes.<\/span><\/span><\/p>\t\t\t\t\t\t<\/div>\n\t\t\t\t<\/div>\n\t\t\t\t\t<\/div>\n\t\t\t\t<\/div>\n\t\t<div class=\"elementor-element elementor-element-fd59100 e-flex e-con-boxed e-con e-parent\" data-id=\"fd59100\" data-element_type=\"container\" data-settings=\"{&quot;content_width&quot;:&quot;boxed&quot;}\" data-core-v316-plus=\"true\">\n\t\t\t\t\t<div class=\"e-con-inner\">\n\t\t<div class=\"elementor-element elementor-element-cfb2953 e-con-full e-flex e-con e-child\" data-id=\"cfb2953\" data-element_type=\"container\" data-settings=\"{&quot;content_width&quot;:&quot;full&quot;}\">\n\t\t\t\t<div class=\"elementor-element elementor-element-ef64268 elementor-widget elementor-widget-image\" data-id=\"ef64268\" data-element_type=\"widget\" data-widget_type=\"image.default\">\n\t\t\t\t<div class=\"elementor-widget-container\">\n\t\t\t<style>\/*! elementor - v3.19.0 - 07-02-2024 *\/\n.elementor-widget-image{text-align:center}.elementor-widget-image a{display:inline-block}.elementor-widget-image a img[src$=\".svg\"]{width:48px}.elementor-widget-image img{vertical-align:middle;display:inline-block}<\/style>\t\t\t\t\t\t\t\t\t\t<img fetchpriority=\"high\" decoding=\"async\" width=\"491\" height=\"687\" src=\"https:\/\/makingblog.audencia.com\/inner-rise\/wp-content\/uploads\/2024\/02\/Image-5.jpeg\" class=\"attachment-large size-large wp-image-170\" alt=\"\" srcset=\"https:\/\/makingblog.audencia.com\/inner-rise\/wp-content\/uploads\/2024\/02\/Image-5.jpeg 491w, https:\/\/makingblog.audencia.com\/inner-rise\/wp-content\/uploads\/2024\/02\/Image-5-214x300.jpeg 214w, https:\/\/makingblog.audencia.com\/inner-rise\/wp-content\/uploads\/2024\/02\/Image-5-43x60.jpeg 43w\" sizes=\"(max-width: 491px) 100vw, 491px\" \/>\t\t\t\t\t\t\t\t\t\t\t\t\t<\/div>\n\t\t\t\t<\/div>\n\t\t\t\t<\/div>\n\t\t<div class=\"elementor-element elementor-element-ccccd38 e-con-full e-flex e-con e-child\" data-id=\"ccccd38\" data-element_type=\"container\" data-settings=\"{&quot;content_width&quot;:&quot;full&quot;}\">\n\t\t\t\t<div class=\"elementor-element elementor-element-e8f7c4d elementor-widget elementor-widget-image\" data-id=\"e8f7c4d\" data-element_type=\"widget\" data-widget_type=\"image.default\">\n\t\t\t\t<div class=\"elementor-widget-container\">\n\t\t\t\t\t\t\t\t\t\t\t\t\t<img decoding=\"async\" width=\"657\" height=\"920\" src=\"https:\/\/makingblog.audencia.com\/inner-rise\/wp-content\/uploads\/2024\/02\/Image-2.jpeg\" class=\"attachment-large size-large wp-image-173\" alt=\"\" srcset=\"https:\/\/makingblog.audencia.com\/inner-rise\/wp-content\/uploads\/2024\/02\/Image-2.jpeg 657w, https:\/\/makingblog.audencia.com\/inner-rise\/wp-content\/uploads\/2024\/02\/Image-2-214x300.jpeg 214w, https:\/\/makingblog.audencia.com\/inner-rise\/wp-content\/uploads\/2024\/02\/Image-2-43x60.jpeg 43w\" sizes=\"(max-width: 657px) 100vw, 657px\" \/>\t\t\t\t\t\t\t\t\t\t\t\t\t<\/div>\n\t\t\t\t<\/div>\n\t\t\t\t<\/div>\n\t\t<div class=\"elementor-element elementor-element-84d0a4c e-con-full e-flex e-con e-child\" data-id=\"84d0a4c\" data-element_type=\"container\" data-settings=\"{&quot;content_width&quot;:&quot;full&quot;}\">\n\t\t\t\t<div class=\"elementor-element elementor-element-2af962e elementor-widget elementor-widget-image\" data-id=\"2af962e\" data-element_type=\"widget\" data-widget_type=\"image.default\">\n\t\t\t\t<div class=\"elementor-widget-container\">\n\t\t\t\t\t\t\t\t\t\t\t\t\t<img decoding=\"async\" width=\"537\" height=\"752\" src=\"https:\/\/makingblog.audencia.com\/inner-rise\/wp-content\/uploads\/2024\/02\/Image-4.jpeg\" class=\"attachment-large size-large wp-image-171\" alt=\"\" srcset=\"https:\/\/makingblog.audencia.com\/inner-rise\/wp-content\/uploads\/2024\/02\/Image-4.jpeg 537w, https:\/\/makingblog.audencia.com\/inner-rise\/wp-content\/uploads\/2024\/02\/Image-4-214x300.jpeg 214w, https:\/\/makingblog.audencia.com\/inner-rise\/wp-content\/uploads\/2024\/02\/Image-4-43x60.jpeg 43w\" sizes=\"(max-width: 537px) 100vw, 537px\" \/>\t\t\t\t\t\t\t\t\t\t\t\t\t<\/div>\n\t\t\t\t<\/div>\n\t\t\t\t<\/div>\n\t\t<div class=\"elementor-element elementor-element-d1f3be7 e-con-full e-flex e-con e-child\" data-id=\"d1f3be7\" data-element_type=\"container\" data-settings=\"{&quot;content_width&quot;:&quot;full&quot;}\">\n\t\t\t\t<div class=\"elementor-element elementor-element-ff83663 elementor-widget elementor-widget-image\" data-id=\"ff83663\" data-element_type=\"widget\" data-widget_type=\"image.default\">\n\t\t\t\t<div class=\"elementor-widget-container\">\n\t\t\t\t\t\t\t\t\t\t\t\t\t<img loading=\"lazy\" decoding=\"async\" width=\"564\" height=\"790\" src=\"https:\/\/makingblog.audencia.com\/inner-rise\/wp-content\/uploads\/2024\/02\/Image-1.jpeg\" class=\"attachment-large size-large wp-image-169\" alt=\"\" srcset=\"https:\/\/makingblog.audencia.com\/inner-rise\/wp-content\/uploads\/2024\/02\/Image-1.jpeg 564w, https:\/\/makingblog.audencia.com\/inner-rise\/wp-content\/uploads\/2024\/02\/Image-1-214x300.jpeg 214w, https:\/\/makingblog.audencia.com\/inner-rise\/wp-content\/uploads\/2024\/02\/Image-1-43x60.jpeg 43w\" sizes=\"(max-width: 564px) 100vw, 564px\" \/>\t\t\t\t\t\t\t\t\t\t\t\t\t<\/div>\n\t\t\t\t<\/div>\n\t\t\t\t<\/div>\n\t\t\t\t\t<\/div>\n\t\t\t\t<\/div>\n\t\t<div class=\"elementor-element elementor-element-db89ad1 e-flex e-con-boxed e-con e-parent\" data-id=\"db89ad1\" data-element_type=\"container\" data-settings=\"{&quot;content_width&quot;:&quot;boxed&quot;}\" data-core-v316-plus=\"true\">\n\t\t\t\t\t<div class=\"e-con-inner\">\n\t\t\t\t<div class=\"elementor-element elementor-element-cc01dee elementor-widget elementor-widget-text-editor\" data-id=\"cc01dee\" data-element_type=\"widget\" data-widget_type=\"text-editor.default\">\n\t\t\t\t<div class=\"elementor-widget-container\">\n\t\t\t\t\t\t\t<p><strong><span style=\"caret-color: #000000; color: #000000; font-family: georgia, palatino, serif;\"><span class=\"ui-provider a b c d e f g h i j k l m n o p q r s t u v w x y z ab ac ae af ag ah ai aj ak\" dir=\"ltr\">O\u00f9 nous trouver ?\u2728<\/span><\/span><\/strong><\/p><p><span style=\"caret-color: #000000; color: #000000; font-family: georgia, palatino, serif;\"><span class=\"ui-provider a b c d e f g h i j k l m n o p q r s t u v w x y z ab ac ae af ag ah ai aj ak\" dir=\"ltr\">Vous pouvez suivre nos aventures et d\u00e9couvrir du contenu exclusif sur notre blog, et \u00e9galement sur Instagram et Pinterest. Rejoignez notre communaut\u00e9 en ligne et soyez le premier \u00e0 profiter de nos publications, carrousels photos inspirants, moodboards cr\u00e9atifs et bien plus encore.<\/span><\/span><\/p>\t\t\t\t\t\t<\/div>\n\t\t\t\t<\/div>\n\t\t\t\t\t<\/div>\n\t\t\t\t<\/div>\n\t\t<div class=\"elementor-element elementor-element-378177b e-flex e-con-boxed e-con e-parent\" data-id=\"378177b\" data-element_type=\"container\" data-settings=\"{&quot;content_width&quot;:&quot;boxed&quot;}\" data-core-v316-plus=\"true\">\n\t\t\t\t\t<div class=\"e-con-inner\">\n\t\t\t\t<div class=\"elementor-element elementor-element-1e0bc19 elementor-widget elementor-widget-text-editor\" data-id=\"1e0bc19\" data-element_type=\"widget\" data-widget_type=\"text-editor.default\">\n\t\t\t\t<div class=\"elementor-widget-container\">\n\t\t\t\t\t\t\t<p><strong><span style=\"font-family: georgia, palatino, serif; color: #000000;\">Pourquoi Inner Rise ?\u2728<\/span><\/strong><\/p><p><span style=\"font-family: georgia, palatino, serif; color: #000000;\">Le choix du titre \u00ab\u00a0Inner Rise\u00a0\u00bb pour notre blog est profond\u00e9ment ancr\u00e9 dans la philosophie que nous souhaitons transmettre. \u00ab\u00a0Inner Rise\u00a0\u00bb repr\u00e9sente l&rsquo;id\u00e9e que la v\u00e9ritable croissance, la puissance int\u00e9rieure, se trouve en chacun de nous. C&rsquo;est un appel \u00e0 explorer notre potentiel, \u00e0 \u00e9lever notre \u00eatre int\u00e9rieur, et \u00e0 embrasser le processus de devenir la meilleure version de nous-m\u00eames.<\/span><br \/><span style=\"font-family: georgia, palatino, serif; color: #000000;\">\u00ab\u00a0Inner Rise\u00a0\u00bb \u00e9voque \u00e9galement l&rsquo;id\u00e9e d&rsquo;une ascension personnelle, d&rsquo;un voyage int\u00e9rieur vers la confiance en soi, la compr\u00e9hension de ses \u00e9motions et la d\u00e9couverte de sa v\u00e9ritable identit\u00e9. C&rsquo;est un rappel que la v\u00e9ritable transformation commence \u00e0 l&rsquo;int\u00e9rieur, influen\u00e7ant positivement tous les aspects de notre vie ext\u00e9rieure.<\/span><\/p>\t\t\t\t\t\t<\/div>\n\t\t\t\t<\/div>\n\t\t\t\t\t<\/div>\n\t\t\t\t<\/div>\n\t\t<div class=\"elementor-element elementor-element-1a19d05 e-flex e-con-boxed e-con e-parent\" data-id=\"1a19d05\" data-element_type=\"container\" data-settings=\"{&quot;content_width&quot;:&quot;boxed&quot;}\" data-core-v316-plus=\"true\">\n\t\t\t\t\t<div class=\"e-con-inner\">\n\t\t\t\t<div class=\"elementor-element elementor-element-6ed31e8 elementor-widget elementor-widget-text-editor\" data-id=\"6ed31e8\" data-element_type=\"widget\" data-widget_type=\"text-editor.default\">\n\t\t\t\t<div class=\"elementor-widget-container\">\n\t\t\t\t\t\t\t<p><strong><span class=\"ui-provider a b c d e f g h i j k l m n o p q r s t u v w x y z ab ac ae af ag ah ai aj ak\" dir=\"ltr\" style=\"font-family: georgia, palatino, serif; color: #df7e62;\">Bienvenue sur Inner Rise, l&rsquo;endroit o\u00f9 le d\u00e9veloppement personnel rencontre les jeunes. Rejoignez-nous pour une exp\u00e9rience unique et ensemble, cr\u00e9ons une communaut\u00e9 forte et inspirante ! \ud83c\udf1f<\/span><\/strong><\/p>\t\t\t\t\t\t<\/div>\n\t\t\t\t<\/div>\n\t\t\t\t\t<\/div>\n\t\t\t\t<\/div>\n\t\t\t\t<\/div>\n\t\t","protected":false},"excerpt":{"rendered":"<p>Bienvenue sur Inner Rise, l&rsquo;endroit id\u00e9al pour les jeunes esprits curieux en qu\u00eate de croissance personnelle, d&rsquo;\u00e9mancipation et de compr\u00e9hension des nuances de la vie &hellip; <\/p>\n","protected":false},"author":2,"featured_media":0,"parent":0,"menu_order":0,"comment_status":"closed","ping_status":"closed","template":"","meta":{"footnotes":""},"class_list":["post-146","page","type-page","status-publish","hentry"],"_links":{"self":[{"href":"https:\/\/makingblog.audencia.com\/inner-rise\/wp-json\/wp\/v2\/pages\/146","targetHints":{"allow":["GET"]}}],"collection":[{"href":"https:\/\/makingblog.audencia.com\/inner-rise\/wp-json\/wp\/v2\/pages"}],"about":[{"href":"https:\/\/makingblog.audencia.com\/inner-rise\/wp-json\/wp\/v2\/types\/page"}],"author":[{"embeddable":true,"href":"https:\/\/makingblog.audencia.com\/inner-rise\/wp-json\/wp\/v2\/users\/2"}],"replies":[{"embeddable":true,"href":"https:\/\/makingblog.audencia.com\/inner-rise\/wp-json\/wp\/v2\/comments?post=146"}],"version-history":[{"count":18,"href":"https:\/\/makingblog.audencia.com\/inner-rise\/wp-json\/wp\/v2\/pages\/146\/revisions"}],"predecessor-version":[{"id":267,"href":"https:\/\/makingblog.audencia.com\/inner-rise\/wp-json\/wp\/v2\/pages\/146\/revisions\/267"}],"wp:attachment":[{"href":"https:\/\/makingblog.audencia.com\/inner-rise\/wp-json\/wp\/v2\/media?parent=146"}],"curies":[{"name":"wp","href":"https:\/\/api.w.org\/{rel}","templated":true}]}}