{"id":267,"date":"2024-02-23T09:45:37","date_gmt":"2024-02-23T08:45:37","guid":{"rendered":"https:\/\/makingblog.audencia.com\/hcg\/?page_id=267"},"modified":"2024-03-19T11:38:52","modified_gmt":"2024-03-19T10:38:52","slug":"films","status":"publish","type":"page","link":"https:\/\/makingblog.audencia.com\/hcg\/livres\/films\/","title":{"rendered":"Films"},"content":{"rendered":"\t\t<div data-elementor-type=\"wp-page\" data-elementor-id=\"267\" class=\"elementor elementor-267\">\n\t\t\t\t<div class=\"elementor-element elementor-element-521f487 e-flex e-con-boxed e-con e-parent\" data-id=\"521f487\" data-element_type=\"container\" data-settings=\"{&quot;content_width&quot;:&quot;boxed&quot;}\" data-core-v316-plus=\"true\">\n\t\t\t\t\t<div class=\"e-con-inner\">\n\t\t\t\t<div class=\"elementor-element elementor-element-1aab42d5 elementor-widget elementor-widget-text-editor\" data-id=\"1aab42d5\" data-element_type=\"widget\" data-widget_type=\"text-editor.default\">\n\t\t\t\t<div class=\"elementor-widget-container\">\n\t\t\t<style>\/*! elementor - v3.19.0 - 07-02-2024 *\/\n.elementor-widget-text-editor.elementor-drop-cap-view-stacked .elementor-drop-cap{background-color:#69727d;color:#fff}.elementor-widget-text-editor.elementor-drop-cap-view-framed .elementor-drop-cap{color:#69727d;border:3px solid;background-color:transparent}.elementor-widget-text-editor:not(.elementor-drop-cap-view-default) .elementor-drop-cap{margin-top:8px}.elementor-widget-text-editor:not(.elementor-drop-cap-view-default) .elementor-drop-cap-letter{width:1em;height:1em}.elementor-widget-text-editor .elementor-drop-cap{float:left;text-align:center;line-height:1;font-size:50px}.elementor-widget-text-editor .elementor-drop-cap-letter{display:inline-block}<\/style>\t\t\t\t<!-- wp:paragraph -->\n<p><span style=\"color: #000000;\"><strong><span style=\"font-size: 14pt;\">Les meilleurs films sur la mode et le luxe.<\/span><\/strong><\/span><\/p>\n<!-- \/wp:paragraph -->\t\t\t\t\t\t<\/div>\n\t\t\t\t<\/div>\n\t\t\t\t\t<\/div>\n\t\t\t\t<\/div>\n\t\t<div class=\"elementor-element elementor-element-6f9381ea e-flex e-con-boxed e-con e-parent\" data-id=\"6f9381ea\" data-element_type=\"container\" data-settings=\"{&quot;content_width&quot;:&quot;boxed&quot;}\" data-core-v316-plus=\"true\">\n\t\t\t\t\t<div class=\"e-con-inner\">\n\t\t<div class=\"elementor-element elementor-element-30fc1d8f e-con-full e-flex e-con e-child\" data-id=\"30fc1d8f\" data-element_type=\"container\" data-settings=\"{&quot;content_width&quot;:&quot;full&quot;}\">\n\t\t\t\t<div class=\"elementor-element elementor-element-65d26c3d elementor-widget elementor-widget-image\" data-id=\"65d26c3d\" data-element_type=\"widget\" data-widget_type=\"image.default\">\n\t\t\t\t<div class=\"elementor-widget-container\">\n\t\t\t<style>\/*! elementor - v3.19.0 - 07-02-2024 *\/\n.elementor-widget-image{text-align:center}.elementor-widget-image a{display:inline-block}.elementor-widget-image a img[src$=\".svg\"]{width:48px}.elementor-widget-image img{vertical-align:middle;display:inline-block}<\/style>\t\t\t\t\t\t\t\t\t\t<img fetchpriority=\"high\" decoding=\"async\" width=\"300\" height=\"444\" src=\"https:\/\/makingblog.audencia.com\/hcg\/wp-content\/uploads\/2024\/02\/1889995.webp\" class=\"attachment-large size-large wp-image-278\" alt=\"\" srcset=\"https:\/\/makingblog.audencia.com\/hcg\/wp-content\/uploads\/2024\/02\/1889995.webp 300w, https:\/\/makingblog.audencia.com\/hcg\/wp-content\/uploads\/2024\/02\/1889995-203x300.webp 203w\" sizes=\"100vw\" \/>\t\t\t\t\t\t\t\t\t\t\t\t\t<\/div>\n\t\t\t\t<\/div>\n\t\t\t\t<\/div>\n\t\t<div class=\"elementor-element elementor-element-383f88e e-con-full e-flex e-con e-child\" data-id=\"383f88e\" data-element_type=\"container\" data-settings=\"{&quot;content_width&quot;:&quot;full&quot;}\">\n\t\t\t\t<div class=\"elementor-element elementor-element-769873d3 elementor-widget elementor-widget-text-editor\" data-id=\"769873d3\" data-element_type=\"widget\" data-widget_type=\"text-editor.default\">\n\t\t\t\t<div class=\"elementor-widget-container\">\n\t\t\t\t\t\t\t<p><span style=\"font-size: 14pt; font-family: georgia, palatino, serif;\"><strong><span style=\"color: #2e9cca;\">House of Gucci &#8211; De Ridley Scott par Roberto Bentivegna &#8211; 2021<\/span><\/strong><\/span><\/p>\n<p><span style=\"color: #000000;\">Le\u00a0<\/span><strong><span style=\"color: #830cfa;\"><a style=\"color: #830cfa;\" href=\"https:\/\/www.allocine.fr\/film\/fichefilm_gen_cfilm=278661.html\" target=\"_blank\" rel=\"noopener\">film<\/a><\/span><\/strong><span style=\"color: #000000;\"><strong><span style=\"color: #830cfa;\">\u00a0<\/span><\/strong>raconte l&rsquo;histoire de la maison\u00a0<strong>Gucci<\/strong> dans les ann\u00e9es <strong>1970<\/strong>, confront\u00e9e \u00e0 des probl\u00e8mes internes. Les fils du fondateur, <strong>Aldo<\/strong> et <strong>Rodolfo<\/strong>, ont des visions divergentes pour l&rsquo;entreprise. Lorsque Maurizio, fils de Rodolfo, \u00e9pouse Patrizia Reggiani, une femme manipulatrice, Aldo voit une opportunit\u00e9 d&rsquo;influencer l&rsquo;avenir de l&rsquo;entreprise. Cela cr\u00e9e des<strong> tensions familiales<\/strong>, notamment avec Paolo, fils d&rsquo;Aldo, qui aspire \u00e0 une carri\u00e8re de styliste.<\/span><\/p>\n<p><span style=\"color: #000000;\"><strong><span style=\"text-decoration: underline;\">Dur\u00e9e<\/span><\/strong> : 2h 37min<\/span><\/p>\n<p><span style=\"color: #000000;\"><strong><span style=\"text-decoration: underline;\">Genre<\/span><\/strong> : Biopic, drame<\/span><\/p>\n<p><span style=\"color: #000000;\"><strong><span style=\"text-decoration: underline;\">Acteurs principaux<\/span> <\/strong>: Lady Gaga, Adam Driver, Al pacino<\/span><\/p>\n<p><span style=\"color: #000000;\"><strong><span style=\"text-decoration: underline;\">Avis<\/span><\/strong> :\u00a0<\/span><span style=\"color: #830cfa;\"><a style=\"color: #830cfa;\" href=\"https:\/\/www.allocine.fr\/film\/fichefilm-278661\/critiques\/spectateurs\/\" target=\"_blank\" rel=\"noopener\">3,6\/5<\/a><\/span><span style=\"color: #000000;\"><span style=\"color: #830cfa;\">.<\/span> \u00ab\u00a0<span style=\"font-weight: 400;\">Ce film est un vrai film de CINEMA. Tout est r\u00e9uni pour plonger avec d\u00e9lectation dans l&rsquo;univers\u00a0 GUCCI en Italie. Lady Gaga surprenante, Al PACINO remarquable, Adam DRIVER parfait, J\u00e9remy IRONS \u00e9blouissant.. La bande son, les d\u00e9cors, le sc\u00e9nario, la mise en sc\u00e8ne sont tout simplement dignes d&rsquo;un tr\u00e8s beau film tr\u00e8s bien r\u00e9alis\u00e9\u00a0\u00bb.<\/span> Touta Bakouche<\/span><\/p>\t\t\t\t\t\t<\/div>\n\t\t\t\t<\/div>\n\t\t\t\t<\/div>\n\t\t\t\t\t<\/div>\n\t\t\t\t<\/div>\n\t\t<div class=\"elementor-element elementor-element-67d49cf8 e-flex e-con-boxed e-con e-parent\" data-id=\"67d49cf8\" data-element_type=\"container\" data-settings=\"{&quot;content_width&quot;:&quot;boxed&quot;}\" data-core-v316-plus=\"true\">\n\t\t\t\t\t<div class=\"e-con-inner\">\n\t\t<div class=\"elementor-element elementor-element-6baf8994 e-con-full e-flex e-con e-child\" data-id=\"6baf8994\" data-element_type=\"container\" data-settings=\"{&quot;content_width&quot;:&quot;full&quot;}\">\n\t\t\t\t<div class=\"elementor-element elementor-element-48c80988 elementor-widget elementor-widget-text-editor\" data-id=\"48c80988\" data-element_type=\"widget\" data-widget_type=\"text-editor.default\">\n\t\t\t\t<div class=\"elementor-widget-container\">\n\t\t\t\t\t\t\t<p><span style=\"font-size: 14pt; font-family: georgia, palatino, serif;\"><strong><span style=\"color: #2e9cca;\">Coco avant Chanel &#8211; De Anne Fontaine- 2009<\/span><\/strong><\/span><\/p>\n<p><span style=\"color: #000000;\">Le<strong>\u00a0<\/strong><\/span><strong><span style=\"color: #830cfa;\"><a style=\"color: #830cfa;\" href=\"https:\/\/www.allocine.fr\/film\/fichefilm_gen_cfilm=128901.html\" target=\"_blank\" rel=\"noopener\">film<\/a><\/span><\/strong><span style=\"color: #000000;\">\u00a0\u00ab\u00a0Coco avant Chanel\u00a0\u00bb raconte l&rsquo;histoire inspirante d&rsquo;une jeune fille d\u00e9termin\u00e9e du centre de la France, qui surmonte les obstacles pour devenir une<strong> ic\u00f4ne de la mode<\/strong>, d\u00e9fiant les conventions sociales avec audace et cr\u00e9ativit\u00e9.<\/span><\/p>\n<p><span style=\"color: #000000;\"><strong><span style=\"text-decoration: underline;\">Dur\u00e9e<\/span><\/strong> : 1h50 min<\/span><\/p>\n<p><span style=\"color: #000000;\"><strong><span style=\"text-decoration: underline;\">Genre <\/span><\/strong>: Biopic<\/span><\/p>\n<p><span style=\"color: #000000;\"><strong><span style=\"text-decoration: underline;\">Acteurs principaux <\/span><\/strong>: Audrey Tautou, Benoit Poelvoorde, Alessandro Nivola<\/span><\/p>\n<p><span style=\"color: #000000;\"><strong><span style=\"text-decoration: underline;\">Avis<\/span><\/strong> :\u00a0<\/span><span style=\"color: #830cfa;\"><a style=\"color: #830cfa;\" href=\"https:\/\/www.allocine.fr\/film\/fichefilm-128901\/critiques\/spectateurs\/\">3,1\/5<\/a><\/span><span style=\"color: #000000;\"><span style=\"color: #830cfa;\">.<\/span> \u00ab\u00a0Un biopic agr\u00e9able \u00e0 visionner avec de tr\u00e8s belles images, une \u00a0mise en sc\u00e8ne classique mais efficace, un montage nerveux, d&rsquo;excellents acteurs et un personnage principal int\u00e9ressant et complexe. Les femmes y sont fort belles (Tautou bien s\u00fbr, mais aussi Marie Gillain, et Emmanuelle Devos. Poelvoorde lui, est bluffant.<span style=\"font-weight: 400;\">\u00a0\u00bb Estonius<\/span><\/span><\/p>\t\t\t\t\t\t<\/div>\n\t\t\t\t<\/div>\n\t\t\t\t<\/div>\n\t\t<div class=\"elementor-element elementor-element-27b6018e e-con-full e-flex e-con e-child\" data-id=\"27b6018e\" data-element_type=\"container\" data-settings=\"{&quot;content_width&quot;:&quot;full&quot;}\">\n\t\t\t\t<div class=\"elementor-element elementor-element-2f55ca4f elementor-widget elementor-widget-image\" data-id=\"2f55ca4f\" data-element_type=\"widget\" data-widget_type=\"image.default\">\n\t\t\t\t<div class=\"elementor-widget-container\">\n\t\t\t\t\t\t\t\t\t\t\t\t\t<img decoding=\"async\" width=\"310\" height=\"420\" src=\"https:\/\/makingblog.audencia.com\/hcg\/wp-content\/uploads\/2024\/02\/19063894.webp\" class=\"attachment-large size-large wp-image-301\" alt=\"\" srcset=\"https:\/\/makingblog.audencia.com\/hcg\/wp-content\/uploads\/2024\/02\/19063894.webp 310w, https:\/\/makingblog.audencia.com\/hcg\/wp-content\/uploads\/2024\/02\/19063894-221x300.webp 221w\" sizes=\"100vw\" \/>\t\t\t\t\t\t\t\t\t\t\t\t\t<\/div>\n\t\t\t\t<\/div>\n\t\t\t\t<\/div>\n\t\t\t\t\t<\/div>\n\t\t\t\t<\/div>\n\t\t<div class=\"elementor-element elementor-element-b87cd2e e-flex e-con-boxed e-con e-parent\" data-id=\"b87cd2e\" data-element_type=\"container\" data-settings=\"{&quot;content_width&quot;:&quot;boxed&quot;}\" data-core-v316-plus=\"true\">\n\t\t\t\t\t<div class=\"e-con-inner\">\n\t\t<div class=\"elementor-element elementor-element-8897f86 e-con-full e-flex e-con e-child\" data-id=\"8897f86\" data-element_type=\"container\" data-settings=\"{&quot;content_width&quot;:&quot;full&quot;}\">\n\t\t\t\t<div class=\"elementor-element elementor-element-f1a6e27 elementor-widget elementor-widget-image\" data-id=\"f1a6e27\" data-element_type=\"widget\" data-widget_type=\"image.default\">\n\t\t\t\t<div class=\"elementor-widget-container\">\n\t\t\t\t\t\t\t\t\t\t\t\t\t<img decoding=\"async\" width=\"310\" height=\"420\" src=\"https:\/\/makingblog.audencia.com\/hcg\/wp-content\/uploads\/2024\/02\/245119.webp\" class=\"attachment-large size-large wp-image-306\" alt=\"\" srcset=\"https:\/\/makingblog.audencia.com\/hcg\/wp-content\/uploads\/2024\/02\/245119.webp 310w, https:\/\/makingblog.audencia.com\/hcg\/wp-content\/uploads\/2024\/02\/245119-221x300.webp 221w\" sizes=\"100vw\" \/>\t\t\t\t\t\t\t\t\t\t\t\t\t<\/div>\n\t\t\t\t<\/div>\n\t\t\t\t<\/div>\n\t\t<div class=\"elementor-element elementor-element-6b7230b e-con-full e-flex e-con e-child\" data-id=\"6b7230b\" data-element_type=\"container\" data-settings=\"{&quot;content_width&quot;:&quot;full&quot;}\">\n\t\t\t\t<div class=\"elementor-element elementor-element-251547d elementor-widget elementor-widget-text-editor\" data-id=\"251547d\" data-element_type=\"widget\" data-widget_type=\"text-editor.default\">\n\t\t\t\t<div class=\"elementor-widget-container\">\n\t\t\t\t\t\t\t<p><span style=\"font-size: 14pt; font-family: georgia, palatino, serif;\"><strong><span style=\"color: #2e9cca;\">Yves Saint Laurent &#8211; De Jali Lespert &#8211; 2014<\/span><\/strong><\/span><\/p>\n<p><span style=\"color: #000000;\">Ce\u00a0<\/span><strong><a href=\"https:\/\/www.allocine.fr\/film\/fichefilm_gen_cfilm=217634.html\" target=\"_blank\" rel=\"noopener\"><span style=\"color: #830cfa;\">film<\/span>\u00a0<\/a><\/strong><span style=\"color: #000000;\">retrace <strong>l&rsquo;ascension d&rsquo;Yves Saint Laurent<\/strong>, jeune prodige de la mode, qui prend les r\u00eanes de la maison <strong>Christian Dior<\/strong> \u00e0 21 ans apr\u00e8s la mort de son fondateur. Avec Pierre Berg\u00e9 \u00e0 ses c\u00f4t\u00e9s, il cherche \u00e0 r\u00e9volutionner la mode malgr\u00e9 ses luttes personnelles.<\/span><\/p>\n<p><span style=\"color: #000000;\"><strong><span style=\"text-decoration: underline;\">Dur\u00e9e<\/span><\/strong> : 1h46 min<\/span><\/p>\n<p><span style=\"color: #000000;\"><span style=\"text-decoration: underline;\"><strong>Genre<\/strong> <\/span>: Biopic, drame<\/span><\/p>\n<p><span style=\"color: #000000;\"><strong><span style=\"text-decoration: underline;\">Acteurs principaux <\/span><\/strong>: Pierre Niney, Guillaume Gallienne, Charlotte Le Bon\u00a0<\/span><\/p>\n<p><span style=\"color: #000000;\"><strong><span style=\"text-decoration: underline;\">Avis<\/span><\/strong> :<\/span><a href=\"https:\/\/www.allocine.fr\/film\/fichefilm-217634\/critiques\/spectateurs\/\" target=\"_blank\" rel=\"noopener\"><span style=\"color: #830cfa;\">\u00a03,6\/5.<\/span><\/a><span style=\"color: #000000;\"> \u00ab\u00a0Un film fran\u00e7ais soign\u00e9 qui nous pr\u00e9sente l&rsquo;univers du grand couturier au travers de sa vie professionnelle et priv\u00e9e. La mise en sc\u00e8ne est tr\u00e8s appliqu\u00e9e et surtout, Pierre Niney et Guillaume Gallienne nous offrent des interpr\u00e9tations magistrales, et semblent impr\u00e9gn\u00e9s, chacun de leur c\u00f4t\u00e9, de leur personnage complexe<span style=\"font-weight: 400;\">\u00a0\u00bb Septembergirl<\/span><\/span><\/p>\t\t\t\t\t\t<\/div>\n\t\t\t\t<\/div>\n\t\t\t\t<\/div>\n\t\t\t\t\t<\/div>\n\t\t\t\t<\/div>\n\t\t\t\t<\/div>\n\t\t","protected":false},"excerpt":{"rendered":"<p>Les meilleurs films sur la mode et le luxe. House of Gucci &#8211; De Ridley Scott par Roberto Bentivegna &#8211; 2021 Le\u00a0film\u00a0raconte l&rsquo;histoire de la maison\u00a0Gucci dans les ann\u00e9es 1970, confront\u00e9e \u00e0 des probl\u00e8mes internes. Les fils du fondateur, Aldo et Rodolfo, ont des visions divergentes pour l&rsquo;entreprise. Lorsque Maurizio, fils de Rodolfo, \u00e9pouse Patrizia &hellip; <\/p>\n<p class=\"link-more\"><a href=\"https:\/\/makingblog.audencia.com\/hcg\/livres\/films\/\" class=\"more-link\">Lire la suite de<span class=\"screen-reader-text\">\u00ab\u00a0Films\u00a0\u00bb<\/span><\/a><\/p>\n","protected":false},"author":2,"featured_media":268,"parent":240,"menu_order":0,"comment_status":"closed","ping_status":"closed","template":"","meta":{"footnotes":""},"class_list":["post-267","page","type-page","status-publish","has-post-thumbnail","hentry"],"_links":{"self":[{"href":"https:\/\/makingblog.audencia.com\/hcg\/wp-json\/wp\/v2\/pages\/267","targetHints":{"allow":["GET"]}}],"collection":[{"href":"https:\/\/makingblog.audencia.com\/hcg\/wp-json\/wp\/v2\/pages"}],"about":[{"href":"https:\/\/makingblog.audencia.com\/hcg\/wp-json\/wp\/v2\/types\/page"}],"author":[{"embeddable":true,"href":"https:\/\/makingblog.audencia.com\/hcg\/wp-json\/wp\/v2\/users\/2"}],"replies":[{"embeddable":true,"href":"https:\/\/makingblog.audencia.com\/hcg\/wp-json\/wp\/v2\/comments?post=267"}],"version-history":[{"count":22,"href":"https:\/\/makingblog.audencia.com\/hcg\/wp-json\/wp\/v2\/pages\/267\/revisions"}],"predecessor-version":[{"id":748,"href":"https:\/\/makingblog.audencia.com\/hcg\/wp-json\/wp\/v2\/pages\/267\/revisions\/748"}],"up":[{"embeddable":true,"href":"https:\/\/makingblog.audencia.com\/hcg\/wp-json\/wp\/v2\/pages\/240"}],"wp:featuredmedia":[{"embeddable":true,"href":"https:\/\/makingblog.audencia.com\/hcg\/wp-json\/wp\/v2\/media\/268"}],"wp:attachment":[{"href":"https:\/\/makingblog.audencia.com\/hcg\/wp-json\/wp\/v2\/media?parent=267"}],"curies":[{"name":"wp","href":"https:\/\/api.w.org\/{rel}","templated":true}]}}