{"id":240,"date":"2024-02-23T09:10:31","date_gmt":"2024-02-23T08:10:31","guid":{"rendered":"https:\/\/makingblog.audencia.com\/hcg\/?page_id=240"},"modified":"2024-03-19T11:37:21","modified_gmt":"2024-03-19T10:37:21","slug":"livres","status":"publish","type":"page","link":"https:\/\/makingblog.audencia.com\/hcg\/livres\/","title":{"rendered":"Livres"},"content":{"rendered":"\t\t<div data-elementor-type=\"wp-page\" data-elementor-id=\"240\" class=\"elementor elementor-240\">\n\t\t\t\t<div class=\"elementor-element elementor-element-79c9330d e-flex e-con-boxed e-con e-parent\" data-id=\"79c9330d\" data-element_type=\"container\" data-settings=\"{&quot;content_width&quot;:&quot;boxed&quot;}\" data-core-v316-plus=\"true\">\n\t\t\t\t\t<div class=\"e-con-inner\">\n\t\t\t\t<div class=\"elementor-element elementor-element-372046e elementor-widget elementor-widget-text-editor\" data-id=\"372046e\" data-element_type=\"widget\" data-widget_type=\"text-editor.default\">\n\t\t\t\t<div class=\"elementor-widget-container\">\n\t\t\t<style>\/*! elementor - v3.19.0 - 07-02-2024 *\/\n.elementor-widget-text-editor.elementor-drop-cap-view-stacked .elementor-drop-cap{background-color:#69727d;color:#fff}.elementor-widget-text-editor.elementor-drop-cap-view-framed .elementor-drop-cap{color:#69727d;border:3px solid;background-color:transparent}.elementor-widget-text-editor:not(.elementor-drop-cap-view-default) .elementor-drop-cap{margin-top:8px}.elementor-widget-text-editor:not(.elementor-drop-cap-view-default) .elementor-drop-cap-letter{width:1em;height:1em}.elementor-widget-text-editor .elementor-drop-cap{float:left;text-align:center;line-height:1;font-size:50px}.elementor-widget-text-editor .elementor-drop-cap-letter{display:inline-block}<\/style>\t\t\t\t<p><strong><span style=\"color: #000000; font-size: 14pt;\">Voici une s\u00e9lection de livres sur la mode et le luxe. Bonne lecture.<\/span><\/strong><\/p>\t\t\t\t\t\t<\/div>\n\t\t\t\t<\/div>\n\t\t\t\t\t<\/div>\n\t\t\t\t<\/div>\n\t\t<div class=\"elementor-element elementor-element-9792b83 e-flex e-con-boxed e-con e-parent\" data-id=\"9792b83\" data-element_type=\"container\" data-settings=\"{&quot;content_width&quot;:&quot;boxed&quot;}\" data-core-v316-plus=\"true\">\n\t\t\t\t\t<div class=\"e-con-inner\">\n\t\t<div class=\"elementor-element elementor-element-ec53b86 e-con-full e-flex e-con e-child\" data-id=\"ec53b86\" data-element_type=\"container\" data-settings=\"{&quot;content_width&quot;:&quot;full&quot;}\">\n\t\t\t\t<div class=\"elementor-element elementor-element-2d12c05 elementor-widget elementor-widget-image\" data-id=\"2d12c05\" data-element_type=\"widget\" data-widget_type=\"image.default\">\n\t\t\t\t<div class=\"elementor-widget-container\">\n\t\t\t<style>\/*! elementor - v3.19.0 - 07-02-2024 *\/\n.elementor-widget-image{text-align:center}.elementor-widget-image a{display:inline-block}.elementor-widget-image a img[src$=\".svg\"]{width:48px}.elementor-widget-image img{vertical-align:middle;display:inline-block}<\/style>\t\t\t\t\t\t\t\t\t\t<img fetchpriority=\"high\" decoding=\"async\" width=\"716\" height=\"1024\" src=\"https:\/\/makingblog.audencia.com\/hcg\/wp-content\/uploads\/2024\/02\/livre-yves-saint-laurent-catwalk-775037-716x1024.webp\" class=\"attachment-large size-large wp-image-253\" alt=\"\" srcset=\"https:\/\/makingblog.audencia.com\/hcg\/wp-content\/uploads\/2024\/02\/livre-yves-saint-laurent-catwalk-775037-716x1024.webp 716w, https:\/\/makingblog.audencia.com\/hcg\/wp-content\/uploads\/2024\/02\/livre-yves-saint-laurent-catwalk-775037-210x300.webp 210w, https:\/\/makingblog.audencia.com\/hcg\/wp-content\/uploads\/2024\/02\/livre-yves-saint-laurent-catwalk-775037.webp 736w\" sizes=\"100vw\" \/>\t\t\t\t\t\t\t\t\t\t\t\t\t<\/div>\n\t\t\t\t<\/div>\n\t\t\t\t<\/div>\n\t\t<div class=\"elementor-element elementor-element-527cf65 e-con-full e-flex e-con e-child\" data-id=\"527cf65\" data-element_type=\"container\" data-settings=\"{&quot;content_width&quot;:&quot;full&quot;}\">\n\t\t\t\t<div class=\"elementor-element elementor-element-30b0741 elementor-widget elementor-widget-text-editor\" data-id=\"30b0741\" data-element_type=\"widget\" data-widget_type=\"text-editor.default\">\n\t\t\t\t<div class=\"elementor-widget-container\">\n\t\t\t\t\t\t\t<p><em><span style=\"font-size: 14pt; font-family: georgia, palatino, serif;\"><strong><span style=\"color: #2e9cca;\">Yves Saint Laurent d\u00e9fil\u00e9s &#8211; La Martiniere Eds De<\/span><\/strong><\/span><\/em><\/p><p>C\u2019est un <strong>recueil de photographies<\/strong> de d\u00e9fil\u00e9s de l\u2019ensemble de toutes les collections de haute couture cr\u00e9\u00e9es par <strong>Yves Saint Laurent<\/strong>, depuis l\u2019ouverture de sa maison en 1962 jusqu\u2019en 2002. Il y a plus de 1 000 photographies embl\u00e9matiques.\u00a0<\/p><p><strong>Prix<\/strong> :\u00a0<span style=\"color: #830cfa;\"><a style=\"color: #830cfa;\" href=\"https:\/\/www.fnac.com\/a13401193\/Olivier-Flaviano-Yves-Saint-Laurent-defiles\" target=\"_blank\" rel=\"noopener\">59\u20ac<\/a><\/span><\/p><p><strong>Avis<\/strong> :<span style=\"color: #830cfa;\">\u00a0<a style=\"color: #830cfa;\" href=\"https:\/\/www.fnac.com\/a13401193\/Olivier-Flaviano-Yves-Saint-Laurent-defiles#omnsearchpos=1\" target=\"_blank\" rel=\"noopener\">4,2\/5<\/a><\/span>\u00a0\u00ab\u00a0Magnifique livres sur les d\u00e9fil\u00e9s et collections Yves Saint Laurent couture \u00e0 travers le temps !\u00a0\u00bb L\u00e9onie.B<\/p><p>Autres livres similaires :\u00a0<span style=\"color: #830cfa;\"><a style=\"color: #830cfa;\" href=\"https:\/\/www.fnac.com\/a13655487\/Susannah-Frankel-Prada-defiles#omnsearchpos=1\" target=\"_blank\" rel=\"noopener\">Prada<\/a>,\u00a0<a style=\"color: #830cfa;\" href=\"https:\/\/www.fnac.com\/a10444995\/Alexander-Fury-Dior-Defiles#omnsearchpos=1\" target=\"_blank\" rel=\"noopener\">Dior<\/a>,\u00a0<a style=\"color: #830cfa;\" href=\"https:\/\/www.fnac.com\/a18293853\/Anders-Christian-Madsen-Givenchy-defiles#omnsearchpos=1\" target=\"_blank\" rel=\"noopener\">Givenchy<\/a>,\u00a0<a style=\"color: #830cfa;\" href=\"https:\/\/www.fnac.com\/a12101257\/Jo-Ellison-Louis-Vuitton-Defiles#omnsearchpos=1\" target=\"_blank\" rel=\"noopener\">Louis Vuitton<\/a>,\u00a0<\/span><a href=\"https:\/\/www.fnac.com\/a9701132\/Patrick-Mauries-Chanel-defiles-nouvelle-edition#omnsearchpos=1\" target=\"_blank\" rel=\"noopener\"><span style=\"color: #830cfa;\">Chanel<\/span>.<\/a><\/p>\t\t\t\t\t\t<\/div>\n\t\t\t\t<\/div>\n\t\t\t\t<\/div>\n\t\t\t\t\t<\/div>\n\t\t\t\t<\/div>\n\t\t<div class=\"elementor-element elementor-element-84146c4 e-flex e-con-boxed e-con e-parent\" data-id=\"84146c4\" data-element_type=\"container\" data-settings=\"{&quot;content_width&quot;:&quot;boxed&quot;}\" data-core-v316-plus=\"true\">\n\t\t\t\t\t<div class=\"e-con-inner\">\n\t\t<div class=\"elementor-element elementor-element-926301d e-con-full e-flex e-con e-child\" data-id=\"926301d\" data-element_type=\"container\" data-settings=\"{&quot;content_width&quot;:&quot;full&quot;}\">\n\t\t\t\t<div class=\"elementor-element elementor-element-a840b54 elementor-widget-divider--view-line elementor-widget elementor-widget-divider\" data-id=\"a840b54\" data-element_type=\"widget\" data-widget_type=\"divider.default\">\n\t\t\t\t<div class=\"elementor-widget-container\">\n\t\t\t<style>\/*! elementor - v3.19.0 - 07-02-2024 *\/\n.elementor-widget-divider{--divider-border-style:none;--divider-border-width:1px;--divider-color:#0c0d0e;--divider-icon-size:20px;--divider-element-spacing:10px;--divider-pattern-height:24px;--divider-pattern-size:20px;--divider-pattern-url:none;--divider-pattern-repeat:repeat-x}.elementor-widget-divider .elementor-divider{display:flex}.elementor-widget-divider .elementor-divider__text{font-size:15px;line-height:1;max-width:95%}.elementor-widget-divider .elementor-divider__element{margin:0 var(--divider-element-spacing);flex-shrink:0}.elementor-widget-divider .elementor-icon{font-size:var(--divider-icon-size)}.elementor-widget-divider .elementor-divider-separator{display:flex;margin:0;direction:ltr}.elementor-widget-divider--view-line_icon .elementor-divider-separator,.elementor-widget-divider--view-line_text .elementor-divider-separator{align-items:center}.elementor-widget-divider--view-line_icon .elementor-divider-separator:after,.elementor-widget-divider--view-line_icon .elementor-divider-separator:before,.elementor-widget-divider--view-line_text .elementor-divider-separator:after,.elementor-widget-divider--view-line_text .elementor-divider-separator:before{display:block;content:\"\";border-block-end:0;flex-grow:1;border-block-start:var(--divider-border-width) var(--divider-border-style) var(--divider-color)}.elementor-widget-divider--element-align-left .elementor-divider .elementor-divider-separator>.elementor-divider__svg:first-of-type{flex-grow:0;flex-shrink:100}.elementor-widget-divider--element-align-left .elementor-divider-separator:before{content:none}.elementor-widget-divider--element-align-left .elementor-divider__element{margin-left:0}.elementor-widget-divider--element-align-right .elementor-divider .elementor-divider-separator>.elementor-divider__svg:last-of-type{flex-grow:0;flex-shrink:100}.elementor-widget-divider--element-align-right .elementor-divider-separator:after{content:none}.elementor-widget-divider--element-align-right .elementor-divider__element{margin-right:0}.elementor-widget-divider--element-align-start .elementor-divider .elementor-divider-separator>.elementor-divider__svg:first-of-type{flex-grow:0;flex-shrink:100}.elementor-widget-divider--element-align-start .elementor-divider-separator:before{content:none}.elementor-widget-divider--element-align-start .elementor-divider__element{margin-inline-start:0}.elementor-widget-divider--element-align-end .elementor-divider .elementor-divider-separator>.elementor-divider__svg:last-of-type{flex-grow:0;flex-shrink:100}.elementor-widget-divider--element-align-end .elementor-divider-separator:after{content:none}.elementor-widget-divider--element-align-end .elementor-divider__element{margin-inline-end:0}.elementor-widget-divider:not(.elementor-widget-divider--view-line_text):not(.elementor-widget-divider--view-line_icon) .elementor-divider-separator{border-block-start:var(--divider-border-width) var(--divider-border-style) var(--divider-color)}.elementor-widget-divider--separator-type-pattern{--divider-border-style:none}.elementor-widget-divider--separator-type-pattern.elementor-widget-divider--view-line .elementor-divider-separator,.elementor-widget-divider--separator-type-pattern:not(.elementor-widget-divider--view-line) .elementor-divider-separator:after,.elementor-widget-divider--separator-type-pattern:not(.elementor-widget-divider--view-line) .elementor-divider-separator:before,.elementor-widget-divider--separator-type-pattern:not([class*=elementor-widget-divider--view]) .elementor-divider-separator{width:100%;min-height:var(--divider-pattern-height);-webkit-mask-size:var(--divider-pattern-size) 100%;mask-size:var(--divider-pattern-size) 100%;-webkit-mask-repeat:var(--divider-pattern-repeat);mask-repeat:var(--divider-pattern-repeat);background-color:var(--divider-color);-webkit-mask-image:var(--divider-pattern-url);mask-image:var(--divider-pattern-url)}.elementor-widget-divider--no-spacing{--divider-pattern-size:auto}.elementor-widget-divider--bg-round{--divider-pattern-repeat:round}.rtl .elementor-widget-divider .elementor-divider__text{direction:rtl}.e-con-inner>.elementor-widget-divider,.e-con>.elementor-widget-divider{width:var(--container-widget-width,100%);--flex-grow:var(--container-widget-flex-grow)}<\/style>\t\t<div class=\"elementor-divider\">\n\t\t\t<span class=\"elementor-divider-separator\">\n\t\t\t\t\t\t<\/span>\n\t\t<\/div>\n\t\t\t\t<\/div>\n\t\t\t\t<\/div>\n\t\t\t\t<div class=\"elementor-element elementor-element-dd63e46 elementor-widget elementor-widget-text-editor\" data-id=\"dd63e46\" data-element_type=\"widget\" data-widget_type=\"text-editor.default\">\n\t\t\t\t<div class=\"elementor-widget-container\">\n\t\t\t\t\t\t\t<p><em><span style=\"font-size: 14pt; font-family: georgia, palatino, serif;\"><strong><span style=\"color: #2e9cca;\">Inside Fashion &#8211; La Martiniere Eds De<\/span><\/strong><\/span><\/em><\/p><p>Dix-huit parisiennes, qui ont fait de l&rsquo;\u00e9l\u00e9gance un <strong>art de vivre<\/strong>, nous ouvrent les portes de leur univers et d\u00e9voilent les coulisses de leurs m\u00e9tiers, nous livrant au passage astuces, conseils, adresses d&rsquo;initi\u00e9es&#8230; et secrets bien gard\u00e9s. resumer rapide autrement<\/p><p><span style=\"color: #000000;\"><strong><span style=\"text-decoration: underline;\">Prix<\/span><\/strong> :\u00a0<\/span><span style=\"color: #830cfa;\"><a style=\"font-family: var( --e-global-typography-text-font-family ), Sans-serif; font-weight: var( --e-global-typography-text-font-weight ); text-align: var(--text-align); background-color: #ffffff; color: #830cfa;\" href=\"https:\/\/www.fnac.com\/a9701133\/Angele-Rincheval-Hernu-Inside-Fashion\" target=\"_blank\" rel=\"noopener\">28,50\u20ac<\/a><\/span><\/p><p><span style=\"color: #000000;\"><strong><span style=\"text-decoration: underline;\">Avis<\/span><\/strong> :<span style=\"color: #830cfa;\">\u00a0<\/span><\/span><span style=\"color: #830cfa;\"><a style=\"color: #830cfa;\" href=\"https:\/\/www.fnac.com\/a13401193\/Olivier-Flaviano-Yves-Saint-Laurent-defiles#omnsearchpos=1\" target=\"_blank\" rel=\"noopener\">4,2\/5<\/a><\/span><span style=\"color: #000000;\"> \u00ab\u00a0Assez look\u00e9 et interessant, jolies photo sur le lifestyle. Ce sont des portraits du milieu de la mode de la petite stagiaire en passant une directrice de r\u00e9dac\u00a0\u00bb . Sinc\u00e8rement<\/span><\/p>\t\t\t\t\t\t<\/div>\n\t\t\t\t<\/div>\n\t\t\t\t<\/div>\n\t\t<div class=\"elementor-element elementor-element-7586e0c e-con-full e-flex e-con e-child\" data-id=\"7586e0c\" data-element_type=\"container\" data-settings=\"{&quot;content_width&quot;:&quot;full&quot;}\">\n\t\t\t\t<div class=\"elementor-element elementor-element-27f5ed3 elementor-widget-divider--view-line elementor-widget elementor-widget-divider\" data-id=\"27f5ed3\" data-element_type=\"widget\" data-widget_type=\"divider.default\">\n\t\t\t\t<div class=\"elementor-widget-container\">\n\t\t\t\t\t<div class=\"elementor-divider\">\n\t\t\t<span class=\"elementor-divider-separator\">\n\t\t\t\t\t\t<\/span>\n\t\t<\/div>\n\t\t\t\t<\/div>\n\t\t\t\t<\/div>\n\t\t\t\t<div class=\"elementor-element elementor-element-2203a57 elementor-widget elementor-widget-image\" data-id=\"2203a57\" data-element_type=\"widget\" data-widget_type=\"image.default\">\n\t\t\t\t<div class=\"elementor-widget-container\">\n\t\t\t\t\t\t\t\t\t\t\t\t\t<img decoding=\"async\" width=\"660\" height=\"985\" src=\"https:\/\/makingblog.audencia.com\/hcg\/wp-content\/uploads\/2024\/02\/14_9782732470856_1_75.jpg\" class=\"attachment-large size-large wp-image-259\" alt=\"\" srcset=\"https:\/\/makingblog.audencia.com\/hcg\/wp-content\/uploads\/2024\/02\/14_9782732470856_1_75.jpg 660w, https:\/\/makingblog.audencia.com\/hcg\/wp-content\/uploads\/2024\/02\/14_9782732470856_1_75-201x300.jpg 201w\" sizes=\"100vw\" \/>\t\t\t\t\t\t\t\t\t\t\t\t\t<\/div>\n\t\t\t\t<\/div>\n\t\t\t\t<\/div>\n\t\t\t\t\t<\/div>\n\t\t\t\t<\/div>\n\t\t<div class=\"elementor-element elementor-element-9338671 e-flex e-con-boxed e-con e-parent\" data-id=\"9338671\" data-element_type=\"container\" data-settings=\"{&quot;content_width&quot;:&quot;boxed&quot;}\" data-core-v316-plus=\"true\">\n\t\t\t\t\t<div class=\"e-con-inner\">\n\t\t<div class=\"elementor-element elementor-element-e7760d3 e-con-full e-flex e-con e-child\" data-id=\"e7760d3\" data-element_type=\"container\" data-settings=\"{&quot;content_width&quot;:&quot;full&quot;}\">\n\t\t\t\t<div class=\"elementor-element elementor-element-3fb7384 elementor-widget-divider--view-line elementor-widget elementor-widget-divider\" data-id=\"3fb7384\" data-element_type=\"widget\" data-widget_type=\"divider.default\">\n\t\t\t\t<div class=\"elementor-widget-container\">\n\t\t\t\t\t<div class=\"elementor-divider\">\n\t\t\t<span class=\"elementor-divider-separator\">\n\t\t\t\t\t\t<\/span>\n\t\t<\/div>\n\t\t\t\t<\/div>\n\t\t\t\t<\/div>\n\t\t\t\t<div class=\"elementor-element elementor-element-59974be elementor-widget elementor-widget-image\" data-id=\"59974be\" data-element_type=\"widget\" data-widget_type=\"image.default\">\n\t\t\t\t<div class=\"elementor-widget-container\">\n\t\t\t\t\t\t\t\t\t\t\t\t\t<img decoding=\"async\" width=\"729\" height=\"1024\" src=\"https:\/\/makingblog.audencia.com\/hcg\/wp-content\/uploads\/2024\/02\/618ubp2kJcL._SL1123_-729x1024.jpg\" class=\"attachment-large size-large wp-image-310\" alt=\"\" srcset=\"https:\/\/makingblog.audencia.com\/hcg\/wp-content\/uploads\/2024\/02\/618ubp2kJcL._SL1123_-729x1024.jpg 729w, https:\/\/makingblog.audencia.com\/hcg\/wp-content\/uploads\/2024\/02\/618ubp2kJcL._SL1123_-214x300.jpg 214w, https:\/\/makingblog.audencia.com\/hcg\/wp-content\/uploads\/2024\/02\/618ubp2kJcL._SL1123_.jpg 800w\" sizes=\"100vw\" \/>\t\t\t\t\t\t\t\t\t\t\t\t\t<\/div>\n\t\t\t\t<\/div>\n\t\t\t\t<\/div>\n\t\t<div class=\"elementor-element elementor-element-e2b2772 e-con-full e-flex e-con e-child\" data-id=\"e2b2772\" data-element_type=\"container\" data-settings=\"{&quot;content_width&quot;:&quot;full&quot;}\">\n\t\t\t\t<div class=\"elementor-element elementor-element-55f7454 elementor-widget-divider--view-line elementor-widget elementor-widget-divider\" data-id=\"55f7454\" data-element_type=\"widget\" data-widget_type=\"divider.default\">\n\t\t\t\t<div class=\"elementor-widget-container\">\n\t\t\t\t\t<div class=\"elementor-divider\">\n\t\t\t<span class=\"elementor-divider-separator\">\n\t\t\t\t\t\t<\/span>\n\t\t<\/div>\n\t\t\t\t<\/div>\n\t\t\t\t<\/div>\n\t\t\t\t<div class=\"elementor-element elementor-element-e343006 elementor-widget elementor-widget-text-editor\" data-id=\"e343006\" data-element_type=\"widget\" data-widget_type=\"text-editor.default\">\n\t\t\t\t<div class=\"elementor-widget-container\">\n\t\t\t\t\t\t\t<p><em><span style=\"font-size: 14pt; font-family: georgia, palatino, serif;\"><strong><span style=\"color: #2e9cca;\">Fashion game book -Florence Muller<\/span><\/strong><\/span><\/em><\/p><p><span style=\"color: #000000;\">De quand date la cr\u00e9ation du pr\u00eat-\u00e0-porter ? Quelles sont les cr\u00e9ations r\u00e9volutionnaires d&rsquo;hier, qui sont aujourd&rsquo;hui les fondements de notre garde-robe ? De Bettina\u00e0 Kate Moss, comment les mannequins sont-ils devenus des ic\u00f4nes de notre temps ? Qui \u00e9tait l&rsquo;\u00e9g\u00e9rie de Paul Poiret ? Comment a d\u00e9but\u00e9 Gabrielle Chanel ? Christian Dior ? YSL ? Ralph Lauren ? Qu&rsquo;est-ce que le ph\u00e9nom\u00e8ne \u00ab\u00a0low cost\u00a0\u00bb ? Quelles sont les meilleures \u00e9coles de mode ?<strong> La mode a son histoire<\/strong>, et la conna\u00eetre permet de mieux juger la cr\u00e9ation contemporaine. <\/span><\/p><p><span style=\"color: #000000;\"><strong><span style=\"text-decoration: underline;\">Prix<\/span><\/strong> :\u00a0<\/span><span style=\"color: #830cfa;\"><a style=\"font-family: var( --e-global-typography-text-font-family ), Sans-serif; font-weight: var( --e-global-typography-text-font-weight ); text-align: var(--text-align); background-color: #ffffff; color: #830cfa;\" href=\"https:\/\/www.fnac.com\/a2423721\/Florence-Muller-Fashion-game-book\" target=\"_blank\" rel=\"noopener\">46,11\u20ac<\/a><\/span><\/p><p><span style=\"color: #000000;\"><strong><span style=\"text-decoration: underline;\">Avis<\/span><\/strong> :\u00a0<\/span><span style=\"color: #830cfa;\"><a style=\"font-family: var( --e-global-typography-text-font-family ), Sans-serif; font-weight: var( --e-global-typography-text-font-weight ); text-align: var(--text-align); background-color: #ffffff; color: #830cfa;\" href=\"https:\/\/www.amazon.fr\/FASHION-GAME-FRANCAIS-Florence-Muller\/dp\/2759405435\" target=\"_blank\" rel=\"noopener\">5\/5<\/a><\/span><\/p>\t\t\t\t\t\t<\/div>\n\t\t\t\t<\/div>\n\t\t\t\t<\/div>\n\t\t\t\t\t<\/div>\n\t\t\t\t<\/div>\n\t\t\t\t<\/div>\n\t\t","protected":false},"excerpt":{"rendered":"<p>Voici une s\u00e9lection de livres sur la mode et le luxe. Bonne lecture. Yves Saint Laurent d\u00e9fil\u00e9s &#8211; La Martiniere Eds De C\u2019est un recueil de photographies de d\u00e9fil\u00e9s de l\u2019ensemble de toutes les collections de haute couture cr\u00e9\u00e9es par Yves Saint Laurent, depuis l\u2019ouverture de sa maison en 1962 jusqu\u2019en 2002. Il y a &hellip; <\/p>\n<p class=\"link-more\"><a href=\"https:\/\/makingblog.audencia.com\/hcg\/livres\/\" class=\"more-link\">Lire la suite de<span class=\"screen-reader-text\">\u00ab\u00a0Livres\u00a0\u00bb<\/span><\/a><\/p>\n","protected":false},"author":2,"featured_media":241,"parent":0,"menu_order":0,"comment_status":"closed","ping_status":"closed","template":"","meta":{"footnotes":""},"class_list":["post-240","page","type-page","status-publish","has-post-thumbnail","hentry"],"_links":{"self":[{"href":"https:\/\/makingblog.audencia.com\/hcg\/wp-json\/wp\/v2\/pages\/240","targetHints":{"allow":["GET"]}}],"collection":[{"href":"https:\/\/makingblog.audencia.com\/hcg\/wp-json\/wp\/v2\/pages"}],"about":[{"href":"https:\/\/makingblog.audencia.com\/hcg\/wp-json\/wp\/v2\/types\/page"}],"author":[{"embeddable":true,"href":"https:\/\/makingblog.audencia.com\/hcg\/wp-json\/wp\/v2\/users\/2"}],"replies":[{"embeddable":true,"href":"https:\/\/makingblog.audencia.com\/hcg\/wp-json\/wp\/v2\/comments?post=240"}],"version-history":[{"count":31,"href":"https:\/\/makingblog.audencia.com\/hcg\/wp-json\/wp\/v2\/pages\/240\/revisions"}],"predecessor-version":[{"id":751,"href":"https:\/\/makingblog.audencia.com\/hcg\/wp-json\/wp\/v2\/pages\/240\/revisions\/751"}],"wp:featuredmedia":[{"embeddable":true,"href":"https:\/\/makingblog.audencia.com\/hcg\/wp-json\/wp\/v2\/media\/241"}],"wp:attachment":[{"href":"https:\/\/makingblog.audencia.com\/hcg\/wp-json\/wp\/v2\/media?parent=240"}],"curies":[{"name":"wp","href":"https:\/\/api.w.org\/{rel}","templated":true}]}}