{"id":24,"date":"2024-03-14T11:47:44","date_gmt":"2024-03-14T10:47:44","guid":{"rendered":"https:\/\/makingblog.audencia.com\/gid\/?page_id=24"},"modified":"2024-03-20T16:59:20","modified_gmt":"2024-03-20T15:59:20","slug":"accueil","status":"publish","type":"page","link":"https:\/\/makingblog.audencia.com\/gid\/accueil\/","title":{"rendered":"Qui sommes-nous ?"},"content":{"rendered":"\n<p><\/p>\n\n\n\n<p><\/p>\n\n\n\n<p>GID provient de l&rsquo;expression \u00ab\u00a0dig\u00a0\u00bb qui veut dire creuser en anglais, faisant r\u00e9f\u00e9rence \u00e0 l&rsquo;\u00e9poque de la Ru\u00e9e vers l&rsquo;or am\u00e9ricaine. On peut le d\u00e9finir par le fait de d\u00e9nicher, fouiller dans les entrailles de la musique afin d&rsquo;en exhumer les plus belles p\u00e9pites.<\/p>\n\n\n\n<p>\u00c0 la mani\u00e8re d&rsquo;un Indiana Jones musical, nous nous engouffrons dans les temples les plus myst\u00e9rieux, afin d&rsquo;en d\u00e9gager les plus beaux joyaux m\u00e9lodiques.<\/p>\n\n\n\n<p>Tous les deux passionn\u00e9es par la musique, nous souhaitons mettre en lumi\u00e8re des talents qui n&rsquo;ont, selon nous, pas la visibilit\u00e9 qu&rsquo;ils m\u00e9ritent. Cette id\u00e9e provient d&rsquo;un constat commun : l&rsquo;industrie musicale tourne souvent autour des m\u00eames styles, artistes, labels, emp\u00eachant l&rsquo;\u00e9mergence de nouveaut\u00e9.<\/p>\n\n\n\n<figure class=\"wp-block-image aligncenter size-large is-resized\"><img fetchpriority=\"high\" decoding=\"async\" width=\"1024\" height=\"576\" src=\"https:\/\/makingblog.audencia.com\/gid\/wp-content\/uploads\/2024\/03\/Billet-dhumeur-Jean-Dodart-1-1-1024x576.png\" alt=\"\" class=\"wp-image-132\" style=\"width:1140px;height:auto\" srcset=\"https:\/\/makingblog.audencia.com\/gid\/wp-content\/uploads\/2024\/03\/Billet-dhumeur-Jean-Dodart-1-1-1024x576.png 1024w, https:\/\/makingblog.audencia.com\/gid\/wp-content\/uploads\/2024\/03\/Billet-dhumeur-Jean-Dodart-1-1-300x169.png 300w, https:\/\/makingblog.audencia.com\/gid\/wp-content\/uploads\/2024\/03\/Billet-dhumeur-Jean-Dodart-1-1.png 1920w\" sizes=\"(max-width: 1024px) 100vw, 1024px\" \/><\/figure>\n","protected":false},"excerpt":{"rendered":"<p>GID provient de l&rsquo;expression \u00ab\u00a0dig\u00a0\u00bb qui veut dire creuser en anglais, faisant r\u00e9f\u00e9rence \u00e0 l&rsquo;\u00e9poque de la Ru\u00e9e vers l&rsquo;or am\u00e9ricaine. On peut le d\u00e9finir par le fait de d\u00e9nicher, fouiller dans les entrailles de la musique afin d&rsquo;en exhumer les plus belles p\u00e9pites. \u00c0 la mani\u00e8re d&rsquo;un Indiana Jones musical, nous nous engouffrons dans &hellip; <\/p>\n<p class=\"link-more\"><a href=\"https:\/\/makingblog.audencia.com\/gid\/accueil\/\" class=\"more-link\">Lire la suite de<span class=\"screen-reader-text\">\u00ab\u00a0Qui sommes-nous ?\u00a0\u00bb<\/span><\/a><\/p>\n","protected":false},"author":2,"featured_media":0,"parent":0,"menu_order":0,"comment_status":"closed","ping_status":"closed","template":"","meta":{"footnotes":""},"class_list":["post-24","page","type-page","status-publish","hentry"],"_links":{"self":[{"href":"https:\/\/makingblog.audencia.com\/gid\/wp-json\/wp\/v2\/pages\/24","targetHints":{"allow":["GET"]}}],"collection":[{"href":"https:\/\/makingblog.audencia.com\/gid\/wp-json\/wp\/v2\/pages"}],"about":[{"href":"https:\/\/makingblog.audencia.com\/gid\/wp-json\/wp\/v2\/types\/page"}],"author":[{"embeddable":true,"href":"https:\/\/makingblog.audencia.com\/gid\/wp-json\/wp\/v2\/users\/2"}],"replies":[{"embeddable":true,"href":"https:\/\/makingblog.audencia.com\/gid\/wp-json\/wp\/v2\/comments?post=24"}],"version-history":[{"count":5,"href":"https:\/\/makingblog.audencia.com\/gid\/wp-json\/wp\/v2\/pages\/24\/revisions"}],"predecessor-version":[{"id":135,"href":"https:\/\/makingblog.audencia.com\/gid\/wp-json\/wp\/v2\/pages\/24\/revisions\/135"}],"wp:attachment":[{"href":"https:\/\/makingblog.audencia.com\/gid\/wp-json\/wp\/v2\/media?parent=24"}],"curies":[{"name":"wp","href":"https:\/\/api.w.org\/{rel}","templated":true}]}}