{"id":485,"date":"2024-03-17T22:23:00","date_gmt":"2024-03-17T21:23:00","guid":{"rendered":"https:\/\/makingblog.audencia.com\/faceb\/?page_id=485"},"modified":"2024-03-21T08:40:13","modified_gmt":"2024-03-21T07:40:13","slug":"ledico","status":"publish","type":"page","link":"https:\/\/makingblog.audencia.com\/faceb\/ledico\/","title":{"rendered":"Le Dico"},"content":{"rendered":"\t\t<div data-elementor-type=\"wp-page\" data-elementor-id=\"485\" class=\"elementor elementor-485\">\n\t\t\t\t\t\t<section class=\"elementor-section elementor-top-section elementor-element elementor-element-7b56f4a9 elementor-section-boxed elementor-section-height-default elementor-section-height-default\" data-id=\"7b56f4a9\" data-element_type=\"section\">\n\t\t\t\t\t\t<div class=\"elementor-container elementor-column-gap-default\">\n\t\t\t\t\t<div class=\"elementor-column elementor-col-16 elementor-top-column elementor-element elementor-element-3482bc6c\" data-id=\"3482bc6c\" data-element_type=\"column\">\n\t\t\t<div class=\"elementor-widget-wrap\">\n\t\t\t\t\t\t\t<\/div>\n\t\t<\/div>\n\t\t\t\t<div class=\"elementor-column elementor-col-66 elementor-top-column elementor-element elementor-element-527d3f21\" data-id=\"527d3f21\" data-element_type=\"column\">\n\t\t\t<div class=\"elementor-widget-wrap elementor-element-populated\">\n\t\t\t\t\t\t<div class=\"elementor-element elementor-element-3b69581e elementor-widget elementor-widget-text-editor\" data-id=\"3b69581e\" data-element_type=\"widget\" data-widget_type=\"text-editor.default\">\n\t\t\t\t<div class=\"elementor-widget-container\">\n\t\t\t<style>\/*! elementor - v3.20.0 - 13-03-2024 *\/\n.elementor-widget-text-editor.elementor-drop-cap-view-stacked .elementor-drop-cap{background-color:#69727d;color:#fff}.elementor-widget-text-editor.elementor-drop-cap-view-framed .elementor-drop-cap{color:#69727d;border:3px solid;background-color:transparent}.elementor-widget-text-editor:not(.elementor-drop-cap-view-default) .elementor-drop-cap{margin-top:8px}.elementor-widget-text-editor:not(.elementor-drop-cap-view-default) .elementor-drop-cap-letter{width:1em;height:1em}.elementor-widget-text-editor .elementor-drop-cap{float:left;text-align:center;line-height:1;font-size:50px}.elementor-widget-text-editor .elementor-drop-cap-letter{display:inline-block}<\/style>\t\t\t\t<p><b>A travers cette page, tu pourras retrouver toutes les ressources et d\u00e9finitions qui pourront t&rsquo;aider \u00e0 tout comprendre !<\/b><\/p>\t\t\t\t\t\t<\/div>\n\t\t\t\t<\/div>\n\t\t\t\t\t<\/div>\n\t\t<\/div>\n\t\t\t\t<div class=\"elementor-column elementor-col-16 elementor-top-column elementor-element elementor-element-4e2b01a3\" data-id=\"4e2b01a3\" data-element_type=\"column\">\n\t\t\t<div class=\"elementor-widget-wrap\">\n\t\t\t\t\t\t\t<\/div>\n\t\t<\/div>\n\t\t\t\t\t<\/div>\n\t\t<\/section>\n\t\t\t\t<section class=\"elementor-section elementor-top-section elementor-element elementor-element-4554d18 elementor-section-boxed elementor-section-height-default elementor-section-height-default\" data-id=\"4554d18\" data-element_type=\"section\">\n\t\t\t\t\t\t<div class=\"elementor-container elementor-column-gap-default\">\n\t\t\t\t\t<div class=\"elementor-column elementor-col-16 elementor-top-column elementor-element elementor-element-1b3929b\" data-id=\"1b3929b\" data-element_type=\"column\">\n\t\t\t<div class=\"elementor-widget-wrap\">\n\t\t\t\t\t\t\t<\/div>\n\t\t<\/div>\n\t\t\t\t<div class=\"elementor-column elementor-col-66 elementor-top-column elementor-element elementor-element-1a0da68\" data-id=\"1a0da68\" data-element_type=\"column\">\n\t\t\t<div class=\"elementor-widget-wrap elementor-element-populated\">\n\t\t\t\t\t\t<div class=\"elementor-element elementor-element-507536a elementor-widget elementor-widget-text-editor\" data-id=\"507536a\" data-element_type=\"widget\" data-widget_type=\"text-editor.default\">\n\t\t\t\t<div class=\"elementor-widget-container\">\n\t\t\t\t\t\t\t<p><strong>Label<\/strong> : c&rsquo;est une maison de productions de disques. Def Jam.<\/p>\n<p><strong>Maison de disque<\/strong> : soci\u00e9t\u00e9 charg\u00e9e de produire, d&rsquo;\u00e9diter et de distribuer les enregistrements d&rsquo;artistes.<\/p>\n<p><strong>Major<\/strong> : les groupes multinationaux \u00e0 l&rsquo;origine producteurs et distributeurs de disques.<\/p>\n<p><strong>Master<\/strong> : enregistrement original d&rsquo;une \u0153uvre artistique \u00e0 partir de laquelle on peut r\u00e9aliser des copies.<\/p>\n<p><strong>Olivier Cachin<\/strong> : journaliste, \u00e9crivain et animateur t\u00e9l\u00e9. Il est connu notamment pour avoir \u00e9crit des livres comme Le Dictionnaire du rap ou encore Histoire du rap en 100 albums essentiels.<\/p>\n<p><strong>Redevances&nbsp;<\/strong>: somme devant \u00eatre pay\u00e9e \u00e0 \u00e9ch\u00e9ances fixes \u00e0 titre de rente ou de dette.<\/p>\n<p><strong>Royalties&nbsp;<\/strong>: ensemble de redevances dues, en \u00e9change d\u2019un droit d\u2019exploitation, \u00e0 l\u2019auteur d\u2019une \u0153uvre litt\u00e9raire ou artistique, \u00e0 un inventeur propri\u00e9taire d\u2019un brevet par la personne physique ou morale qui exploite l\u2019\u0153uvre de cet auteur, la d\u00e9couverte de cet inventeur.<\/p>\n<p><strong>Universal Music Group<\/strong>&nbsp;: label de musique am\u00e9ricain qui s\u2019est ensuite d\u00e9velopp\u00e9.<\/p>\t\t\t\t\t\t<\/div>\n\t\t\t\t<\/div>\n\t\t\t\t\t<\/div>\n\t\t<\/div>\n\t\t\t\t<div class=\"elementor-column elementor-col-16 elementor-top-column elementor-element elementor-element-a5401bd\" data-id=\"a5401bd\" data-element_type=\"column\">\n\t\t\t<div class=\"elementor-widget-wrap\">\n\t\t\t\t\t\t\t<\/div>\n\t\t<\/div>\n\t\t\t\t\t<\/div>\n\t\t<\/section>\n\t\t<div class=\"elementor-element elementor-element-7fc3def e-flex e-con-boxed e-con e-parent\" data-id=\"7fc3def\" data-element_type=\"container\" data-core-v316-plus=\"true\">\n\t\t\t\t\t<div class=\"e-con-inner\">\n\t\t\t\t<div class=\"elementor-element elementor-element-8aefcde elementor-widget elementor-widget-text-editor\" data-id=\"8aefcde\" data-element_type=\"widget\" data-widget_type=\"text-editor.default\">\n\t\t\t\t<div class=\"elementor-widget-container\">\n\t\t\t\t\t\t\t<p>Sources : <a href=\"https:\/\/www.cnrtl.fr\/\" target=\"_blank\" rel=\"noopener\">CNRTL<\/a>, <a href=\"https:\/\/fr.wikipedia.org\/wiki\/Wikip%C3%A9dia:Accueil_principal\" target=\"_blank\" rel=\"noopener\">Wikipedia<\/a><\/p>\t\t\t\t\t\t<\/div>\n\t\t\t\t<\/div>\n\t\t\t\t\t<\/div>\n\t\t\t\t<\/div>\n\t\t\t\t<\/div>\n\t\t","protected":false},"excerpt":{"rendered":"<p>A travers cette page, tu pourras retrouver toutes les ressources et d\u00e9finitions qui pourront t&rsquo;aider \u00e0 tout comprendre !<\/p>\n","protected":false},"author":2,"featured_media":0,"parent":0,"menu_order":0,"comment_status":"closed","ping_status":"closed","template":"","meta":{"footnotes":""},"class_list":["post-485","page","type-page","status-publish","hentry"],"_links":{"self":[{"href":"https:\/\/makingblog.audencia.com\/faceb\/wp-json\/wp\/v2\/pages\/485","targetHints":{"allow":["GET"]}}],"collection":[{"href":"https:\/\/makingblog.audencia.com\/faceb\/wp-json\/wp\/v2\/pages"}],"about":[{"href":"https:\/\/makingblog.audencia.com\/faceb\/wp-json\/wp\/v2\/types\/page"}],"author":[{"embeddable":true,"href":"https:\/\/makingblog.audencia.com\/faceb\/wp-json\/wp\/v2\/users\/2"}],"replies":[{"embeddable":true,"href":"https:\/\/makingblog.audencia.com\/faceb\/wp-json\/wp\/v2\/comments?post=485"}],"version-history":[{"count":35,"href":"https:\/\/makingblog.audencia.com\/faceb\/wp-json\/wp\/v2\/pages\/485\/revisions"}],"predecessor-version":[{"id":937,"href":"https:\/\/makingblog.audencia.com\/faceb\/wp-json\/wp\/v2\/pages\/485\/revisions\/937"}],"wp:attachment":[{"href":"https:\/\/makingblog.audencia.com\/faceb\/wp-json\/wp\/v2\/media?parent=485"}],"curies":[{"name":"wp","href":"https:\/\/api.w.org\/{rel}","templated":true}]}}