{"id":309,"date":"2024-03-16T23:53:00","date_gmt":"2024-03-16T22:53:00","guid":{"rendered":"https:\/\/makingblog.audencia.com\/faceb\/?page_id=309"},"modified":"2024-03-21T08:39:51","modified_gmt":"2024-03-21T07:39:51","slug":"les-recos-de-lequipe","status":"publish","type":"page","link":"https:\/\/makingblog.audencia.com\/faceb\/les-recos-de-lequipe\/","title":{"rendered":"Les recos de l&rsquo;\u00e9quipe"},"content":{"rendered":"\t\t<div data-elementor-type=\"wp-page\" data-elementor-id=\"309\" class=\"elementor elementor-309\">\n\t\t\t\t<div class=\"elementor-element elementor-element-dba2592 e-flex e-con-boxed e-con e-parent\" data-id=\"dba2592\" data-element_type=\"container\" data-core-v316-plus=\"true\">\n\t\t\t\t\t<div class=\"e-con-inner\">\n\t\t\t\t<div class=\"elementor-element elementor-element-c63516b elementor-widget elementor-widget-text-editor\" data-id=\"c63516b\" data-element_type=\"widget\" data-widget_type=\"text-editor.default\">\n\t\t\t\t<div class=\"elementor-widget-container\">\n\t\t\t<style>\/*! elementor - v3.20.0 - 13-03-2024 *\/\n.elementor-widget-text-editor.elementor-drop-cap-view-stacked .elementor-drop-cap{background-color:#69727d;color:#fff}.elementor-widget-text-editor.elementor-drop-cap-view-framed .elementor-drop-cap{color:#69727d;border:3px solid;background-color:transparent}.elementor-widget-text-editor:not(.elementor-drop-cap-view-default) .elementor-drop-cap{margin-top:8px}.elementor-widget-text-editor:not(.elementor-drop-cap-view-default) .elementor-drop-cap-letter{width:1em;height:1em}.elementor-widget-text-editor .elementor-drop-cap{float:left;text-align:center;line-height:1;font-size:50px}.elementor-widget-text-editor .elementor-drop-cap-letter{display:inline-block}<\/style>\t\t\t\t<p><span style=\"color: #000000;\"><strong>Ici tu pourras retrouver toutes nos recommandations les plus r\u00e9centes concernant le rap fran\u00e7ais : aussi bien des concerts que des podcast, ou encore des clips. Une mani\u00e8re de d\u00e9couvrir le milieu tout en prenant un maximum de plaisir !<\/strong><\/span><\/p>\t\t\t\t\t\t<\/div>\n\t\t\t\t<\/div>\n\t\t\t\t\t<\/div>\n\t\t\t\t<\/div>\n\t\t<div class=\"elementor-element elementor-element-e555a45 e-flex e-con-boxed e-con e-parent\" data-id=\"e555a45\" data-element_type=\"container\" data-core-v316-plus=\"true\">\n\t\t\t\t\t<div class=\"e-con-inner\">\n\t\t\t\t<div class=\"elementor-element elementor-element-2254d40 elementor-widget elementor-widget-video\" data-id=\"2254d40\" data-element_type=\"widget\" data-settings=\"{&quot;youtube_url&quot;:&quot;https:\\\/\\\/www.youtube.com\\\/watch?v=71W1OvZjd6s&quot;,&quot;video_type&quot;:&quot;youtube&quot;,&quot;controls&quot;:&quot;yes&quot;}\" data-widget_type=\"video.default\">\n\t\t\t\t<div class=\"elementor-widget-container\">\n\t\t\t<style>\/*! elementor - v3.20.0 - 13-03-2024 *\/\n.elementor-widget-video .elementor-widget-container{overflow:hidden;transform:translateZ(0)}.elementor-widget-video .elementor-wrapper{aspect-ratio:var(--video-aspect-ratio)}.elementor-widget-video .elementor-wrapper iframe,.elementor-widget-video .elementor-wrapper video{height:100%;width:100%;display:flex;border:none;background-color:#000}@supports not (aspect-ratio:1\/1){.elementor-widget-video .elementor-wrapper{position:relative;overflow:hidden;height:0;padding-bottom:calc(100% \/ var(--video-aspect-ratio))}.elementor-widget-video .elementor-wrapper iframe,.elementor-widget-video .elementor-wrapper video{position:absolute;top:0;right:0;bottom:0;left:0}}.elementor-widget-video .elementor-open-inline .elementor-custom-embed-image-overlay{position:absolute;top:0;right:0;bottom:0;left:0;background-size:cover;background-position:50%}.elementor-widget-video .elementor-custom-embed-image-overlay{cursor:pointer;text-align:center}.elementor-widget-video .elementor-custom-embed-image-overlay:hover .elementor-custom-embed-play i{opacity:1}.elementor-widget-video .elementor-custom-embed-image-overlay img{display:block;width:100%;aspect-ratio:var(--video-aspect-ratio);-o-object-fit:cover;object-fit:cover;-o-object-position:center center;object-position:center center}@supports not (aspect-ratio:1\/1){.elementor-widget-video .elementor-custom-embed-image-overlay{position:relative;overflow:hidden;height:0;padding-bottom:calc(100% \/ var(--video-aspect-ratio))}.elementor-widget-video .elementor-custom-embed-image-overlay img{position:absolute;top:0;right:0;bottom:0;left:0}}.elementor-widget-video .e-hosted-video .elementor-video{-o-object-fit:cover;object-fit:cover}.e-con-inner>.elementor-widget-video,.e-con>.elementor-widget-video{width:var(--container-widget-width);--flex-grow:var(--container-widget-flex-grow)}<\/style>\t\t<div class=\"elementor-wrapper elementor-open-inline\">\n\t\t\t<div class=\"elementor-video\"><\/div>\t\t<\/div>\n\t\t\t\t<\/div>\n\t\t\t\t<\/div>\n\t\t\t\t<div class=\"elementor-element elementor-element-84c7425 elementor-widget elementor-widget-heading\" data-id=\"84c7425\" data-element_type=\"widget\" data-widget_type=\"heading.default\">\n\t\t\t\t<div class=\"elementor-widget-container\">\n\t\t\t<style>\/*! elementor - v3.20.0 - 13-03-2024 *\/\n.elementor-heading-title{padding:0;margin:0;line-height:1}.elementor-widget-heading .elementor-heading-title[class*=elementor-size-]>a{color:inherit;font-size:inherit;line-height:inherit}.elementor-widget-heading .elementor-heading-title.elementor-size-small{font-size:15px}.elementor-widget-heading .elementor-heading-title.elementor-size-medium{font-size:19px}.elementor-widget-heading .elementor-heading-title.elementor-size-large{font-size:29px}.elementor-widget-heading .elementor-heading-title.elementor-size-xl{font-size:39px}.elementor-widget-heading .elementor-heading-title.elementor-size-xxl{font-size:59px}<\/style><h2 class=\"elementor-heading-title elementor-size-default\">Neefa aux c\u00f4t\u00e9s de Richie Beats<\/h2>\t\t<\/div>\n\t\t\t\t<\/div>\n\t\t\t\t\t<\/div>\n\t\t\t\t<\/div>\n\t\t<div class=\"elementor-element elementor-element-58d817a e-flex e-con-boxed e-con e-parent\" data-id=\"58d817a\" data-element_type=\"container\" data-core-v316-plus=\"true\">\n\t\t\t\t\t<div class=\"e-con-inner\">\n\t\t\t\t<div class=\"elementor-element elementor-element-d4c1c98 elementor-widget elementor-widget-text-editor\" data-id=\"d4c1c98\" data-element_type=\"widget\" data-widget_type=\"text-editor.default\">\n\t\t\t\t<div class=\"elementor-widget-container\">\n\t\t\t\t\t\t\t<p>Pour Camino, Neefa a eu l&rsquo;occasion de s&rsquo;entretenir longuement avec Richie Beats. Producteur de talent ayant marqu\u00e9 ces derni\u00e8res ann\u00e9es dans le rap fran\u00e7ais, il a su marqu\u00e9 le pas pour toute une g\u00e9n\u00e9ration. On recommande !<\/p>\t\t\t\t\t\t<\/div>\n\t\t\t\t<\/div>\n\t\t\t\t\t<\/div>\n\t\t\t\t<\/div>\n\t\t<div class=\"elementor-element elementor-element-6dae06e e-flex e-con-boxed e-con e-parent\" data-id=\"6dae06e\" data-element_type=\"container\" data-core-v316-plus=\"true\">\n\t\t\t\t\t<div class=\"e-con-inner\">\n\t\t\t\t<div class=\"elementor-element elementor-element-fb3a98f elementor-widget elementor-widget-video\" data-id=\"fb3a98f\" data-element_type=\"widget\" data-settings=\"{&quot;youtube_url&quot;:&quot;https:\\\/\\\/www.youtube.com\\\/watch?v=xPjMMqkZgYw&quot;,&quot;video_type&quot;:&quot;youtube&quot;,&quot;controls&quot;:&quot;yes&quot;}\" data-widget_type=\"video.default\">\n\t\t\t\t<div class=\"elementor-widget-container\">\n\t\t\t\t\t<div class=\"elementor-wrapper elementor-open-inline\">\n\t\t\t<div class=\"elementor-video\"><\/div>\t\t<\/div>\n\t\t\t\t<\/div>\n\t\t\t\t<\/div>\n\t\t\t\t<div class=\"elementor-element elementor-element-5662ead elementor-widget elementor-widget-heading\" data-id=\"5662ead\" data-element_type=\"widget\" data-widget_type=\"heading.default\">\n\t\t\t\t<div class=\"elementor-widget-container\">\n\t\t\t<h2 class=\"elementor-heading-title elementor-size-default\">Le concert de Zamdane pour Arte<\/h2>\t\t<\/div>\n\t\t\t\t<\/div>\n\t\t\t\t<div class=\"elementor-element elementor-element-9783e5b elementor-widget elementor-widget-text-editor\" data-id=\"9783e5b\" data-element_type=\"widget\" data-widget_type=\"text-editor.default\">\n\t\t\t\t<div class=\"elementor-widget-container\">\n\t\t\t\t\t\t\t<p>Si tu veux rester branch\u00e9 niveau actu, on te conseille Zamdane. Artiste ayant grandi entre le Maroc et Marseille, il se positionne comme un incontournable de cette ann\u00e9e 2024. \u00c0 voir absolument !\u00a0<\/p>\t\t\t\t\t\t<\/div>\n\t\t\t\t<\/div>\n\t\t\t\t\t<\/div>\n\t\t\t\t<\/div>\n\t\t<div class=\"elementor-element elementor-element-b303ce0 e-flex e-con-boxed e-con e-parent\" data-id=\"b303ce0\" data-element_type=\"container\" data-core-v316-plus=\"true\">\n\t\t\t\t\t<div class=\"e-con-inner\">\n\t\t\t\t<div class=\"elementor-element elementor-element-e467ff9 elementor-widget elementor-widget-video\" data-id=\"e467ff9\" data-element_type=\"widget\" data-settings=\"{&quot;youtube_url&quot;:&quot;https:\\\/\\\/www.youtube.com\\\/watch?v=JHVw_1cx0NI&quot;,&quot;video_type&quot;:&quot;youtube&quot;,&quot;controls&quot;:&quot;yes&quot;}\" data-widget_type=\"video.default\">\n\t\t\t\t<div class=\"elementor-widget-container\">\n\t\t\t\t\t<div class=\"elementor-wrapper elementor-open-inline\">\n\t\t\t<div class=\"elementor-video\"><\/div>\t\t<\/div>\n\t\t\t\t<\/div>\n\t\t\t\t<\/div>\n\t\t\t\t<div class=\"elementor-element elementor-element-948165b elementor-widget elementor-widget-heading\" data-id=\"948165b\" data-element_type=\"widget\" data-widget_type=\"heading.default\">\n\t\t\t\t<div class=\"elementor-widget-container\">\n\t\t\t<h2 class=\"elementor-heading-title elementor-size-default\">Jewel Usain &amp; Prince Waly pour le clip de l'ann\u00e9e ?<\/h2>\t\t<\/div>\n\t\t\t\t<\/div>\n\t\t\t\t<div class=\"elementor-element elementor-element-98f8197 elementor-widget elementor-widget-text-editor\" data-id=\"98f8197\" data-element_type=\"widget\" data-widget_type=\"text-editor.default\">\n\t\t\t\t<div class=\"elementor-widget-container\">\n\t\t\t\t\t\t\t<p>Nomin\u00e9 aux flammes dans la cat\u00e9gorie \u00ab\u00a0Clip de l&rsquo;ann\u00e9e\u00a0\u00bb, la collaboration entre Jewel &amp; Waly n&rsquo;a rien \u00e0 envier aux entres candidats. Le tout port\u00e9 par deux couplets sanglants. Si tu ne l&rsquo;as pas encore vu, c&rsquo;est le moment d&rsquo;\u00eatre \u00e0 jour !<\/p><p>Clip r\u00e9alis\u00e9 par <a href=\"https:\/\/www.instagram.com\/kidhao\/\" target=\"_blank\" rel=\"noopener\">KIDHAO<\/a><\/p>\t\t\t\t\t\t<\/div>\n\t\t\t\t<\/div>\n\t\t\t\t\t<\/div>\n\t\t\t\t<\/div>\n\t\t\t\t<\/div>\n\t\t","protected":false},"excerpt":{"rendered":"<p>Ici tu pourras retrouver toutes nos recommandations les plus r\u00e9centes concernant le rap fran\u00e7ais : aussi bien des concerts que des podcast, ou encore des clips. Une mani\u00e8re de d\u00e9couvrir le milieu tout en prenant un maximum de plaisir !<\/p>\n","protected":false},"author":2,"featured_media":371,"parent":0,"menu_order":0,"comment_status":"closed","ping_status":"closed","template":"","meta":{"footnotes":""},"class_list":["post-309","page","type-page","status-publish","has-post-thumbnail","hentry"],"_links":{"self":[{"href":"https:\/\/makingblog.audencia.com\/faceb\/wp-json\/wp\/v2\/pages\/309","targetHints":{"allow":["GET"]}}],"collection":[{"href":"https:\/\/makingblog.audencia.com\/faceb\/wp-json\/wp\/v2\/pages"}],"about":[{"href":"https:\/\/makingblog.audencia.com\/faceb\/wp-json\/wp\/v2\/types\/page"}],"author":[{"embeddable":true,"href":"https:\/\/makingblog.audencia.com\/faceb\/wp-json\/wp\/v2\/users\/2"}],"replies":[{"embeddable":true,"href":"https:\/\/makingblog.audencia.com\/faceb\/wp-json\/wp\/v2\/comments?post=309"}],"version-history":[{"count":64,"href":"https:\/\/makingblog.audencia.com\/faceb\/wp-json\/wp\/v2\/pages\/309\/revisions"}],"predecessor-version":[{"id":934,"href":"https:\/\/makingblog.audencia.com\/faceb\/wp-json\/wp\/v2\/pages\/309\/revisions\/934"}],"wp:featuredmedia":[{"embeddable":true,"href":"https:\/\/makingblog.audencia.com\/faceb\/wp-json\/wp\/v2\/media\/371"}],"wp:attachment":[{"href":"https:\/\/makingblog.audencia.com\/faceb\/wp-json\/wp\/v2\/media?parent=309"}],"curies":[{"name":"wp","href":"https:\/\/api.w.org\/{rel}","templated":true}]}}