{"id":12,"date":"2023-02-02T11:16:12","date_gmt":"2023-02-02T10:16:12","guid":{"rendered":"https:\/\/makingblog.audencia.com\/cinoma\/?page_id=12"},"modified":"2023-04-11T14:50:20","modified_gmt":"2023-04-11T12:50:20","slug":"a-propos-de","status":"publish","type":"page","link":"https:\/\/makingblog.audencia.com\/cinoma\/a-propos-de\/","title":{"rendered":"\u00c0 propos"},"content":{"rendered":"\n<p>Et te voici rendu \u00e0 lire le \u00ab&nbsp;\u00e0-propos&nbsp;\u00bb de mon blog\u2026<\/p>\n\n\n\n<p>Tu te demandes certainement ce qu\u2019est-ce blog, oui parce que la page d\u2019accueil et le nom \u00ab&nbsp;Cinoma&nbsp;\u00bb n\u2019\u00e9taient pas assez clair, je comprends.<\/p>\n\n\n\n<p>Quoique, tu pourrais te demander pourquoi \u00ab&nbsp;Cinoma&nbsp;\u00bb&nbsp;?&nbsp;<\/p>\n\n\n\n<p>Et \u00e0 cela je r\u00e9pondrai que je ne sais pas vraiment, que tout n\u2019a pas toujours une explication dans la vie, et que c\u2019est peut-\u00eatre une des phrases qu\u2019on m\u2019a le plus r\u00e9p\u00e9t\u00e9 d\u2019ailleurs dans ma vie.<\/p>\n\n\n\n<p>D\u2019ailleurs c\u2019est fascinant la vie.<\/p>\n\n\n\n<p>Au fait, qu\u2019est-ce que \u00e7a veut dire \u00ab&nbsp;\u00e0-propos&nbsp;\u00bb&nbsp;?&nbsp;<\/p>\n\n\n\n<p>Si je lis bien ce qui est sous mes yeux c\u2019est \u00ab&nbsp;le caract\u00e8re de ce qui est appropri\u00e9, opportun, de ce qui arrive \u00e0 point nomm\u00e9&nbsp;\u00bb.<\/p>\n\n\n\n<p>Je ne vois pas bien ce qui tomberait \u00e0 point nomm\u00e9 maintenant, peut-\u00eatre que je r\u00e9ponde \u00e0 ta question, mais comment pourrais-je conna\u00eetre ta question&nbsp;?<\/p>\n\n\n\n<p>Je lis maintenant qu\u2019\u00ab&nbsp;\u00e0 propos sert \u00e0 introduire une id\u00e9e, souvent une remarque ou une question, qui arrive subitement \u00e0 l\u2019esprit&nbsp;\u00bb.<\/p>\n\n\n\n<p>Je ne vois pas bien quelle id\u00e9e pourrait \u00eatre introduite subitement, et puis \u00e7a contredit aussi ce qu\u2019on a lu avant.<\/p>\n\n\n\n<p>Et je viens de me perdre en route\u2026<\/p>\n\n\n\n<p>Au fait, moi c\u2019est Noah.<\/p>\n\n\n\n<p>Je suis l\u2019un des auteurs de ce blog.<\/p>\n\n\n\n<p>Bon en fait je suis le seul auteur de ce blog, mais p\u2019t-\u00eatre pas pour toujours, who knows&nbsp;?<\/p>\n\n\n\n<p>J\u2019\u00e9cris ce qui me passe par la t\u00eate, je respecte l\u2019\u00e0-propos apr\u00e8s tout, et j\u2019ai d\u00e9cid\u00e9 que \u00e7a serait appropri\u00e9 l\u00e0.<\/p>\n\n\n\n<p>Les infos importantes devraient \u00eatre dans l\u2019en-t\u00eate, \u00e7a me tracasse d\u2019avoir beaucoup divagu\u00e9.<\/p>\n\n\n\n<p>Bon, parce que j\u2019ai pas toute la soir\u00e9e, et toi non plus certainement, je vais te dire le truc le plus important \u00e0 retenir<\/p>\n\n\n\n<p>Et oui, tu aurais pu faire d\u00e9filer directement jusqu\u2019ici, mais je trouve que c\u2019est amusant de faire un bout de chemin ensemble avant de se quitter.<\/p>\n\n\n\n<p>Ce blog est \u00e0 propos de ce que j\u2019ai vu, parce que c\u2019est dur de critiquer quelque chose qu\u2019on n\u2019a pas vu. Je projette d\u2019y faire figurer mes avis totalement subjectifs sur n\u2019importe quoi.<\/p>\n\n\n\n<p>J\u2019esp\u00e8re que \u00e7a pourra aider certains \u00e0 faire un choix sur le film ou la s\u00e9rie \u00e0 mettre tout de suite, et en m\u00eame temps je me dis que je viens de te faire perdre beaucoup de temps donc le film sera pas pour tout de suite.&nbsp;<\/p>\n\n\n\n<p>Combien de fois je me suis retrouv\u00e9 en gal\u00e8re de film, toute ma famille qui attend que j\u2019en trouve un, et en m\u00eame temps c\u2019est pas facile, entre mon fr\u00e8re qui aime l\u2019action, mon autre fr\u00e8re qui comprend rien mais qui aime quand m\u00eame la fiction, ma m\u00e8re qui aime la passion et mon p\u00e8re qui s\u2019endort de toute fa\u00e7on\u2026<\/p>\n\n\n\n<p>Comment choisir entre le film du dimanche, le bon film \u00e0 voir en couple, le film entre amis ou le film jamais fini, le film d\u00e9j\u00e0 vu 10 fois, le film dont on nous a parl\u00e9 mais qu\u2019on n\u2019a pas not\u00e9 et du coup qu\u2019on a oubli\u00e9, le film de notre acteur pr\u00e9f\u00e9r\u00e9, le film de notre r\u00e9alisateur pr\u00e9f\u00e9r\u00e9 ou encore le film \u00e0 mettre en fond pendant qu\u2019on repasse (on vous voit)\u2026<\/p>\n\n\n\n<p>Au final je me suis dit que \u00e7a manquait de blog de cin\u00e9ma, y en avait pas assez sans blague&nbsp;\ud83d\ude09<\/p>\n\n\n\n<p>Parce que je n\u2019ai jamais trouv\u00e9 le blog qui me passionnait (j\u2019ai pas cherch\u00e9 tr\u00e8s longtemps apr\u00e8s c\u2019est vrai), voici le miens en plus, une goutte d\u2019eau dans l\u2019oc\u00e9an, je rajoute mon pixel \u00e0 l\u2019\u00e9cran.<\/p>\n\n\n\n<p>J\u2019esp\u00e8re sinc\u00e8rement que t\u2019y trouveras ton bonheur.<\/p>\n\n\n\n<p>Voil\u00e0 je n\u2019ai plus rien qui me vient \u00e0 l\u2019esprit.<\/p>\n\n\n\n<p>Dont te voici \u00e0 la fin du \u00ab&nbsp;\u00e0-propos&nbsp;\u00bb de mon blog.<\/p>\n\n\n\n<p>A nous 2 Netflix&nbsp;! (Ceci n\u2019est pas un placement de produit).<\/p>\n\n\n\n<p><\/p>\n","protected":false},"excerpt":{"rendered":"<p>Et te voici rendu \u00e0 lire le \u00ab&nbsp;\u00e0-propos&nbsp;\u00bb de mon blog\u2026 Tu te demandes certainement ce qu\u2019est-ce blog, oui parce que la page d\u2019accueil et le nom \u00ab&nbsp;Cinoma&nbsp;\u00bb n\u2019\u00e9taient pas assez clair, je comprends. Quoique, tu pourrais te demander pourquoi \u00ab&nbsp;Cinoma&nbsp;\u00bb&nbsp;?&nbsp; Et \u00e0 cela je r\u00e9pondrai que je ne sais pas vraiment, que tout n\u2019a pas toujours une explication dans la vie, et que c\u2019est peut-\u00eatre une des phrases qu\u2019on m\u2019a le plus r\u00e9p\u00e9t\u00e9 d\u2019ailleurs dans ma vie. D\u2019ailleurs c\u2019est fascinant la vie. Au fait, qu\u2019est-ce que \u00e7a veut dire \u00ab&nbsp;\u00e0-propos&nbsp;\u00bb&nbsp;?&nbsp; Si je lis bien ce qui est sous mes yeux c\u2019est \u00ab&nbsp;le caract\u00e8re de ce qui est appropri\u00e9, opportun, de ce qui arrive \u00e0 point nomm\u00e9&nbsp;\u00bb. Je ne vois pas bien ce qui tomberait \u00e0 point nomm\u00e9 maintenant, peut-\u00eatre que je r\u00e9ponde \u00e0 ta question, mais comment pourrais-je conna\u00eetre ta question&nbsp;? Je lis maintenant qu\u2019\u00ab&nbsp;\u00e0 propos sert \u00e0 introduire une id\u00e9e, souvent une remarque ou une question, qui arrive subitement \u00e0 l\u2019esprit&nbsp;\u00bb. Je ne vois pas bien quelle id\u00e9e pourrait \u00eatre introduite subitement, et puis \u00e7a contredit aussi ce qu\u2019on a lu avant. Et je viens de me perdre en route\u2026 Au fait, moi c\u2019est Noah. Je suis l\u2019un des auteurs de ce blog. Bon en fait je suis le seul auteur de ce blog, mais p\u2019t-\u00eatre pas pour toujours, who knows&nbsp;? J\u2019\u00e9cris ce qui me passe par la t\u00eate, je respecte l\u2019\u00e0-propos apr\u00e8s tout, et j\u2019ai d\u00e9cid\u00e9 que \u00e7a serait appropri\u00e9 l\u00e0. Les infos importantes devraient \u00eatre dans l\u2019en-t\u00eate, \u00e7a me tracasse d\u2019avoir beaucoup divagu\u00e9. Bon, parce que j\u2019ai pas toute la soir\u00e9e, et toi non plus certainement, je vais te dire le truc le plus important \u00e0 retenir Et oui, tu aurais pu faire d\u00e9filer directement jusqu\u2019ici, mais je trouve que c\u2019est amusant de faire un bout de chemin ensemble avant de se quitter. Ce blog est \u00e0 propos de ce que j\u2019ai vu, parce que c\u2019est dur de critiquer quelque chose qu\u2019on n\u2019a pas vu. Je projette d\u2019y faire figurer mes avis totalement subjectifs sur n\u2019importe quoi. J\u2019esp\u00e8re que \u00e7a pourra aider certains \u00e0 faire un choix sur le film ou la s\u00e9rie \u00e0 mettre tout de suite, et en m\u00eame temps je me dis que je viens de te faire perdre beaucoup de temps donc le film sera pas pour tout de suite.&nbsp; Combien de fois je me suis retrouv\u00e9 en gal\u00e8re de film, toute ma famille qui attend que j\u2019en trouve un, et en m\u00eame temps c\u2019est pas facile, entre mon fr\u00e8re qui aime l\u2019action, mon autre fr\u00e8re qui comprend rien mais qui aime quand m\u00eame la fiction, ma m\u00e8re qui aime la passion et mon p\u00e8re qui s\u2019endort de toute fa\u00e7on\u2026 Comment choisir entre le film du dimanche, le bon film \u00e0 voir en couple, le film entre amis ou le film jamais fini, le film d\u00e9j\u00e0 vu 10 fois, le film dont on nous a parl\u00e9 mais qu\u2019on n\u2019a pas not\u00e9 et du coup qu\u2019on a oubli\u00e9, le film de notre acteur pr\u00e9f\u00e9r\u00e9, le film de notre r\u00e9alisateur pr\u00e9f\u00e9r\u00e9 ou encore le film \u00e0 mettre en fond pendant qu\u2019on repasse (on vous voit)\u2026 Au final je me suis dit que \u00e7a manquait de blog de cin\u00e9ma, y en avait pas assez sans blague&nbsp;\ud83d\ude09 Parce que je n\u2019ai jamais trouv\u00e9 le blog qui me passionnait (j\u2019ai pas cherch\u00e9 tr\u00e8s longtemps apr\u00e8s c\u2019est vrai), voici le miens en plus, une goutte d\u2019eau dans l\u2019oc\u00e9an, je rajoute mon pixel \u00e0 l\u2019\u00e9cran. J\u2019esp\u00e8re sinc\u00e8rement que t\u2019y trouveras ton bonheur. Voil\u00e0 je n\u2019ai plus rien qui me vient \u00e0 l\u2019esprit. Dont te voici \u00e0 la fin du \u00ab&nbsp;\u00e0-propos&nbsp;\u00bb de mon blog. A nous 2 Netflix&nbsp;! (Ceci n\u2019est pas un placement de produit).<\/p>\n","protected":false},"author":2,"featured_media":0,"parent":0,"menu_order":0,"comment_status":"closed","ping_status":"closed","template":"","meta":{"footnotes":""},"class_list":["post-12","page","type-page","status-publish","hentry"],"_links":{"self":[{"href":"https:\/\/makingblog.audencia.com\/cinoma\/wp-json\/wp\/v2\/pages\/12","targetHints":{"allow":["GET"]}}],"collection":[{"href":"https:\/\/makingblog.audencia.com\/cinoma\/wp-json\/wp\/v2\/pages"}],"about":[{"href":"https:\/\/makingblog.audencia.com\/cinoma\/wp-json\/wp\/v2\/types\/page"}],"author":[{"embeddable":true,"href":"https:\/\/makingblog.audencia.com\/cinoma\/wp-json\/wp\/v2\/users\/2"}],"replies":[{"embeddable":true,"href":"https:\/\/makingblog.audencia.com\/cinoma\/wp-json\/wp\/v2\/comments?post=12"}],"version-history":[{"count":3,"href":"https:\/\/makingblog.audencia.com\/cinoma\/wp-json\/wp\/v2\/pages\/12\/revisions"}],"predecessor-version":[{"id":144,"href":"https:\/\/makingblog.audencia.com\/cinoma\/wp-json\/wp\/v2\/pages\/12\/revisions\/144"}],"wp:attachment":[{"href":"https:\/\/makingblog.audencia.com\/cinoma\/wp-json\/wp\/v2\/media?parent=12"}],"curies":[{"name":"wp","href":"https:\/\/api.w.org\/{rel}","templated":true}]}}