{"id":78,"date":"2024-02-15T14:02:33","date_gmt":"2024-02-15T13:02:33","guid":{"rendered":"https:\/\/makingblog.audencia.com\/amoredipasta\/?page_id=78"},"modified":"2025-12-06T16:07:46","modified_gmt":"2025-12-06T15:07:46","slug":"about","status":"publish","type":"page","link":"https:\/\/makingblog.audencia.com\/amoredipasta\/about\/","title":{"rendered":"A propos"},"content":{"rendered":"\t\t<div data-elementor-type=\"wp-page\" data-elementor-id=\"78\" class=\"elementor elementor-78\">\n\t\t\t\t<div class=\"elementor-element elementor-element-393c3c3b e-flex e-con-boxed e-con e-parent\" data-id=\"393c3c3b\" data-element_type=\"container\" data-settings=\"{&quot;content_width&quot;:&quot;boxed&quot;}\" data-core-v316-plus=\"true\">\n\t\t\t\t\t<div class=\"e-con-inner\">\n\t\t\t\t<div class=\"elementor-element elementor-element-0bd9aeb elementor-widget elementor-widget-heading\" data-id=\"0bd9aeb\" data-element_type=\"widget\" data-widget_type=\"heading.default\">\n\t\t\t\t<div class=\"elementor-widget-container\">\n\t\t\t<style>\/*! elementor - v3.19.0 - 07-02-2024 *\/\n.elementor-heading-title{padding:0;margin:0;line-height:1}.elementor-widget-heading .elementor-heading-title[class*=elementor-size-]>a{color:inherit;font-size:inherit;line-height:inherit}.elementor-widget-heading .elementor-heading-title.elementor-size-small{font-size:15px}.elementor-widget-heading .elementor-heading-title.elementor-size-medium{font-size:19px}.elementor-widget-heading .elementor-heading-title.elementor-size-large{font-size:29px}.elementor-widget-heading .elementor-heading-title.elementor-size-xl{font-size:39px}.elementor-widget-heading .elementor-heading-title.elementor-size-xxl{font-size:59px}<\/style><h2 class=\"elementor-heading-title elementor-size-default\">\u00c0 Propos de Amore Di Pasta<\/h2>\t\t<\/div>\n\t\t\t\t<\/div>\n\t\t\t\t<div class=\"elementor-element elementor-element-7cc9f045 elementor-widget elementor-widget-text-editor\" data-id=\"7cc9f045\" data-element_type=\"widget\" data-widget_type=\"text-editor.default\">\n\t\t\t\t<div class=\"elementor-widget-container\">\n\t\t\t<style>\/*! elementor - v3.19.0 - 07-02-2024 *\/\n.elementor-widget-text-editor.elementor-drop-cap-view-stacked .elementor-drop-cap{background-color:#69727d;color:#fff}.elementor-widget-text-editor.elementor-drop-cap-view-framed .elementor-drop-cap{color:#69727d;border:3px solid;background-color:transparent}.elementor-widget-text-editor:not(.elementor-drop-cap-view-default) .elementor-drop-cap{margin-top:8px}.elementor-widget-text-editor:not(.elementor-drop-cap-view-default) .elementor-drop-cap-letter{width:1em;height:1em}.elementor-widget-text-editor .elementor-drop-cap{float:left;text-align:center;line-height:1;font-size:50px}.elementor-widget-text-editor .elementor-drop-cap-letter{display:inline-block}<\/style>\t\t\t\t<h2 style=\"font-size: var(--wp--preset--font-size--large) !important;\"><br><\/h2>\n<div><br><\/div>\n<p>Bienvenue sur \u00ab\u00a0Amore di Pasta\u00a0\u00bb, le rendez-vous incontournable pour tous les amoureux des p\u00e2tes ! Plongez dans un monde culinaire riche en saveurs, traditions et cr\u00e9ativit\u00e9, o\u00f9 chaque article vous invite \u00e0 explorer l&rsquo;art infini des p\u00e2tes sous toutes ses formes.<br><!-- \/wp:kubio\/text --><\/p>\n<p><!-- wp:kubio\/text {\"kubio\":{\"styleRef\":\"Jwq4dIK6WVJ\",\"hash\":\"SxW3S_2M0sw\"}} --><br>Nous sommes deux \u00e9tudiantes et amies qui raffolons des pates. Passionn\u00e9es par la cuisine, nous avons d\u00e9cid\u00e9 de cr\u00e9er cet espace pour partager notre amour commun pour les p\u00e2tes et vous emmener dans un voyage gustatif au c\u0153ur de la gastronomie italienne et bien au-del\u00e0.<\/p>\n<p><!-- wp:kubio\/text {\"kubio\":{\"styleRef\":\"ZHkPhzrsEGr\",\"hash\":\"gLb_DOpei6X\"}} --><br>Notre constat \u00e9tait clair : il manquait un espace d\u00e9di\u00e9 exclusivement \u00e0 cet aliment embl\u00e9matique, o\u00f9 les passionn\u00e9s pourraient plonger dans un oc\u00e9an de recettes, d&rsquo;astuces et de d\u00e9couvertes li\u00e9es aux p\u00e2tes. En cr\u00e9ant \u00ab\u00a0Amore di Pasta\u00a0\u00bb, notre ambition \u00e9tait de combler ce vide, de fournir une plateforme o\u00f9 les amoureux des p\u00e2tes pourraient se retrouver et s&rsquo;immerger. Nous avons con\u00e7u ce blog comme un espace chaleureux o\u00f9 les passionn\u00e9s de p\u00e2tes, qu&rsquo;ils soient novices ou experts en cuisine, peuvent trouver inspiration, astuces et un soup\u00e7on de cr\u00e9ativit\u00e9 pour transformer chaque repas en une exp\u00e9rience inoubliable.<br><!-- \/wp:kubio\/text --><\/p>\n<p><!-- wp:kubio\/text {\"kubio\":{\"styleRef\":\"tAbTdabeMmD\",\"hash\":\"uQeHHVuOQsA\"}} --><br>Pr\u00e9parez-vous \u00e0 vivre une v\u00e9ritable histoire d&rsquo;amour avec les p\u00e2tes, \u00e0 d\u00e9couvrir de nouvelles saveurs et \u00e0 partager notre passion pour ce d\u00e9licieux patrimoine culinaire. Nous sommes ravis de vous accueillir dans notre communaut\u00e9 pasta\u00efole, o\u00f9 l&rsquo;amour pour les p\u00e2tes prend vie \u00e0 chaque page de \u00ab\u00a0Amore di Pasta\u00a0\u00bb&nbsp;<\/p>\n<p><!-- \/wp:cover --><\/p>\t\t\t\t\t\t<\/div>\n\t\t\t\t<\/div>\n\t\t\t\t\t<\/div>\n\t\t\t\t<\/div>\n\t\t<div class=\"elementor-element elementor-element-69703d9 e-flex e-con-boxed e-con e-parent\" data-id=\"69703d9\" data-element_type=\"container\" data-settings=\"{&quot;content_width&quot;:&quot;boxed&quot;}\" data-core-v316-plus=\"true\">\n\t\t\t\t\t<div class=\"e-con-inner\">\n\t\t\t\t\t<\/div>\n\t\t\t\t<\/div>\n\t\t\t\t<\/div>\n\t\t","protected":false},"excerpt":{"rendered":"<p>\u00c0 Propos de Amore Di Pasta Bienvenue sur \u00ab\u00a0Amore di Pasta\u00a0\u00bb, le rendez-vous&hellip;<\/p>\n","protected":false},"author":4,"featured_media":0,"parent":0,"menu_order":0,"comment_status":"closed","ping_status":"closed","template":"","meta":{"saved_in_kubio":true,"footnotes":""},"class_list":["post-78","page","type-page","status-publish","hentry"],"kubio_ai_page_context":{"short_desc":"","purpose":"general"},"_links":{"self":[{"href":"https:\/\/makingblog.audencia.com\/amoredipasta\/wp-json\/wp\/v2\/pages\/78","targetHints":{"allow":["GET"]}}],"collection":[{"href":"https:\/\/makingblog.audencia.com\/amoredipasta\/wp-json\/wp\/v2\/pages"}],"about":[{"href":"https:\/\/makingblog.audencia.com\/amoredipasta\/wp-json\/wp\/v2\/types\/page"}],"author":[{"embeddable":true,"href":"https:\/\/makingblog.audencia.com\/amoredipasta\/wp-json\/wp\/v2\/users\/4"}],"replies":[{"embeddable":true,"href":"https:\/\/makingblog.audencia.com\/amoredipasta\/wp-json\/wp\/v2\/comments?post=78"}],"version-history":[{"count":9,"href":"https:\/\/makingblog.audencia.com\/amoredipasta\/wp-json\/wp\/v2\/pages\/78\/revisions"}],"predecessor-version":[{"id":554,"href":"https:\/\/makingblog.audencia.com\/amoredipasta\/wp-json\/wp\/v2\/pages\/78\/revisions\/554"}],"wp:attachment":[{"href":"https:\/\/makingblog.audencia.com\/amoredipasta\/wp-json\/wp\/v2\/media?parent=78"}],"curies":[{"name":"wp","href":"https:\/\/api.w.org\/{rel}","templated":true}]}}