{"id":248,"date":"2024-02-23T09:35:54","date_gmt":"2024-02-23T08:35:54","guid":{"rendered":"http:\/\/makingblog.audencia.com\/upsidetown\/?page_id=248"},"modified":"2024-03-19T22:39:22","modified_gmt":"2024-03-19T21:39:22","slug":"essai","status":"publish","type":"page","link":"http:\/\/makingblog.audencia.com\/upsidetown\/essai\/","title":{"rendered":"Le saviez-vous ? L&rsquo;horreur est humaine&#8230;"},"content":{"rendered":"\t\t<div data-elementor-type=\"wp-page\" data-elementor-id=\"248\" class=\"elementor elementor-248\">\n\t\t\t\t<div class=\"elementor-element elementor-element-a0822fb e-flex e-con-boxed e-con e-parent\" data-id=\"a0822fb\" data-element_type=\"container\" data-settings=\"{&quot;content_width&quot;:&quot;boxed&quot;}\" data-core-v316-plus=\"true\">\n\t\t\t\t\t<div class=\"e-con-inner\">\n\t\t<div class=\"elementor-element elementor-element-d66f723 e-con-full e-flex e-con e-child\" data-id=\"d66f723\" data-element_type=\"container\" data-settings=\"{&quot;content_width&quot;:&quot;full&quot;}\">\n\t\t\t\t<div class=\"elementor-element elementor-element-a8ab996 elementor-widget elementor-widget-image\" data-id=\"a8ab996\" data-element_type=\"widget\" data-widget_type=\"image.default\">\n\t\t\t\t<div class=\"elementor-widget-container\">\n\t\t\t<style>\/*! elementor - v3.19.0 - 07-02-2024 *\/\n.elementor-widget-image{text-align:center}.elementor-widget-image a{display:inline-block}.elementor-widget-image a img[src$=\".svg\"]{width:48px}.elementor-widget-image img{vertical-align:middle;display:inline-block}<\/style>\t\t\t\t\t\t\t\t\t\t<img fetchpriority=\"high\" decoding=\"async\" width=\"950\" height=\"534\" src=\"http:\/\/makingblog.audencia.com\/upsidetown\/wp-content\/uploads\/2024\/03\/cerveau-3D-1024x576.jpg\" class=\"attachment-large size-large wp-image-590\" alt=\"\" srcset=\"http:\/\/makingblog.audencia.com\/upsidetown\/wp-content\/uploads\/2024\/03\/cerveau-3D-1024x576.jpg 1024w, http:\/\/makingblog.audencia.com\/upsidetown\/wp-content\/uploads\/2024\/03\/cerveau-3D-300x169.jpg 300w, http:\/\/makingblog.audencia.com\/upsidetown\/wp-content\/uploads\/2024\/03\/cerveau-3D-1536x864.jpg 1536w, http:\/\/makingblog.audencia.com\/upsidetown\/wp-content\/uploads\/2024\/03\/cerveau-3D.jpg 1838w\" sizes=\"100vw\" \/>\t\t\t\t\t\t\t\t\t\t\t\t\t<\/div>\n\t\t\t\t<\/div>\n\t\t\t\t<\/div>\n\t\t<div class=\"elementor-element elementor-element-9257051 e-con-full e-flex e-con e-child\" data-id=\"9257051\" data-element_type=\"container\" data-settings=\"{&quot;content_width&quot;:&quot;full&quot;}\">\n\t\t\t\t<div class=\"elementor-element elementor-element-9d34e74 elementor-widget elementor-widget-image\" data-id=\"9d34e74\" data-element_type=\"widget\" data-widget_type=\"image.default\">\n\t\t\t\t<div class=\"elementor-widget-container\">\n\t\t\t\t\t\t\t\t\t\t\t\t\t<img decoding=\"async\" width=\"950\" height=\"534\" src=\"http:\/\/makingblog.audencia.com\/upsidetown\/wp-content\/uploads\/2024\/03\/esign-IF-237.png.webp\" class=\"attachment-large size-large wp-image-586\" alt=\"\" srcset=\"http:\/\/makingblog.audencia.com\/upsidetown\/wp-content\/uploads\/2024\/03\/esign-IF-237.png.webp 1024w, http:\/\/makingblog.audencia.com\/upsidetown\/wp-content\/uploads\/2024\/03\/esign-IF-237.png-300x169.webp 300w\" sizes=\"100vw\" \/>\t\t\t\t\t\t\t\t\t\t\t\t\t<\/div>\n\t\t\t\t<\/div>\n\t\t\t\t<\/div>\n\t\t\t\t\t<\/div>\n\t\t\t\t<\/div>\n\t\t<div class=\"elementor-element elementor-element-8697ccc e-flex e-con-boxed e-con e-parent\" data-id=\"8697ccc\" data-element_type=\"container\" data-settings=\"{&quot;content_width&quot;:&quot;boxed&quot;}\" data-core-v316-plus=\"true\">\n\t\t\t\t\t<div class=\"e-con-inner\">\n\t\t\t\t<div class=\"elementor-element elementor-element-9eb7221 elementor-widget elementor-widget-heading\" data-id=\"9eb7221\" data-element_type=\"widget\" data-widget_type=\"heading.default\">\n\t\t\t\t<div class=\"elementor-widget-container\">\n\t\t\t<style>\/*! elementor - v3.19.0 - 07-02-2024 *\/\n.elementor-heading-title{padding:0;margin:0;line-height:1}.elementor-widget-heading .elementor-heading-title[class*=elementor-size-]>a{color:inherit;font-size:inherit;line-height:inherit}.elementor-widget-heading .elementor-heading-title.elementor-size-small{font-size:15px}.elementor-widget-heading .elementor-heading-title.elementor-size-medium{font-size:19px}.elementor-widget-heading .elementor-heading-title.elementor-size-large{font-size:29px}.elementor-widget-heading .elementor-heading-title.elementor-size-xl{font-size:39px}.elementor-widget-heading .elementor-heading-title.elementor-size-xxl{font-size:59px}<\/style><h2 class=\"elementor-heading-title elementor-size-default\">Pourquoi sommes-nous tant fascin\u00e9s par les faits-divers ?<\/h2>\t\t<\/div>\n\t\t\t\t<\/div>\n\t\t\t\t\t<\/div>\n\t\t\t\t<\/div>\n\t\t<div class=\"elementor-element elementor-element-f7a94a1 e-flex e-con-boxed e-con e-parent\" data-id=\"f7a94a1\" data-element_type=\"container\" data-settings=\"{&quot;content_width&quot;:&quot;boxed&quot;}\" data-core-v316-plus=\"true\">\n\t\t\t\t\t<div class=\"e-con-inner\">\n\t\t\t\t<div class=\"elementor-element elementor-element-ab1c44b elementor-widget__width-initial elementor-widget elementor-widget-text-editor\" data-id=\"ab1c44b\" data-element_type=\"widget\" data-widget_type=\"text-editor.default\">\n\t\t\t\t<div class=\"elementor-widget-container\">\n\t\t\t<style>\/*! elementor - v3.19.0 - 07-02-2024 *\/\n.elementor-widget-text-editor.elementor-drop-cap-view-stacked .elementor-drop-cap{background-color:#69727d;color:#fff}.elementor-widget-text-editor.elementor-drop-cap-view-framed .elementor-drop-cap{color:#69727d;border:3px solid;background-color:transparent}.elementor-widget-text-editor:not(.elementor-drop-cap-view-default) .elementor-drop-cap{margin-top:8px}.elementor-widget-text-editor:not(.elementor-drop-cap-view-default) .elementor-drop-cap-letter{width:1em;height:1em}.elementor-widget-text-editor .elementor-drop-cap{float:left;text-align:center;line-height:1;font-size:50px}.elementor-widget-text-editor .elementor-drop-cap-letter{display:inline-block}<\/style>\t\t\t\t<p style=\"font-weight: 400; text-align: left;\"><span style=\"font-family: georgia, palatino, serif; text-align: var(--text-align);\">L&rsquo;humanit\u00e9 a toujours \u00e9t\u00e9 fascin\u00e9e par la noirceur de l&rsquo;esprit humain, explorant les endroits les plus sombres du cerveau et de l\u2019esprit \u00e0 travers les crimes myst\u00e9rieux, les l\u00e9gendes paranormales et les affaires \u00e9nigmatiques.<\/span><\/p><p style=\"font-weight: 400;\"><span style=\"font-family: georgia, palatino, serif;\"><span style=\"text-align: var(--text-align);\"><strong>Mais alors pourquoi sommes-nous tant captiv\u00e9s par ces r\u00e9cits troublants et souvent inexpliqu\u00e9s ?<\/strong> Pour comprendre cette fascination, il est essentiel d&rsquo;explorer plusieurs aspects de la psychologie humaine qui entrent en jeu dans ces notions d\u2019interrogation\u2026<\/span><strong style=\"text-align: var(--text-align);\">\u00a0<\/strong><\/span><\/p><ul style=\"list-style-type: circle;\"><li style=\"font-weight: 400;\"><span style=\"font-family: georgia, palatino, serif;\"><strong>Tout d\u2019abord, commen\u00e7ons par l&rsquo;attraction et l\u2019attirance de l&rsquo;inconnu\u2026<\/strong><\/span><\/li><\/ul><p style=\"font-weight: 400;\"><span style=\"font-family: georgia, palatino, serif; text-align: var(--text-align);\">L&rsquo;humain est un \u00eatre curieux, toujours en qu\u00eate de nouvelles exp\u00e9riences et de sensations fortes. Les r\u00e9cits qui d\u00e9fient notre compr\u00e9hension du monde suscitent un sentiment d&rsquo;excitation et d&rsquo;\u00e9merveillement. Nous sommes attir\u00e9s par l&rsquo;id\u00e9e de plonger dans l&rsquo;inconnu, de d\u00e9fier nos propres limites et de d\u00e9couvrir ce qui se cache dans les ces histoires troublantes et \u00e9nigmatiques.<\/span><\/p><ul style=\"list-style-type: circle;\"><li style=\"font-weight: 400;\"><span style=\"font-family: georgia, palatino, serif;\"><strong style=\"text-align: var(--text-align);\">Mais alors pourquoi sommes-nous autant attir\u00e9s par les histoires effrayantes ?<\/strong><\/span><\/li><\/ul><p style=\"font-weight: 400;\"><span style=\"font-family: georgia, palatino, serif;\">Les r\u00e9cits de crimes myst\u00e9rieux, de l\u00e9gendes paranormales et d&rsquo;affaires \u00e9nigmatiques suscitent souvent des \u00e9motions intenses comme la peur et l&rsquo;excitation. Ces histoires nous permettent de vivre des exp\u00e9riences \u00e9motionnelles fortes, ce qui renforce notre sentiment de puissance int\u00e9rieure.<\/span><\/p><ul style=\"list-style-type: circle;\"><li style=\"font-weight: 400;\"><span style=\"font-family: georgia, palatino, serif;\"><strong>Les faits-divers peuvent-ils renvoyer \u00e0 notre part la plus sombre\u00a0? <\/strong><\/span><\/li><\/ul><p style=\"font-weight: 400;\"><span style=\"font-family: georgia, palatino, serif;\">Oui, les faits-divers nous renvoient \u00e0 nos instincts les plus bas et \u00e0 notre propre part sombre de perversion, de sadisme et de voyeurisme que nous avons tous enfouis et que nous n\u2019assumons pas.<\/span><\/p><p style=\"font-weight: 400;\"><span style=\"font-family: georgia, palatino, serif;\">Si l\u2019on regarde le bon c\u00f4t\u00e9 du miroir, on aura tendance \u00e0 penser que s\u2019int\u00e9resser aux faits-divers, rel\u00e8ves de notre humanit\u00e9 et de notre compassion face aux victimes de ces terribles crimes.\u00a0<span style=\"text-align: var(--text-align);\">Mais pour beaucoup, cela r\u00e9veille les pires instincts et les pires comportements. En 1996, lorsque le tueur multir\u00e9cidiviste\u00a0belge <strong>Marc Dutroux<\/strong> est arr\u00eat\u00e9, l\u2019indignation est telle qu\u2019il est oblig\u00e9 de porter un gilet pare-balles, de peur que quelqu\u2019un dissimul\u00e9 dans la foule veuille \u00e9liminer le criminel.<\/span><\/span><\/p><p><span style=\"font-family: georgia, palatino, serif;\">Le meurtrier agit ici comme l\u2019incarnation du mal\u00a0et rappelle que chacun de nous est un criminel qui dort, selon le psychanalyste <u><b>Jacques<\/b><\/u><b><u>-Alain<\/u><\/b><u> <\/u><b><u>Miller<\/u><\/b> : <em style=\"font-weight: 400;\">\u00ab\u00a0L\u2019immoral est une partie de notre \u00eatre. Nous r\u00eavons de transgresser, pour r\u00e9aliser nos d\u00e9sirs interdits. La fascination pour le grand criminel trouve sa raison d\u2019\u00eatre en ceci qu\u2019il r\u00e9alise un fantasme pr\u00e9sent en nous. Nous sommes tous des assassins inconscients\u00a0\u00bb.<\/em><\/span><\/p><ul style=\"list-style-type: circle;\"><li style=\"font-weight: 400;\"><span style=\"font-family: georgia, palatino, serif;\"><strong>Plus le meurtre est sordide, plus il nous fascine\u2026<\/strong><\/span><\/li><\/ul><p style=\"font-weight: 400;\"><span style=\"font-family: georgia, palatino, serif;\">Parfois, c\u2019est la sordidit\u00e9 des meurtres qui d\u00e9clenchent la fascination, car l\u2019esprit humain s\u2019interroge sur la nature humaine, et sur les raisons qui poussent un homme ou une femme de commettre l\u2019irr\u00e9parable.\u00a0<span style=\"text-align: var(--text-align);\">Le myst\u00e8re qui entoure certains de ces crimes affreux suscite \u00e0 la fois d\u00e9go\u00fbt, horreur, mais aussi\u00a0une grande\u00a0fascination.<\/span><\/span><\/p>\t\t\t\t\t\t<\/div>\n\t\t\t\t<\/div>\n\t\t\t\t\t<\/div>\n\t\t\t\t<\/div>\n\t\t<div class=\"elementor-element elementor-element-30cf502 e-flex e-con-boxed e-con e-parent\" data-id=\"30cf502\" data-element_type=\"container\" data-settings=\"{&quot;content_width&quot;:&quot;boxed&quot;}\" data-core-v316-plus=\"true\">\n\t\t\t\t\t<div class=\"e-con-inner\">\n\t\t<div class=\"elementor-element elementor-element-4ebcfd6 e-con-full e-flex e-con e-child\" data-id=\"4ebcfd6\" data-element_type=\"container\" data-settings=\"{&quot;content_width&quot;:&quot;full&quot;}\">\n\t\t\t\t<div class=\"elementor-element elementor-element-e4076ee elementor-widget elementor-widget-video\" data-id=\"e4076ee\" data-element_type=\"widget\" data-settings=\"{&quot;youtube_url&quot;:&quot;https:\\\/\\\/www.youtube.com\\\/watch?v=-h6Q2oeQXpE&quot;,&quot;video_type&quot;:&quot;youtube&quot;,&quot;controls&quot;:&quot;yes&quot;}\" data-widget_type=\"video.default\">\n\t\t\t\t<div class=\"elementor-widget-container\">\n\t\t\t<style>\/*! elementor - v3.19.0 - 07-02-2024 *\/\n.elementor-widget-video .elementor-widget-container{overflow:hidden;transform:translateZ(0)}.elementor-widget-video .elementor-wrapper{aspect-ratio:var(--video-aspect-ratio)}.elementor-widget-video .elementor-wrapper iframe,.elementor-widget-video .elementor-wrapper video{height:100%;width:100%;display:flex;border:none;background-color:#000}@supports not (aspect-ratio:1\/1){.elementor-widget-video .elementor-wrapper{position:relative;overflow:hidden;height:0;padding-bottom:calc(100% \/ var(--video-aspect-ratio))}.elementor-widget-video .elementor-wrapper iframe,.elementor-widget-video .elementor-wrapper video{position:absolute;top:0;right:0;bottom:0;left:0}}.elementor-widget-video .elementor-open-inline .elementor-custom-embed-image-overlay{position:absolute;top:0;right:0;bottom:0;left:0;background-size:cover;background-position:50%}.elementor-widget-video .elementor-custom-embed-image-overlay{cursor:pointer;text-align:center}.elementor-widget-video .elementor-custom-embed-image-overlay:hover .elementor-custom-embed-play i{opacity:1}.elementor-widget-video .elementor-custom-embed-image-overlay img{display:block;width:100%;aspect-ratio:var(--video-aspect-ratio);-o-object-fit:cover;object-fit:cover;-o-object-position:center center;object-position:center center}@supports not (aspect-ratio:1\/1){.elementor-widget-video .elementor-custom-embed-image-overlay{position:relative;overflow:hidden;height:0;padding-bottom:calc(100% \/ var(--video-aspect-ratio))}.elementor-widget-video .elementor-custom-embed-image-overlay img{position:absolute;top:0;right:0;bottom:0;left:0}}.elementor-widget-video .e-hosted-video .elementor-video{-o-object-fit:cover;object-fit:cover}.e-con-inner>.elementor-widget-video,.e-con>.elementor-widget-video{width:var(--container-widget-width);--flex-grow:var(--container-widget-flex-grow)}<\/style>\t\t<div class=\"elementor-wrapper elementor-open-inline\">\n\t\t\t<div class=\"elementor-video\"><\/div>\t\t<\/div>\n\t\t\t\t<\/div>\n\t\t\t\t<\/div>\n\t\t\t\t<\/div>\n\t\t<div class=\"elementor-element elementor-element-e172a22 e-con-full e-flex e-con e-child\" data-id=\"e172a22\" data-element_type=\"container\" data-settings=\"{&quot;content_width&quot;:&quot;full&quot;}\">\n\t\t\t\t<div class=\"elementor-element elementor-element-f37e604 elementor-widget elementor-widget-video\" data-id=\"f37e604\" data-element_type=\"widget\" data-settings=\"{&quot;youtube_url&quot;:&quot;https:\\\/\\\/www.youtube.com\\\/watch?v=2g1vwNtpFsY&quot;,&quot;video_type&quot;:&quot;youtube&quot;,&quot;controls&quot;:&quot;yes&quot;}\" data-widget_type=\"video.default\">\n\t\t\t\t<div class=\"elementor-widget-container\">\n\t\t\t\t\t<div class=\"elementor-wrapper elementor-open-inline\">\n\t\t\t<div class=\"elementor-video\"><\/div>\t\t<\/div>\n\t\t\t\t<\/div>\n\t\t\t\t<\/div>\n\t\t\t\t<\/div>\n\t\t\t\t\t<\/div>\n\t\t\t\t<\/div>\n\t\t\t\t<\/div>\n\t\t","protected":false},"excerpt":{"rendered":"<p>Pourquoi sommes-nous tant fascin\u00e9s par les faits-divers ? L&rsquo;humanit\u00e9 a toujours \u00e9t\u00e9 fascin\u00e9e par la noirceur de l&rsquo;esprit humain, explorant les endroits les plus sombres du cerveau et de l\u2019esprit \u00e0 travers les crimes myst\u00e9rieux, les l\u00e9gendes paranormales et les affaires \u00e9nigmatiques. Mais alors pourquoi sommes-nous tant captiv\u00e9s par ces r\u00e9cits troublants et souvent inexpliqu\u00e9s &hellip; <\/p>\n<p class=\"link-more\"><a href=\"http:\/\/makingblog.audencia.com\/upsidetown\/essai\/\" class=\"more-link\">Lire la suite de<span class=\"screen-reader-text\">\u00ab\u00a0Le saviez-vous ? L&rsquo;horreur est humaine&#8230;\u00a0\u00bb<\/span><\/a><\/p>\n","protected":false},"author":2,"featured_media":0,"parent":0,"menu_order":0,"comment_status":"closed","ping_status":"closed","template":"","meta":{"footnotes":""},"class_list":["post-248","page","type-page","status-publish","hentry"],"_links":{"self":[{"href":"http:\/\/makingblog.audencia.com\/upsidetown\/wp-json\/wp\/v2\/pages\/248","targetHints":{"allow":["GET"]}}],"collection":[{"href":"http:\/\/makingblog.audencia.com\/upsidetown\/wp-json\/wp\/v2\/pages"}],"about":[{"href":"http:\/\/makingblog.audencia.com\/upsidetown\/wp-json\/wp\/v2\/types\/page"}],"author":[{"embeddable":true,"href":"http:\/\/makingblog.audencia.com\/upsidetown\/wp-json\/wp\/v2\/users\/2"}],"replies":[{"embeddable":true,"href":"http:\/\/makingblog.audencia.com\/upsidetown\/wp-json\/wp\/v2\/comments?post=248"}],"version-history":[{"count":30,"href":"http:\/\/makingblog.audencia.com\/upsidetown\/wp-json\/wp\/v2\/pages\/248\/revisions"}],"predecessor-version":[{"id":596,"href":"http:\/\/makingblog.audencia.com\/upsidetown\/wp-json\/wp\/v2\/pages\/248\/revisions\/596"}],"wp:attachment":[{"href":"http:\/\/makingblog.audencia.com\/upsidetown\/wp-json\/wp\/v2\/media?parent=248"}],"curies":[{"name":"wp","href":"https:\/\/api.w.org\/{rel}","templated":true}]}}