{"id":137,"date":"2024-02-22T11:54:28","date_gmt":"2024-02-22T10:54:28","guid":{"rendered":"https:\/\/makingblog.audencia.com\/upsidetown\/?page_id=137"},"modified":"2024-03-19T21:24:21","modified_gmt":"2024-03-19T20:24:21","slug":"a-propos","status":"publish","type":"page","link":"http:\/\/makingblog.audencia.com\/upsidetown\/a-propos\/","title":{"rendered":"\u00c0 propos"},"content":{"rendered":"\t\t<div data-elementor-type=\"wp-page\" data-elementor-id=\"137\" class=\"elementor elementor-137\">\n\t\t\t\t<div class=\"elementor-element elementor-element-164bee1 e-flex e-con-boxed e-con e-parent\" data-id=\"164bee1\" data-element_type=\"container\" data-settings=\"{&quot;content_width&quot;:&quot;boxed&quot;}\" data-core-v316-plus=\"true\">\n\t\t\t\t\t<div class=\"e-con-inner\">\n\t\t<div class=\"elementor-element elementor-element-428f917 e-con-full e-flex e-con e-child\" data-id=\"428f917\" data-element_type=\"container\" data-settings=\"{&quot;content_width&quot;:&quot;full&quot;}\">\n\t\t\t\t<div class=\"elementor-element elementor-element-2b14a4c elementor-widget elementor-widget-image\" data-id=\"2b14a4c\" data-element_type=\"widget\" data-widget_type=\"image.default\">\n\t\t\t\t<div class=\"elementor-widget-container\">\n\t\t\t<style>\/*! elementor - v3.19.0 - 07-02-2024 *\/\n.elementor-widget-image{text-align:center}.elementor-widget-image a{display:inline-block}.elementor-widget-image a img[src$=\".svg\"]{width:48px}.elementor-widget-image img{vertical-align:middle;display:inline-block}<\/style>\t\t\t\t\t\t\t\t\t\t<img fetchpriority=\"high\" decoding=\"async\" width=\"950\" height=\"638\" src=\"http:\/\/makingblog.audencia.com\/upsidetown\/wp-content\/uploads\/2024\/03\/Capture-decran-2024-03-18-a-20.24.37-1024x688.png\" class=\"attachment-large size-large wp-image-428\" alt=\"\" srcset=\"http:\/\/makingblog.audencia.com\/upsidetown\/wp-content\/uploads\/2024\/03\/Capture-decran-2024-03-18-a-20.24.37-1024x688.png 1024w, http:\/\/makingblog.audencia.com\/upsidetown\/wp-content\/uploads\/2024\/03\/Capture-decran-2024-03-18-a-20.24.37-300x202.png 300w, http:\/\/makingblog.audencia.com\/upsidetown\/wp-content\/uploads\/2024\/03\/Capture-decran-2024-03-18-a-20.24.37.png 1190w\" sizes=\"100vw\" \/>\t\t\t\t\t\t\t\t\t\t\t\t\t<\/div>\n\t\t\t\t<\/div>\n\t\t\t\t<div class=\"elementor-element elementor-element-e47c2e2 elementor-widget elementor-widget-heading\" data-id=\"e47c2e2\" data-element_type=\"widget\" data-widget_type=\"heading.default\">\n\t\t\t\t<div class=\"elementor-widget-container\">\n\t\t\t<style>\/*! elementor - v3.19.0 - 07-02-2024 *\/\n.elementor-heading-title{padding:0;margin:0;line-height:1}.elementor-widget-heading .elementor-heading-title[class*=elementor-size-]>a{color:inherit;font-size:inherit;line-height:inherit}.elementor-widget-heading .elementor-heading-title.elementor-size-small{font-size:15px}.elementor-widget-heading .elementor-heading-title.elementor-size-medium{font-size:19px}.elementor-widget-heading .elementor-heading-title.elementor-size-large{font-size:29px}.elementor-widget-heading .elementor-heading-title.elementor-size-xl{font-size:39px}.elementor-widget-heading .elementor-heading-title.elementor-size-xxl{font-size:59px}<\/style><h2 class=\"elementor-heading-title elementor-size-default\">Hello ! Moi c'est Lou-Anne...<\/h2>\t\t<\/div>\n\t\t\t\t<\/div>\n\t\t\t\t<div class=\"elementor-element elementor-element-235344e elementor-widget elementor-widget-text-editor\" data-id=\"235344e\" data-element_type=\"widget\" data-widget_type=\"text-editor.default\">\n\t\t\t\t<div class=\"elementor-widget-container\">\n\t\t\t<style>\/*! elementor - v3.19.0 - 07-02-2024 *\/\n.elementor-widget-text-editor.elementor-drop-cap-view-stacked .elementor-drop-cap{background-color:#69727d;color:#fff}.elementor-widget-text-editor.elementor-drop-cap-view-framed .elementor-drop-cap{color:#69727d;border:3px solid;background-color:transparent}.elementor-widget-text-editor:not(.elementor-drop-cap-view-default) .elementor-drop-cap{margin-top:8px}.elementor-widget-text-editor:not(.elementor-drop-cap-view-default) .elementor-drop-cap-letter{width:1em;height:1em}.elementor-widget-text-editor .elementor-drop-cap{float:left;text-align:center;line-height:1;font-size:50px}.elementor-widget-text-editor .elementor-drop-cap-letter{display:inline-block}<\/style>\t\t\t\t<p style=\"caret-color: #000000; color: #000000; font-size: 12pt; margin: 0cm 0cm 15pt; font-family: 'Times New Roman', serif; border: medium; padding: 0cm;\"><span style=\"font-family: georgia, palatino, serif; color: #0d0d0d; font-size: 10pt;\">J&rsquo;ai 20 ans et je suis passionn\u00e9e par les histoires \u00e9nigmatiques, les r\u00e9cits paranormaux et les crimes myst\u00e9rieux. Depuis que je suis petite, j&rsquo;ai toujours \u00e9t\u00e9 fascin\u00e9e par tout ce qui est myst\u00e9rieux et intrigant.&nbsp;<\/span><span style=\"color: #0d0d0d; font-family: georgia, palatino, serif; font-size: 10pt; caret-color: #0d0d0d; white-space: pre-wrap; text-align: var(--text-align);\">J\u2019aime captiver mon entourage en leur racontant des histoires qui les transportent dans des mondes myst\u00e9rieux et pleins de suspense. <\/span><span style=\"color: #0d0d0d; font-family: georgia, palatino, serif; font-size: 10pt; text-align: var(--text-align);\">Et bien s\u00fbr, je suis toujours \u00e0 l&rsquo;aff\u00fbt des derni\u00e8res histoires paranormales et des affaires criminelles non r\u00e9solues. Je passe des heures \u00e0 \u00e9couter des podcasts sur des ph\u00e9nom\u00e8nes \u00e9tranges ou \u00e0 regarder des documentaires\/films sur les crimes myst\u00e9rieux. Chaque d\u00e9tail, chaque indice, chaque t\u00e9moignage m&rsquo;intrigue et me pousse \u00e0 vouloir en savoir plus.<\/span><\/p>\n<p style=\"color: #000000; font-size: 12pt; white-space: pre-wrap; margin: 15pt 0cm 0cm; font-family: 'Times New Roman', serif; border: medium; padding: 0cm; caret-color: #0d0d0d;\"><span style=\"font-family: georgia, palatino, serif; color: #0d0d0d; font-size: 10pt;\">Bref, je suis une jeune femme remplie d&rsquo;\u00e9nigmes, toujours pr\u00eate \u00e0 plonger dans de nouvelles histoires captivantes et \u00e0 partager ma passion avec ceux qui partagent les m\u00eames int\u00e9r\u00eats que moi !<\/span><\/p>\t\t\t\t\t\t<\/div>\n\t\t\t\t<\/div>\n\t\t\t\t<\/div>\n\t\t<div class=\"elementor-element elementor-element-2ec19d1 e-con-full e-flex e-con e-child\" data-id=\"2ec19d1\" data-element_type=\"container\" data-settings=\"{&quot;content_width&quot;:&quot;full&quot;}\">\n\t\t\t\t<div class=\"elementor-element elementor-element-911b41e elementor-widget elementor-widget-image\" data-id=\"911b41e\" data-element_type=\"widget\" data-widget_type=\"image.default\">\n\t\t\t\t<div class=\"elementor-widget-container\">\n\t\t\t\t\t\t\t\t\t\t\t\t\t<img decoding=\"async\" width=\"612\" height=\"408\" src=\"http:\/\/makingblog.audencia.com\/upsidetown\/wp-content\/uploads\/2024\/03\/photo-a-propos.jpg\" class=\"attachment-large size-large wp-image-541\" alt=\"\" srcset=\"http:\/\/makingblog.audencia.com\/upsidetown\/wp-content\/uploads\/2024\/03\/photo-a-propos.jpg 612w, http:\/\/makingblog.audencia.com\/upsidetown\/wp-content\/uploads\/2024\/03\/photo-a-propos-300x200.jpg 300w\" sizes=\"100vw\" \/>\t\t\t\t\t\t\t\t\t\t\t\t\t<\/div>\n\t\t\t\t<\/div>\n\t\t\t\t<div class=\"elementor-element elementor-element-04b6207 elementor-widget elementor-widget-heading\" data-id=\"04b6207\" data-element_type=\"widget\" data-widget_type=\"heading.default\">\n\t\t\t\t<div class=\"elementor-widget-container\">\n\t\t\t<h2 class=\"elementor-heading-title elementor-size-default\">HELLO ! MOI C'EST CECYLIA...<\/h2>\t\t<\/div>\n\t\t\t\t<\/div>\n\t\t\t\t<div class=\"elementor-element elementor-element-b734736 elementor-widget elementor-widget-text-editor\" data-id=\"b734736\" data-element_type=\"widget\" data-widget_type=\"text-editor.default\">\n\t\t\t\t<div class=\"elementor-widget-container\">\n\t\t\t\t\t\t\t<p class=\"elementToProof\" style=\"font-size: 16px; margin-bottom: 0px; caret-color: #212121; color: #212121; font-family: Aptos;\"><span style=\"font-family: Georgia, serif; font-size: 10pt; color: #000000; line-height: 1.2;\">Je suis quelqu&rsquo;un qui trouve une fascination irr\u00e9sistible dans les histoires \u00e9nigmatiques. Chaque r\u00e9cit myst\u00e9rieux \u00e9veille mon imagination et me transporte dans un monde o\u00f9 les secrets sont des joyaux \u00e0 d\u00e9couvrir.\u00a0<\/span><\/p>\n<p style=\"font-size: 16px; margin-top: 12pt; margin-bottom: 12pt; caret-color: #212121; color: #212121; font-family: Aptos; direction: ltr; line-height: 1.38;\"><span style=\"font-family: Georgia, serif; font-size: 10pt; color: #000000; line-height: 1.2;\">J&rsquo;aime me perdre dans les myst\u00e8res les plus profonds, cherchant avidement des indices cach\u00e9s et des \u00e9nigmes \u00e0 r\u00e9soudre. Chaque nouvelle histoire \u00e9nigmatique est une aventure pour moi, une occasion de plonger dans l&rsquo;inconnu et de d\u00e9fier mon esprit \u00e0 d\u00e9m\u00ealer les fils complexes de l&rsquo;intrigue.\u00a0<\/span><\/p>\n<p style=\"font-size: 16px; margin-top: 12pt; margin-bottom: 12pt; caret-color: #212121; color: #212121; font-family: Aptos; direction: ltr; line-height: 1.38;\"><span style=\"font-family: Georgia, serif; font-size: 10pt; color: #000000; line-height: 1.2;\">Pour moi, rien n&rsquo;est plus captivant que de naviguer \u00e0 travers les d\u00e9dales du myst\u00e8re, cherchant la v\u00e9rit\u00e9 cach\u00e9e derri\u00e8re chaque ombre.<\/span><\/p>\t\t\t\t\t\t<\/div>\n\t\t\t\t<\/div>\n\t\t\t\t<\/div>\n\t\t\t\t\t<\/div>\n\t\t\t\t<\/div>\n\t\t\t\t<\/div>\n\t\t","protected":false},"excerpt":{"rendered":"<p>Hello ! Moi c&rsquo;est Lou-Anne&#8230; J&rsquo;ai 20 ans et je suis passionn\u00e9e par les histoires \u00e9nigmatiques, les r\u00e9cits paranormaux et les crimes myst\u00e9rieux. Depuis que je suis petite, j&rsquo;ai toujours \u00e9t\u00e9 fascin\u00e9e par tout ce qui est myst\u00e9rieux et intrigant.&nbsp;J\u2019aime captiver mon entourage en leur racontant des histoires qui les transportent dans des mondes myst\u00e9rieux &hellip; <\/p>\n<p class=\"link-more\"><a href=\"http:\/\/makingblog.audencia.com\/upsidetown\/a-propos\/\" class=\"more-link\">Lire la suite de<span class=\"screen-reader-text\">\u00ab\u00a0\u00c0 propos\u00a0\u00bb<\/span><\/a><\/p>\n","protected":false},"author":2,"featured_media":291,"parent":0,"menu_order":0,"comment_status":"closed","ping_status":"closed","template":"","meta":{"footnotes":""},"class_list":["post-137","page","type-page","status-publish","has-post-thumbnail","hentry"],"_links":{"self":[{"href":"http:\/\/makingblog.audencia.com\/upsidetown\/wp-json\/wp\/v2\/pages\/137","targetHints":{"allow":["GET"]}}],"collection":[{"href":"http:\/\/makingblog.audencia.com\/upsidetown\/wp-json\/wp\/v2\/pages"}],"about":[{"href":"http:\/\/makingblog.audencia.com\/upsidetown\/wp-json\/wp\/v2\/types\/page"}],"author":[{"embeddable":true,"href":"http:\/\/makingblog.audencia.com\/upsidetown\/wp-json\/wp\/v2\/users\/2"}],"replies":[{"embeddable":true,"href":"http:\/\/makingblog.audencia.com\/upsidetown\/wp-json\/wp\/v2\/comments?post=137"}],"version-history":[{"count":41,"href":"http:\/\/makingblog.audencia.com\/upsidetown\/wp-json\/wp\/v2\/pages\/137\/revisions"}],"predecessor-version":[{"id":562,"href":"http:\/\/makingblog.audencia.com\/upsidetown\/wp-json\/wp\/v2\/pages\/137\/revisions\/562"}],"wp:featuredmedia":[{"embeddable":true,"href":"http:\/\/makingblog.audencia.com\/upsidetown\/wp-json\/wp\/v2\/media\/291"}],"wp:attachment":[{"href":"http:\/\/makingblog.audencia.com\/upsidetown\/wp-json\/wp\/v2\/media?parent=137"}],"curies":[{"name":"wp","href":"https:\/\/api.w.org\/{rel}","templated":true}]}}