{"id":22,"date":"2024-02-08T09:10:48","date_gmt":"2024-02-08T08:10:48","guid":{"rendered":"https:\/\/makingblog.audencia.com\/temps-mort\/?page_id=22"},"modified":"2024-02-23T11:04:59","modified_gmt":"2024-02-23T10:04:59","slug":"contact-2","status":"publish","type":"page","link":"http:\/\/makingblog.audencia.com\/temps-mort\/contact-2\/","title":{"rendered":"Contact"},"content":{"rendered":"\t\t<div data-elementor-type=\"wp-page\" data-elementor-id=\"22\" class=\"elementor elementor-22\">\n\t\t\t\t<div class=\"elementor-element elementor-element-28c0b35c e-flex e-con-boxed e-con e-parent\" data-id=\"28c0b35c\" data-element_type=\"container\" data-settings=\"{&quot;content_width&quot;:&quot;boxed&quot;}\" data-core-v316-plus=\"true\">\n\t\t\t\t\t<div class=\"e-con-inner\">\n\t\t\t\t<div class=\"elementor-element elementor-element-531f9b4f elementor-widget elementor-widget-text-editor\" data-id=\"531f9b4f\" data-element_type=\"widget\" data-widget_type=\"text-editor.default\">\n\t\t\t\t<div class=\"elementor-widget-container\">\n\t\t\t<style>\/*! elementor - v3.19.0 - 07-02-2024 *\/\n.elementor-widget-text-editor.elementor-drop-cap-view-stacked .elementor-drop-cap{background-color:#69727d;color:#fff}.elementor-widget-text-editor.elementor-drop-cap-view-framed .elementor-drop-cap{color:#69727d;border:3px solid;background-color:transparent}.elementor-widget-text-editor:not(.elementor-drop-cap-view-default) .elementor-drop-cap{margin-top:8px}.elementor-widget-text-editor:not(.elementor-drop-cap-view-default) .elementor-drop-cap-letter{width:1em;height:1em}.elementor-widget-text-editor .elementor-drop-cap{float:left;text-align:center;line-height:1;font-size:50px}.elementor-widget-text-editor .elementor-drop-cap-letter{display:inline-block}<\/style>\t\t\t\t<p><!-- wp:paragraph --><\/p>\n<p style=\"text-align: left;\">Vous souhaitez nous faire conna\u00eetre un nouveau jeu ? Vous avez une incompr\u00e9hension concernant l&rsquo;un de nos articles ? Ou bien vous souhaitez rejoindre notre \u00e9quipe ?<\/p>\n<p><!-- \/wp:paragraph --><\/p>\n<p><!-- wp:paragraph --><\/p>\n<p>N&rsquo;h\u00e9sitez plus ! Et contactez-nous, notre \u00e9quipe se chargera de vous r\u00e9pondre dans les plus bref d\u00e9lais.<\/p>\n<p>\u00a0<\/p>\n<p style=\"text-align: center;\"><em><strong><span style=\"font-size: 18pt;\">equipequoicoujeux@gmail.com<\/span><\/strong><\/em><\/p>\n<p>\u00a0<\/p>\n<p><!-- \/wp:paragraph --><\/p>\n<p><!-- wp:buttons --><\/p>\n<div class=\"wp-block-buttons\"><!-- wp:button \/--><\/div>\n<p><!-- \/wp:buttons --><\/p>\n<p><!-- wp:buttons --><\/p>\n<div class=\"wp-block-buttons\"><!-- wp:button \/--><\/div>\n<p><!-- \/wp:buttons --><\/p>\n<p><!-- wp:paragraph --><\/p>\n<p><!-- \/wp:paragraph --><\/p>\t\t\t\t\t\t<\/div>\n\t\t\t\t<\/div>\n\t\t\t\t\t<\/div>\n\t\t\t\t<\/div>\n\t\t\t\t<\/div>\n\t\t","protected":false},"excerpt":{"rendered":"<p>Vous souhaitez nous faire conna\u00eetre un nouveau jeu ? Vous avez une incompr\u00e9hension concernant l&rsquo;un de nos articles ? Ou bien vous souhaitez rejoindre notre \u00e9quipe ? N&rsquo;h\u00e9sitez plus ! Et contactez-nous, notre \u00e9quipe se chargera de vous r\u00e9pondre dans les plus bref d\u00e9lais. \u00a0 equipequoicoujeux@gmail.com \u00a0<\/p>\n","protected":false},"author":3,"featured_media":0,"parent":0,"menu_order":0,"comment_status":"closed","ping_status":"closed","template":"","meta":{"footnotes":""},"class_list":["post-22","page","type-page","status-publish","hentry"],"_links":{"self":[{"href":"http:\/\/makingblog.audencia.com\/temps-mort\/wp-json\/wp\/v2\/pages\/22","targetHints":{"allow":["GET"]}}],"collection":[{"href":"http:\/\/makingblog.audencia.com\/temps-mort\/wp-json\/wp\/v2\/pages"}],"about":[{"href":"http:\/\/makingblog.audencia.com\/temps-mort\/wp-json\/wp\/v2\/types\/page"}],"author":[{"embeddable":true,"href":"http:\/\/makingblog.audencia.com\/temps-mort\/wp-json\/wp\/v2\/users\/3"}],"replies":[{"embeddable":true,"href":"http:\/\/makingblog.audencia.com\/temps-mort\/wp-json\/wp\/v2\/comments?post=22"}],"version-history":[{"count":9,"href":"http:\/\/makingblog.audencia.com\/temps-mort\/wp-json\/wp\/v2\/pages\/22\/revisions"}],"predecessor-version":[{"id":214,"href":"http:\/\/makingblog.audencia.com\/temps-mort\/wp-json\/wp\/v2\/pages\/22\/revisions\/214"}],"wp:attachment":[{"href":"http:\/\/makingblog.audencia.com\/temps-mort\/wp-json\/wp\/v2\/media?parent=22"}],"curies":[{"name":"wp","href":"https:\/\/api.w.org\/{rel}","templated":true}]}}