{"id":20,"date":"2024-02-08T09:10:48","date_gmt":"2024-02-08T08:10:48","guid":{"rendered":"https:\/\/makingblog.audencia.com\/temps-mort\/?page_id=20"},"modified":"2024-03-21T09:14:07","modified_gmt":"2024-03-21T08:14:07","slug":"accueil-2","status":"publish","type":"page","link":"http:\/\/makingblog.audencia.com\/temps-mort\/","title":{"rendered":"Yo la team"},"content":{"rendered":"\t\t<div data-elementor-type=\"wp-page\" data-elementor-id=\"20\" class=\"elementor elementor-20\">\n\t\t\t\t<div class=\"elementor-element elementor-element-250c5f79 e-flex e-con-boxed e-con e-parent\" data-id=\"250c5f79\" data-element_type=\"container\" data-settings=\"{&quot;content_width&quot;:&quot;boxed&quot;}\" data-core-v316-plus=\"true\">\n\t\t\t\t\t<div class=\"e-con-inner\">\n\t\t\t\t<div class=\"elementor-element elementor-element-26acc715 elementor-widget elementor-widget-text-editor\" data-id=\"26acc715\" data-element_type=\"widget\" data-widget_type=\"text-editor.default\">\n\t\t\t\t<div class=\"elementor-widget-container\">\n\t\t\t<style>\/*! elementor - v3.19.0 - 07-02-2024 *\/\n.elementor-widget-text-editor.elementor-drop-cap-view-stacked .elementor-drop-cap{background-color:#69727d;color:#fff}.elementor-widget-text-editor.elementor-drop-cap-view-framed .elementor-drop-cap{color:#69727d;border:3px solid;background-color:transparent}.elementor-widget-text-editor:not(.elementor-drop-cap-view-default) .elementor-drop-cap{margin-top:8px}.elementor-widget-text-editor:not(.elementor-drop-cap-view-default) .elementor-drop-cap-letter{width:1em;height:1em}.elementor-widget-text-editor .elementor-drop-cap{float:left;text-align:center;line-height:1;font-size:50px}.elementor-widget-text-editor .elementor-drop-cap-letter{display:inline-block}<\/style>\t\t\t\t<!-- wp:paragraph -->\n<p>Bienvenue \u00e0 tous sur Quoicoujeux, le site parfait pour retrouver toutes les r\u00e8gles des meilleurs jeux de cartes et soci\u00e9t\u00e9s afin de ne plus vous ennuyer lorsque vous ne savez pas quoi faire avec vos potes !<\/p>\n<!-- \/wp:paragraph --><!-- wp:paragraph -->\n<p>Ici, on ne se prend pas trop la t\u00eate, mais quand il s&rsquo;agit d&rsquo;expliquer des jeux, on ne rigole pas. Vous trouverez donc les diff\u00e9rents jeux que nous vous proposons dans nos cat\u00e9gories. Bien \u00e9videmment, nous les avons class\u00e9s par niveau d&#8217;embrouille, ainsi vous savez directement \u00e0 quoi vous attendre.<\/p>\n<ul>\n<li><a href=\"https:\/\/makingblog.audencia.com\/temps-mort\/category\/bien-chill\/\"><strong><em>Bien Chill<\/em><\/strong><\/a> : cat\u00e9gorie pour ceux qui ne veulent pas se prendre la t\u00eate du tout (vous \u00eates pas funs)<\/li>\n<li><em><a href=\"https:\/\/makingblog.audencia.com\/temps-mort\/category\/ca-se-taquine\/\"><strong>\u00c7a se taquine<\/strong><\/a><\/em> : cat\u00e9gorie o\u00f9 on voit les tensions qui commencent \u00e0 appara\u00eetre mais o\u00f9 vous pourrez sauver les meubles assez facilement une fois le jeu termin\u00e9<\/li>\n<li><em><a href=\"https:\/\/makingblog.audencia.com\/temps-mort\/category\/big-bagarre\/\"><strong>Big Bagarre<\/strong><\/a><\/em> : La meilleure de toutes, que dire de plus \u00e0 part que vous allez bien rigoler mais aussi briser des amiti\u00e9s.<\/li>\n<\/ul>\n<!-- \/wp:paragraph --><!-- wp:paragraph -->\n<p>Dans <em><a href=\"https:\/\/makingblog.audencia.com\/temps-mort\/category\/le-grenier\/\"><strong>Le Grenier<\/strong><\/a><\/em>, vous trouverez toutes nos r\u00e8gles de jeu confondues, que vous pourrez trier directement \u00e0 partir d&rsquo;autres filtres que le niveau d&#8217;embrouille.<\/p>\n<!-- \/wp:paragraph --><!-- wp:paragraph -->\n<p>Et comme nous sommes \u00e9galement des experts en jeux, nous vous proposons des articles un peu diff\u00e9rents dans la cat\u00e9gorie <em><a href=\"https:\/\/makingblog.audencia.com\/temps-mort\/category\/nos-recommandations\/\"><strong>Nos recommandations<\/strong><\/a><\/em>, tels que des lieux \u00e0 d\u00e9couvrir, des astuces, nos jeux du moment, etc.<\/p>\n<!-- \/wp:paragraph --><!-- wp:paragraph -->\n<p>C&rsquo;est tout pour nous, la team. Nous vous souhaitons de jouer vos meilleures parties et de devenir des joueurs exp\u00e9riment\u00e9s.<\/p>\n<!-- \/wp:paragraph --><!-- wp:paragraph -->\n<p>&#8211; La team Quoicoujeux<\/p>\n<!-- \/wp:paragraph -->\t\t\t\t\t\t<\/div>\n\t\t\t\t<\/div>\n\t\t\t\t\t<\/div>\n\t\t\t\t<\/div>\n\t\t\t\t<\/div>\n\t\t","protected":false},"excerpt":{"rendered":"<p>Bienvenue \u00e0 tous sur Quoicoujeux, le site parfait pour retrouver toutes les r\u00e8gles des meilleurs jeux de cartes et soci\u00e9t\u00e9s afin de ne plus vous ennuyer lorsque vous ne savez pas quoi faire avec vos potes ! Ici, on ne se prend pas trop la t\u00eate, mais quand il s&rsquo;agit d&rsquo;expliquer des jeux, on ne [&hellip;]<\/p>\n","protected":false},"author":3,"featured_media":0,"parent":0,"menu_order":0,"comment_status":"closed","ping_status":"closed","template":"","meta":{"footnotes":""},"class_list":["post-20","page","type-page","status-publish","hentry"],"_links":{"self":[{"href":"http:\/\/makingblog.audencia.com\/temps-mort\/wp-json\/wp\/v2\/pages\/20","targetHints":{"allow":["GET"]}}],"collection":[{"href":"http:\/\/makingblog.audencia.com\/temps-mort\/wp-json\/wp\/v2\/pages"}],"about":[{"href":"http:\/\/makingblog.audencia.com\/temps-mort\/wp-json\/wp\/v2\/types\/page"}],"author":[{"embeddable":true,"href":"http:\/\/makingblog.audencia.com\/temps-mort\/wp-json\/wp\/v2\/users\/3"}],"replies":[{"embeddable":true,"href":"http:\/\/makingblog.audencia.com\/temps-mort\/wp-json\/wp\/v2\/comments?post=20"}],"version-history":[{"count":8,"href":"http:\/\/makingblog.audencia.com\/temps-mort\/wp-json\/wp\/v2\/pages\/20\/revisions"}],"predecessor-version":[{"id":508,"href":"http:\/\/makingblog.audencia.com\/temps-mort\/wp-json\/wp\/v2\/pages\/20\/revisions\/508"}],"wp:attachment":[{"href":"http:\/\/makingblog.audencia.com\/temps-mort\/wp-json\/wp\/v2\/media?parent=20"}],"curies":[{"name":"wp","href":"https:\/\/api.w.org\/{rel}","templated":true}]}}