{"id":74,"date":"2024-02-22T10:46:17","date_gmt":"2024-02-22T09:46:17","guid":{"rendered":"https:\/\/makingblog.audencia.com\/lumieres-bretonnes\/?page_id=74"},"modified":"2024-02-22T11:00:38","modified_gmt":"2024-02-22T10:00:38","slug":"a-propos","status":"publish","type":"page","link":"http:\/\/makingblog.audencia.com\/lumieres-bretonnes\/a-propos\/","title":{"rendered":"A propos"},"content":{"rendered":"\t\t<div data-elementor-type=\"wp-page\" data-elementor-id=\"74\" class=\"elementor elementor-74\">\n\t\t\t\t<div class=\"elementor-element elementor-element-8f94f0b e-con-full e-flex e-con e-parent\" data-id=\"8f94f0b\" data-element_type=\"container\" data-settings=\"{&quot;content_width&quot;:&quot;full&quot;}\" data-core-v316-plus=\"true\">\n\t\t<div class=\"elementor-element elementor-element-e7eb09e e-con-full e-flex e-con e-child\" data-id=\"e7eb09e\" data-element_type=\"container\" data-settings=\"{&quot;content_width&quot;:&quot;full&quot;}\">\n\t\t\t\t<div class=\"elementor-element elementor-element-9bbb6a2 elementor-widget elementor-widget-image\" data-id=\"9bbb6a2\" data-element_type=\"widget\" data-widget_type=\"image.default\">\n\t\t\t\t<div class=\"elementor-widget-container\">\n\t\t\t<style>\/*! elementor - v3.19.0 - 07-02-2024 *\/\n.elementor-widget-image{text-align:center}.elementor-widget-image a{display:inline-block}.elementor-widget-image a img[src$=\".svg\"]{width:48px}.elementor-widget-image img{vertical-align:middle;display:inline-block}<\/style>\t\t\t\t\t\t\t\t\t\t<img fetchpriority=\"high\" decoding=\"async\" width=\"577\" height=\"433\" src=\"http:\/\/makingblog.audencia.com\/lumieres-bretonnes\/wp-content\/uploads\/2024\/02\/IMG_5425-removebg-preview.png\" class=\"attachment-large size-large wp-image-91\" alt=\"\" srcset=\"http:\/\/makingblog.audencia.com\/lumieres-bretonnes\/wp-content\/uploads\/2024\/02\/IMG_5425-removebg-preview.png 577w, http:\/\/makingblog.audencia.com\/lumieres-bretonnes\/wp-content\/uploads\/2024\/02\/IMG_5425-removebg-preview-300x225.png 300w, http:\/\/makingblog.audencia.com\/lumieres-bretonnes\/wp-content\/uploads\/2024\/02\/IMG_5425-removebg-preview-508x381.png 508w\" sizes=\"100vw\" \/>\t\t\t\t\t\t\t\t\t\t\t\t\t<\/div>\n\t\t\t\t<\/div>\n\t\t\t\t<\/div>\n\t\t<div class=\"elementor-element elementor-element-b014e1b e-con-full e-flex e-con e-child\" data-id=\"b014e1b\" data-element_type=\"container\" data-settings=\"{&quot;content_width&quot;:&quot;full&quot;}\">\n\t\t\t\t<div class=\"elementor-element elementor-element-91e93f2 elementor-widget elementor-widget-text-editor\" data-id=\"91e93f2\" data-element_type=\"widget\" data-widget_type=\"text-editor.default\">\n\t\t\t\t<div class=\"elementor-widget-container\">\n\t\t\t<style>\/*! elementor - v3.19.0 - 07-02-2024 *\/\n.elementor-widget-text-editor.elementor-drop-cap-view-stacked .elementor-drop-cap{background-color:#69727d;color:#fff}.elementor-widget-text-editor.elementor-drop-cap-view-framed .elementor-drop-cap{color:#69727d;border:3px solid;background-color:transparent}.elementor-widget-text-editor:not(.elementor-drop-cap-view-default) .elementor-drop-cap{margin-top:8px}.elementor-widget-text-editor:not(.elementor-drop-cap-view-default) .elementor-drop-cap-letter{width:1em;height:1em}.elementor-widget-text-editor .elementor-drop-cap{float:left;text-align:center;line-height:1;font-size:50px}.elementor-widget-text-editor .elementor-drop-cap-letter{display:inline-block}<\/style>\t\t\t\t<p><span style=\"color: #000000; font-size: 12pt;\">Karolane et Youna, enchant\u00e9e, d\u2019origine bretonne.<\/span><\/p><p><span style=\"color: #000000; font-size: 12pt;\">Nous sommes deux \u00e9tudiantes en communication, sensible \u00e0 l\u2019importance de l\u2019image et qui aimons valoriser des lieux qui nous sont chers. Le concept de ce blog est de vous aider, vous, commer\u00e7ant, professionnel dans le tourisme ou amateur afin de valorisation des activit\u00e9s \u00e0 faire en bretagne.<\/span><\/p><p><span style=\"color: #000000; font-size: 12pt;\">L\u2019id\u00e9e est de comparer et d\u00e9crypter les photos capter par des photographes professionnels ou utiliser par les campagnes de communication avec la r\u00e9alit\u00e9 des lieux.<\/span><\/p><p><span style=\"color: #000000; font-size: 12pt;\">Retrouver \u00e9galement des petits tips, des inspirations et une bases photos libre de droits<\/span>\u00a0\ud83d\ude0a<\/p>\t\t\t\t\t\t<\/div>\n\t\t\t\t<\/div>\n\t\t\t\t<\/div>\n\t\t\t\t<\/div>\n\t\t<div class=\"elementor-element elementor-element-0eb4730 e-flex e-con-boxed e-con e-parent\" data-id=\"0eb4730\" data-element_type=\"container\" data-settings=\"{&quot;content_width&quot;:&quot;boxed&quot;}\" data-core-v316-plus=\"true\">\n\t\t\t\t\t<div class=\"e-con-inner\">\n\t\t\t\t<div class=\"elementor-element elementor-element-2abc0f6 elementor-widget elementor-widget-google_maps\" data-id=\"2abc0f6\" data-element_type=\"widget\" data-widget_type=\"google_maps.default\">\n\t\t\t\t<div class=\"elementor-widget-container\">\n\t\t\t<style>\/*! elementor - v3.19.0 - 07-02-2024 *\/\n.elementor-widget-google_maps .elementor-widget-container{overflow:hidden}.elementor-widget-google_maps .elementor-custom-embed{line-height:0}.elementor-widget-google_maps iframe{height:300px}<\/style>\t\t<div class=\"elementor-custom-embed\">\n\t\t\t<iframe loading=\"lazy\"\n\t\t\t\t\tsrc=\"https:\/\/maps.google.com\/maps?q=Audencia%20SciencesCom&#038;t=m&#038;z=10&#038;output=embed&#038;iwloc=near\"\n\t\t\t\t\ttitle=\"Audencia SciencesCom\"\n\t\t\t\t\taria-label=\"Audencia SciencesCom\"\n\t\t\t><\/iframe>\n\t\t<\/div>\n\t\t\t\t<\/div>\n\t\t\t\t<\/div>\n\t\t\t\t\t<\/div>\n\t\t\t\t<\/div>\n\t\t\t\t<\/div>\n\t\t","protected":false},"excerpt":{"rendered":"<p>Karolane et Youna, enchant\u00e9e, d\u2019origine bretonne. Nous sommes deux \u00e9tudiantes en communication, sensible \u00e0 l\u2019importance de l\u2019image et qui aimons valoriser des lieux qui nous sont chers. Le concept de ce blog est de vous aider, vous, commer\u00e7ant, professionnel dans le tourisme ou amateur afin de valorisation des activit\u00e9s \u00e0 faire en bretagne. L\u2019id\u00e9e est &hellip; <\/p>\n<p class=\"link-more\"><a href=\"http:\/\/makingblog.audencia.com\/lumieres-bretonnes\/a-propos\/\" class=\"more-link\">Lire la suite de<span class=\"screen-reader-text\">\u00ab\u00a0A propos\u00a0\u00bb<\/span><\/a><\/p>\n","protected":false},"author":3,"featured_media":0,"parent":0,"menu_order":0,"comment_status":"closed","ping_status":"closed","template":"","meta":{"_bbp_topic_count":0,"_bbp_reply_count":0,"_bbp_total_topic_count":0,"_bbp_total_reply_count":0,"_bbp_voice_count":0,"_bbp_anonymous_reply_count":0,"_bbp_topic_count_hidden":0,"_bbp_reply_count_hidden":0,"_bbp_forum_subforum_count":0,"footnotes":""},"class_list":["post-74","page","type-page","status-publish","hentry"],"_links":{"self":[{"href":"http:\/\/makingblog.audencia.com\/lumieres-bretonnes\/wp-json\/wp\/v2\/pages\/74","targetHints":{"allow":["GET"]}}],"collection":[{"href":"http:\/\/makingblog.audencia.com\/lumieres-bretonnes\/wp-json\/wp\/v2\/pages"}],"about":[{"href":"http:\/\/makingblog.audencia.com\/lumieres-bretonnes\/wp-json\/wp\/v2\/types\/page"}],"author":[{"embeddable":true,"href":"http:\/\/makingblog.audencia.com\/lumieres-bretonnes\/wp-json\/wp\/v2\/users\/3"}],"replies":[{"embeddable":true,"href":"http:\/\/makingblog.audencia.com\/lumieres-bretonnes\/wp-json\/wp\/v2\/comments?post=74"}],"version-history":[{"count":31,"href":"http:\/\/makingblog.audencia.com\/lumieres-bretonnes\/wp-json\/wp\/v2\/pages\/74\/revisions"}],"predecessor-version":[{"id":112,"href":"http:\/\/makingblog.audencia.com\/lumieres-bretonnes\/wp-json\/wp\/v2\/pages\/74\/revisions\/112"}],"wp:attachment":[{"href":"http:\/\/makingblog.audencia.com\/lumieres-bretonnes\/wp-json\/wp\/v2\/media?parent=74"}],"curies":[{"name":"wp","href":"https:\/\/api.w.org\/{rel}","templated":true}]}}