{"id":31,"date":"2024-02-08T09:01:07","date_gmt":"2024-02-08T08:01:07","guid":{"rendered":"https:\/\/makingblog.audencia.com\/elephant-a-table\/?page_id=31"},"modified":"2024-03-20T15:39:45","modified_gmt":"2024-03-20T14:39:45","slug":"a-propos-de","status":"publish","type":"page","link":"http:\/\/makingblog.audencia.com\/elephant-a-table\/a-propos-de\/","title":{"rendered":"\u00c0 propos de"},"content":{"rendered":"\t\t<div data-elementor-type=\"wp-page\" data-elementor-id=\"31\" class=\"elementor elementor-31\">\n\t\t\t\t<div class=\"elementor-element elementor-element-748cf5e e-flex e-con-boxed e-con e-parent\" data-id=\"748cf5e\" data-element_type=\"container\" data-core-v316-plus=\"true\">\n\t\t\t\t\t<div class=\"e-con-inner\">\n\t\t\t\t<div class=\"elementor-element elementor-element-21077d7 elementor-widget elementor-widget-spacer\" data-id=\"21077d7\" data-element_type=\"widget\" data-widget_type=\"spacer.default\">\n\t\t\t\t<div class=\"elementor-widget-container\">\n\t\t\t<style>\/*! elementor - v3.20.0 - 13-03-2024 *\/\n.elementor-column .elementor-spacer-inner{height:var(--spacer-size)}.e-con{--container-widget-width:100%}.e-con-inner>.elementor-widget-spacer,.e-con>.elementor-widget-spacer{width:var(--container-widget-width,var(--spacer-size));--align-self:var(--container-widget-align-self,initial);--flex-shrink:0}.e-con-inner>.elementor-widget-spacer>.elementor-widget-container,.e-con>.elementor-widget-spacer>.elementor-widget-container{height:100%;width:100%}.e-con-inner>.elementor-widget-spacer>.elementor-widget-container>.elementor-spacer,.e-con>.elementor-widget-spacer>.elementor-widget-container>.elementor-spacer{height:100%}.e-con-inner>.elementor-widget-spacer>.elementor-widget-container>.elementor-spacer>.elementor-spacer-inner,.e-con>.elementor-widget-spacer>.elementor-widget-container>.elementor-spacer>.elementor-spacer-inner{height:var(--container-widget-height,var(--spacer-size))}.e-con-inner>.elementor-widget-spacer.elementor-widget-empty,.e-con>.elementor-widget-spacer.elementor-widget-empty{position:relative;min-height:22px;min-width:22px}.e-con-inner>.elementor-widget-spacer.elementor-widget-empty .elementor-widget-empty-icon,.e-con>.elementor-widget-spacer.elementor-widget-empty .elementor-widget-empty-icon{position:absolute;top:0;bottom:0;left:0;right:0;margin:auto;padding:0;width:22px;height:22px}<\/style>\t\t<div class=\"elementor-spacer\">\n\t\t\t<div class=\"elementor-spacer-inner\"><\/div>\n\t\t<\/div>\n\t\t\t\t<\/div>\n\t\t\t\t<\/div>\n\t\t\t\t\t<\/div>\n\t\t\t\t<\/div>\n\t\t<div class=\"elementor-element elementor-element-1060afe5 e-con-full e-flex e-con e-parent\" data-id=\"1060afe5\" data-element_type=\"container\" data-core-v316-plus=\"true\">\n\t\t\t\t<div class=\"elementor-element elementor-element-60b3cdb6 elementor-widget elementor-widget-text-editor\" data-id=\"60b3cdb6\" data-element_type=\"widget\" data-widget_type=\"text-editor.default\">\n\t\t\t\t<div class=\"elementor-widget-container\">\n\t\t\t<style>\/*! elementor - v3.20.0 - 13-03-2024 *\/\n.elementor-widget-text-editor.elementor-drop-cap-view-stacked .elementor-drop-cap{background-color:#69727d;color:#fff}.elementor-widget-text-editor.elementor-drop-cap-view-framed .elementor-drop-cap{color:#69727d;border:3px solid;background-color:transparent}.elementor-widget-text-editor:not(.elementor-drop-cap-view-default) .elementor-drop-cap{margin-top:8px}.elementor-widget-text-editor:not(.elementor-drop-cap-view-default) .elementor-drop-cap-letter{width:1em;height:1em}.elementor-widget-text-editor .elementor-drop-cap{float:left;text-align:center;line-height:1;font-size:50px}.elementor-widget-text-editor .elementor-drop-cap-letter{display:inline-block}<\/style>\t\t\t\t<!-- wp:paragraph -->\n<p style=\"text-align: justify;\"><span style=\"font-weight: 400; color: #000000;\">Bienvenue sur notre blog d\u00e9di\u00e9 \u00e0 la cuisine \u00e9tudiante \u00e0 Nantes ! Ici, on met du peps dans nos assiettes et on explore le monde de l\u2019alimentation \u00e9tudiante avec fra\u00eecheur et cr\u00e9ativit\u00e9. Attachez vos tabliers, car on va vous faire d\u00e9couvrir des recettes d\u00e9licieusement simples et des bons plans gourmands qui ne vont pas vider votre porte-monnaie. Pr\u00eat(e)s \u00e0 \u00e9picer votre vie \u00e9tudiante avec une touche de saveurs inattendues ? Suivez-nous pour des aventures culinaires palpitantes ! \ud83c\udf7d\ufe0f\u2728\u00a0<\/span><\/p>\n<!-- \/wp:paragraph -->\t\t\t\t\t\t<\/div>\n\t\t\t\t<\/div>\n\t\t\t\t<\/div>\n\t\t<div class=\"elementor-element elementor-element-7a74a47 e-con-full e-flex e-con e-parent\" data-id=\"7a74a47\" data-element_type=\"container\" data-core-v316-plus=\"true\">\n\t\t<div class=\"elementor-element elementor-element-c00e907 e-con-full e-flex e-con e-child\" data-id=\"c00e907\" data-element_type=\"container\">\n\t\t\t\t<div class=\"elementor-element elementor-element-0c888e7 elementor-widget elementor-widget-text-editor\" data-id=\"0c888e7\" data-element_type=\"widget\" data-widget_type=\"text-editor.default\">\n\t\t\t\t<div class=\"elementor-widget-container\">\n\t\t\t\t\t\t\t<p style=\"text-align: justify;\"><span style=\"font-weight: 400; color: #000000;\">Moi c\u2019est Mouna. Pourquoi le rat ? Parce que je suis toujours \u00e0 la recherche de bons plans pour vous faire \u00e9conomiser. Je suis aussi une grande amatrice de plats, mais toujours \u00e0 moindre co\u00fbt.\u00a0<\/span><\/p>\n<p style=\"text-align: justify;\"><span style=\"font-weight: 400; color: #000000;\">Mon plat pr\u00e9f\u00e9r\u00e9 ? Le poulet patates du dimanche devant Walker Texas Ranger \ud83c\udf57\ud83e\udd20<\/span><\/p>\n<p style=\"text-align: justify;\"><span style=\"font-weight: 400; color: #000000;\">Comptez sur moi pour vous trouver les bons plans et les bonnes adresses dans la r\u00e9gion nantaise pour vous remplir le ventre sans vider votre compte bancaire.<\/span><\/p>\t\t\t\t\t\t<\/div>\n\t\t\t\t<\/div>\n\t\t\t\t<\/div>\n\t\t<div class=\"elementor-element elementor-element-3eaf8f0 e-con-full e-flex e-con e-child\" data-id=\"3eaf8f0\" data-element_type=\"container\">\n\t\t<div class=\"elementor-element elementor-element-75e2db1 e-flex e-con-boxed e-con e-child\" data-id=\"75e2db1\" data-element_type=\"container\">\n\t\t\t\t\t<div class=\"e-con-inner\">\n\t\t\t\t<div class=\"elementor-element elementor-element-94855ca elementor-widget elementor-widget-spacer\" data-id=\"94855ca\" data-element_type=\"widget\" data-widget_type=\"spacer.default\">\n\t\t\t\t<div class=\"elementor-widget-container\">\n\t\t\t\t\t<div class=\"elementor-spacer\">\n\t\t\t<div class=\"elementor-spacer-inner\"><\/div>\n\t\t<\/div>\n\t\t\t\t<\/div>\n\t\t\t\t<\/div>\n\t\t\t\t<div class=\"elementor-element elementor-element-f2dce8b e-transform elementor-widget elementor-widget-image\" data-id=\"f2dce8b\" data-element_type=\"widget\" data-settings=\"{&quot;_transform_scale_effect&quot;:{&quot;unit&quot;:&quot;px&quot;,&quot;size&quot;:2,&quot;sizes&quot;:[]},&quot;_transform_scale_effect_tablet&quot;:{&quot;unit&quot;:&quot;px&quot;,&quot;size&quot;:&quot;&quot;,&quot;sizes&quot;:[]},&quot;_transform_scale_effect_mobile&quot;:{&quot;unit&quot;:&quot;px&quot;,&quot;size&quot;:&quot;&quot;,&quot;sizes&quot;:[]}}\" data-widget_type=\"image.default\">\n\t\t\t\t<div class=\"elementor-widget-container\">\n\t\t\t<style>\/*! elementor - v3.20.0 - 13-03-2024 *\/\n.elementor-widget-image{text-align:center}.elementor-widget-image a{display:inline-block}.elementor-widget-image a img[src$=\".svg\"]{width:48px}.elementor-widget-image img{vertical-align:middle;display:inline-block}<\/style>\t\t\t\t\t\t\t\t\t\t<img fetchpriority=\"high\" decoding=\"async\" width=\"1024\" height=\"576\" src=\"http:\/\/makingblog.audencia.com\/elephant-a-table\/wp-content\/uploads\/2024\/02\/3-1-1024x576.jpg\" class=\"attachment-large size-large wp-image-85\" alt=\"\" srcset=\"http:\/\/makingblog.audencia.com\/elephant-a-table\/wp-content\/uploads\/2024\/02\/3-1-1024x576.jpg 1024w, http:\/\/makingblog.audencia.com\/elephant-a-table\/wp-content\/uploads\/2024\/02\/3-1-300x169.jpg 300w, http:\/\/makingblog.audencia.com\/elephant-a-table\/wp-content\/uploads\/2024\/02\/3-1-768x432.jpg 768w, http:\/\/makingblog.audencia.com\/elephant-a-table\/wp-content\/uploads\/2024\/02\/3-1-1536x864.jpg 1536w, http:\/\/makingblog.audencia.com\/elephant-a-table\/wp-content\/uploads\/2024\/02\/3-1.jpg 1920w\" sizes=\"(max-width: 1024px) 100vw, 1024px\" \/>\t\t\t\t\t\t\t\t\t\t\t\t\t<\/div>\n\t\t\t\t<\/div>\n\t\t\t\t\t<\/div>\n\t\t\t\t<\/div>\n\t\t<div class=\"elementor-element elementor-element-2fc8dec e-flex e-con-boxed e-con e-child\" data-id=\"2fc8dec\" data-element_type=\"container\">\n\t\t\t\t\t<div class=\"e-con-inner\">\n\t\t\t\t<div class=\"elementor-element elementor-element-3b262d4 elementor-widget elementor-widget-heading\" data-id=\"3b262d4\" data-element_type=\"widget\" data-widget_type=\"heading.default\">\n\t\t\t\t<div class=\"elementor-widget-container\">\n\t\t\t<style>\/*! elementor - v3.20.0 - 13-03-2024 *\/\n.elementor-heading-title{padding:0;margin:0;line-height:1}.elementor-widget-heading .elementor-heading-title[class*=elementor-size-]>a{color:inherit;font-size:inherit;line-height:inherit}.elementor-widget-heading .elementor-heading-title.elementor-size-small{font-size:15px}.elementor-widget-heading .elementor-heading-title.elementor-size-medium{font-size:19px}.elementor-widget-heading .elementor-heading-title.elementor-size-large{font-size:29px}.elementor-widget-heading .elementor-heading-title.elementor-size-xl{font-size:39px}.elementor-widget-heading .elementor-heading-title.elementor-size-xxl{font-size:59px}<\/style><h2 class=\"elementor-heading-title elementor-size-default\">Le rat<\/h2>\t\t<\/div>\n\t\t\t\t<\/div>\n\t\t\t\t\t<\/div>\n\t\t\t\t<\/div>\n\t\t\t\t<\/div>\n\t\t\t\t<\/div>\n\t\t<div class=\"elementor-element elementor-element-d39e5e2 e-con-full e-flex e-con e-parent\" data-id=\"d39e5e2\" data-element_type=\"container\" data-core-v316-plus=\"true\">\n\t\t<div class=\"elementor-element elementor-element-e769ab8 e-con-full e-flex e-con e-child\" data-id=\"e769ab8\" data-element_type=\"container\">\n\t\t<div class=\"elementor-element elementor-element-1a45a21 e-flex e-con-boxed e-con e-child\" data-id=\"1a45a21\" data-element_type=\"container\">\n\t\t\t\t\t<div class=\"e-con-inner\">\n\t\t\t\t<div class=\"elementor-element elementor-element-95aa63d elementor-widget elementor-widget-spacer\" data-id=\"95aa63d\" data-element_type=\"widget\" data-widget_type=\"spacer.default\">\n\t\t\t\t<div class=\"elementor-widget-container\">\n\t\t\t\t\t<div class=\"elementor-spacer\">\n\t\t\t<div class=\"elementor-spacer-inner\"><\/div>\n\t\t<\/div>\n\t\t\t\t<\/div>\n\t\t\t\t<\/div>\n\t\t\t\t<div class=\"elementor-element elementor-element-a432934 e-transform elementor-widget elementor-widget-image\" data-id=\"a432934\" data-element_type=\"widget\" data-settings=\"{&quot;_transform_scale_effect&quot;:{&quot;unit&quot;:&quot;px&quot;,&quot;size&quot;:1.6,&quot;sizes&quot;:[]},&quot;_transform_scale_effect_tablet&quot;:{&quot;unit&quot;:&quot;px&quot;,&quot;size&quot;:&quot;&quot;,&quot;sizes&quot;:[]},&quot;_transform_scale_effect_mobile&quot;:{&quot;unit&quot;:&quot;px&quot;,&quot;size&quot;:&quot;&quot;,&quot;sizes&quot;:[]}}\" data-widget_type=\"image.default\">\n\t\t\t\t<div class=\"elementor-widget-container\">\n\t\t\t\t\t\t\t\t\t\t\t\t\t<img decoding=\"async\" width=\"1024\" height=\"576\" src=\"http:\/\/makingblog.audencia.com\/elephant-a-table\/wp-content\/uploads\/2024\/02\/1-1-1024x576.jpg\" class=\"attachment-large size-large wp-image-83\" alt=\"\" srcset=\"http:\/\/makingblog.audencia.com\/elephant-a-table\/wp-content\/uploads\/2024\/02\/1-1-1024x576.jpg 1024w, http:\/\/makingblog.audencia.com\/elephant-a-table\/wp-content\/uploads\/2024\/02\/1-1-300x169.jpg 300w, http:\/\/makingblog.audencia.com\/elephant-a-table\/wp-content\/uploads\/2024\/02\/1-1-768x432.jpg 768w, http:\/\/makingblog.audencia.com\/elephant-a-table\/wp-content\/uploads\/2024\/02\/1-1-1536x864.jpg 1536w, http:\/\/makingblog.audencia.com\/elephant-a-table\/wp-content\/uploads\/2024\/02\/1-1.jpg 1920w\" sizes=\"(max-width: 1024px) 100vw, 1024px\" \/>\t\t\t\t\t\t\t\t\t\t\t\t\t<\/div>\n\t\t\t\t<\/div>\n\t\t\t\t\t<\/div>\n\t\t\t\t<\/div>\n\t\t<div class=\"elementor-element elementor-element-191065c e-flex e-con-boxed e-con e-child\" data-id=\"191065c\" data-element_type=\"container\">\n\t\t\t\t\t<div class=\"e-con-inner\">\n\t\t\t\t<div class=\"elementor-element elementor-element-47ff3ad elementor-widget elementor-widget-heading\" data-id=\"47ff3ad\" data-element_type=\"widget\" data-widget_type=\"heading.default\">\n\t\t\t\t<div class=\"elementor-widget-container\">\n\t\t\t<h2 class=\"elementor-heading-title elementor-size-default\">La cheffe aux fourneaux<\/h2>\t\t<\/div>\n\t\t\t\t<\/div>\n\t\t\t\t\t<\/div>\n\t\t\t\t<\/div>\n\t\t\t\t<\/div>\n\t\t<div class=\"elementor-element elementor-element-f3fe976 e-con-full e-flex e-con e-child\" data-id=\"f3fe976\" data-element_type=\"container\">\n\t\t\t\t<div class=\"elementor-element elementor-element-e349e6e elementor-widget elementor-widget-text-editor\" data-id=\"e349e6e\" data-element_type=\"widget\" data-widget_type=\"text-editor.default\">\n\t\t\t\t<div class=\"elementor-widget-container\">\n\t\t\t\t\t\t\t<p style=\"text-align: justify;\"><span style=\"font-weight: 400; color: #000000;\">Moi, c&rsquo;est Colombe, l&rsquo;\u00e9tudiante qui jongle entre les cours et les casseroles \u00e0 Nantes ! Amoureuse de bonne bouffe et de moments conviviaux, je suis l\u00e0 pour partager mes aventures culinaires sans prise de t\u00eate.\u00a0<\/span><\/p>\n<p style=\"text-align: justify;\"><span style=\"font-weight: 400; color: #000000;\">Mes sp\u00e9cialit\u00e9s ? Les cookies \ud83c\udf6a qui font fureur en soir\u00e9e et les feuillet\u00e9s \u00e9pinards ch\u00e8vre \ud83e\udd67 que mon amoureux adore.\u00a0<\/span><\/p>\n<p style=\"text-align: justify;\"><span style=\"font-weight: 400; color: #000000;\">Au-del\u00e0 des recettes, cuisiner, c&rsquo;est ma mani\u00e8re de d\u00e9compresser, de faire le vide. Une vraie source d&rsquo;\u00e9panouissement et d&rsquo;\u00e9vasion, un peu comme lire un livre ou peindre pour d&rsquo;autres.<\/span><\/p>\t\t\t\t\t\t<\/div>\n\t\t\t\t<\/div>\n\t\t\t\t<\/div>\n\t\t\t\t<\/div>\n\t\t<div class=\"elementor-element elementor-element-c3c827d e-con-full e-flex e-con e-parent\" data-id=\"c3c827d\" data-element_type=\"container\" data-core-v316-plus=\"true\">\n\t\t<div class=\"elementor-element elementor-element-0aa476b e-con-full e-flex e-con e-child\" data-id=\"0aa476b\" data-element_type=\"container\">\n\t\t\t\t<div class=\"elementor-element elementor-element-4488ca8 elementor-widget__width-initial elementor-widget elementor-widget-text-editor\" data-id=\"4488ca8\" data-element_type=\"widget\" data-widget_type=\"text-editor.default\">\n\t\t\t\t<div class=\"elementor-widget-container\">\n\t\t\t\t\t\t\t<p style=\"text-align: justify;\"><span style=\"font-weight: 400; color: #000000;\">Moi, c&rsquo;est Lucile \ud83d\udc4b\ud83c\udffb, une \u00e2me passionn\u00e9e par l&rsquo;art de bien manger. Je suis toujours pr\u00eate \u00e0 d\u00e9couvrir de nouvelles saveurs et \u00e0 partager mes d\u00e9couvertes avec vous. \ud83c\udf7d\ufe0f<\/span><\/p>\n<p style=\"text-align: justify;\"><span style=\"font-weight: 400; color: #000000;\">Mon plat pr\u00e9f\u00e9r\u00e9 ? Les lasagnes \u00e0 la bolognaise.\ud83c\udf5d Cet incontournable r\u00e9gale mes papilles sans n\u00e9cessiter des heures d&rsquo;effort en cuisine.\u00a0<\/span><\/p>\n<p style=\"text-align: justify;\"><span style=\"font-weight: 400; color: #000000;\">Explorer de nouveaux endroits \u00e0 travers le plaisir de bien manger est pour moi une fa\u00e7on de d\u00e9couvrir des lieux incontournables que je souhaite partager avec vous, \u00e9tudiants. \ud83d\udd0d<\/span><\/p>\t\t\t\t\t\t<\/div>\n\t\t\t\t<\/div>\n\t\t\t\t<\/div>\n\t\t<div class=\"elementor-element elementor-element-0d74e18 e-con-full e-flex e-con e-child\" data-id=\"0d74e18\" data-element_type=\"container\">\n\t\t<div class=\"elementor-element elementor-element-d0c0b3a e-flex e-con-boxed e-con e-child\" data-id=\"d0c0b3a\" data-element_type=\"container\">\n\t\t\t\t\t<div class=\"e-con-inner\">\n\t\t\t\t<div class=\"elementor-element elementor-element-81adc9b elementor-widget elementor-widget-spacer\" data-id=\"81adc9b\" data-element_type=\"widget\" data-widget_type=\"spacer.default\">\n\t\t\t\t<div class=\"elementor-widget-container\">\n\t\t\t\t\t<div class=\"elementor-spacer\">\n\t\t\t<div class=\"elementor-spacer-inner\"><\/div>\n\t\t<\/div>\n\t\t\t\t<\/div>\n\t\t\t\t<\/div>\n\t\t\t\t<div class=\"elementor-element elementor-element-e0c75c8 e-transform elementor-widget elementor-widget-image\" data-id=\"e0c75c8\" data-element_type=\"widget\" data-settings=\"{&quot;_transform_scale_effect&quot;:{&quot;unit&quot;:&quot;px&quot;,&quot;size&quot;:1.7,&quot;sizes&quot;:[]},&quot;_transform_scale_effect_tablet&quot;:{&quot;unit&quot;:&quot;px&quot;,&quot;size&quot;:&quot;&quot;,&quot;sizes&quot;:[]},&quot;_transform_scale_effect_mobile&quot;:{&quot;unit&quot;:&quot;px&quot;,&quot;size&quot;:&quot;&quot;,&quot;sizes&quot;:[]}}\" data-widget_type=\"image.default\">\n\t\t\t\t<div class=\"elementor-widget-container\">\n\t\t\t\t\t\t\t\t\t\t\t\t\t<img decoding=\"async\" width=\"1024\" height=\"576\" src=\"http:\/\/makingblog.audencia.com\/elephant-a-table\/wp-content\/uploads\/2024\/02\/2-1-1024x576.jpg\" class=\"attachment-large size-large wp-image-84\" alt=\"\" srcset=\"http:\/\/makingblog.audencia.com\/elephant-a-table\/wp-content\/uploads\/2024\/02\/2-1-1024x576.jpg 1024w, http:\/\/makingblog.audencia.com\/elephant-a-table\/wp-content\/uploads\/2024\/02\/2-1-300x169.jpg 300w, http:\/\/makingblog.audencia.com\/elephant-a-table\/wp-content\/uploads\/2024\/02\/2-1-768x432.jpg 768w, http:\/\/makingblog.audencia.com\/elephant-a-table\/wp-content\/uploads\/2024\/02\/2-1-1536x864.jpg 1536w, http:\/\/makingblog.audencia.com\/elephant-a-table\/wp-content\/uploads\/2024\/02\/2-1.jpg 1920w\" sizes=\"(max-width: 1024px) 100vw, 1024px\" \/>\t\t\t\t\t\t\t\t\t\t\t\t\t<\/div>\n\t\t\t\t<\/div>\n\t\t\t\t\t<\/div>\n\t\t\t\t<\/div>\n\t\t<div class=\"elementor-element elementor-element-1608ab9 e-flex e-con-boxed e-con e-child\" data-id=\"1608ab9\" data-element_type=\"container\">\n\t\t\t\t\t<div class=\"e-con-inner\">\n\t\t\t\t<div class=\"elementor-element elementor-element-14251c9 elementor-widget elementor-widget-heading\" data-id=\"14251c9\" data-element_type=\"widget\" data-widget_type=\"heading.default\">\n\t\t\t\t<div class=\"elementor-widget-container\">\n\t\t\t<h2 class=\"elementor-heading-title elementor-size-default\">L'amatrice de saveurs<\/h2>\t\t<\/div>\n\t\t\t\t<\/div>\n\t\t\t\t\t<\/div>\n\t\t\t\t<\/div>\n\t\t\t\t<\/div>\n\t\t\t\t<\/div>\n\t\t\t\t<\/div>\n\t\t","protected":false},"excerpt":{"rendered":"<p>Bienvenue sur notre blog d\u00e9di\u00e9 \u00e0 la cuisine \u00e9tudiante \u00e0 Nantes ! Ici, on met du peps dans nos assiettes et on explore le monde de l\u2019alimentation \u00e9tudiante avec fra\u00eecheur et cr\u00e9ativit\u00e9. Attachez vos tabliers, car on va vous faire d\u00e9couvrir des recettes d\u00e9licieusement simples et des bons plans gourmands qui ne vont pas vider [&hellip;]<\/p>\n","protected":false},"author":3,"featured_media":28,"parent":0,"menu_order":0,"comment_status":"closed","ping_status":"closed","template":"page-templates\/homepage.php","meta":{"footnotes":""},"class_list":["post-31","page","type-page","status-publish","has-post-thumbnail","hentry"],"_links":{"self":[{"href":"http:\/\/makingblog.audencia.com\/elephant-a-table\/wp-json\/wp\/v2\/pages\/31","targetHints":{"allow":["GET"]}}],"collection":[{"href":"http:\/\/makingblog.audencia.com\/elephant-a-table\/wp-json\/wp\/v2\/pages"}],"about":[{"href":"http:\/\/makingblog.audencia.com\/elephant-a-table\/wp-json\/wp\/v2\/types\/page"}],"author":[{"embeddable":true,"href":"http:\/\/makingblog.audencia.com\/elephant-a-table\/wp-json\/wp\/v2\/users\/3"}],"replies":[{"embeddable":true,"href":"http:\/\/makingblog.audencia.com\/elephant-a-table\/wp-json\/wp\/v2\/comments?post=31"}],"version-history":[{"count":32,"href":"http:\/\/makingblog.audencia.com\/elephant-a-table\/wp-json\/wp\/v2\/pages\/31\/revisions"}],"predecessor-version":[{"id":986,"href":"http:\/\/makingblog.audencia.com\/elephant-a-table\/wp-json\/wp\/v2\/pages\/31\/revisions\/986"}],"wp:featuredmedia":[{"embeddable":true,"href":"http:\/\/makingblog.audencia.com\/elephant-a-table\/wp-json\/wp\/v2\/media\/28"}],"wp:attachment":[{"href":"http:\/\/makingblog.audencia.com\/elephant-a-table\/wp-json\/wp\/v2\/media?parent=31"}],"curies":[{"name":"wp","href":"https:\/\/api.w.org\/{rel}","templated":true}]}}