{"id":111,"date":"2024-02-23T11:21:05","date_gmt":"2024-02-23T10:21:05","guid":{"rendered":"https:\/\/makingblog.audencia.com\/elephant-a-table\/colibri-wp\/"},"modified":"2024-03-20T15:24:01","modified_gmt":"2024-03-20T14:24:01","slug":"colibri-wp","status":"publish","type":"page","link":"http:\/\/makingblog.audencia.com\/elephant-a-table\/","title":{"rendered":"Front Page"},"content":{"rendered":"<div data-colibri-id=\"111-c1\" class=\"style-216 style-local-111-c1 position-relative\">\n  <!---->\n  <div data-colibri-component=\"section\" data-colibri-id=\"111-c2\" id=\"blog\" class=\"h-section h-section-global-spacing d-flex align-items-lg-center align-items-md-center align-items-center style-360 style-local-111-c2 position-relative\">\n    <!---->\n    <!---->\n    <div class=\"h-section-grid-container h-section-boxed-container\">\n      <div data-colibri-id=\"111-c16\" class=\"h-row-container gutters-row-lg-2 gutters-row-md-2 gutters-row-2 gutters-row-v-lg-2 gutters-row-v-md-2 gutters-row-v-2 style-374 style-local-111-c16 position-relative\">\n        <!---->\n        <div class=\"h-row justify-content-lg-center justify-content-md-center justify-content-center align-items-lg-stretch align-items-md-stretch align-items-stretch gutters-col-lg-2 gutters-col-md-2 gutters-col-2 gutters-col-v-lg-2 gutters-col-v-md-2 gutters-col-v-2\">\n          <!---->\n          <div class=\"h-column h-column-container d-flex h-col-lg-auto h-col-md-auto h-col-auto style-375-outer style-local-111-c17-outer\">\n            <div data-colibri-id=\"111-c17\" class=\"d-flex h-flex-basis h-column__inner h-px-lg-2 h-px-md-2 h-px-2 v-inner-lg-2 v-inner-md-2 v-inner-2 style-375 style-local-111-c17 position-relative\">\n              <!---->\n              <!---->\n              <div class=\"w-100 h-y-container h-column__content h-column__v-align flex-basis-100 align-self-lg-start align-self-md-start align-self-start\">\n                <!---->\n                <div data-colibri-id=\"111-c18\" class=\"h-global-transition-all h-heading style-376 style-local-111-c18 position-relative h-element\">\n                  <!---->\n                  <div class=\"h-heading__outer style-376 style-local-111-c18\">\n                    <!---->\n                    <!---->\n                    <h2 class=\"\">Nos derniers articles<\/h2>\n                  <\/div>\n                <\/div>\n              <\/div>\n            <\/div>\n          <\/div>\n        <\/div>\n      <\/div>\n      <div data-colibri-id=\"111-c3\" class=\"h-row-container gutters-row-lg-0 gutters-row-md-0 gutters-row-0 gutters-row-v-lg-0 gutters-row-v-md-0 gutters-row-v-0 style-361 style-local-111-c3 position-relative\">\n        <!---->\n        <div class=\"h-row justify-content-lg-center justify-content-md-center justify-content-center align-items-lg-stretch align-items-md-stretch align-items-stretch gutters-col-lg-0 gutters-col-md-0 gutters-col-0 gutters-col-v-lg-0 gutters-col-v-md-0 gutters-col-v-0\">\n          <!---->\n          <div class=\"h-column h-column-container d-flex h-col-lg-auto h-col-md-auto h-col-auto style-362-outer style-local-111-c4-outer\">\n            <div data-colibri-id=\"111-c4\" class=\"d-flex h-flex-basis h-column__inner h-px-lg-0 h-px-md-0 h-px-0 v-inner-lg-0 v-inner-md-0 v-inner-0 style-362 style-local-111-c4 position-relative\">\n              <!---->\n              <!---->\n              <div class=\"w-100 h-y-container h-column__content h-column__v-align flex-basis-100 align-self-lg-start align-self-md-start align-self-start\">\n                <!---->\n                <div data-colibri-id=\"111-c5\" class=\"h-row-container gutters-row-lg-2 gutters-row-md-2 gutters-row-2 gutters-row-v-lg-2 gutters-row-v-md-2 gutters-row-v-2 colibri-dynamic-list style-363 style-local-111-c5 position-relative\">\n                  <!---->\n                  <div data-colibri-component=\"\" class=\"h-row justify-content-lg-start justify-content-md-start justify-content-start align-items-lg-stretch align-items-md-stretch align-items-stretch gutters-col-lg-2 gutters-col-md-2 gutters-col-2 gutters-col-v-lg-2 gutters-col-v-md-2 gutters-col-v-2 style-363-row style-local-111-c5-row\">\n                    <!---->\n        <div    class=\"h-column h-column-container d-flex h-col-lg-4 h-col-md-6 h-col-12 post-548 post type-post status-publish format-standard has-post-thumbnail hentry category-recettes-petit-budget category-recettes tag-budget tag-etudiant tag-pas-chere tag-recette masonry-item style-364-outer style-local-111-c6-outer\"  ><div   data-colibri-id=\"111-c6\" class=\"d-flex h-flex-basis h-column__inner h-px-lg-2 h-px-md-2 h-px-2 v-inner-lg-2 v-inner-md-2 v-inner-2 style-364 style-local-111-c6 h-overflow-hidden position-relative\"><!&#8212;-><!&#8212;-> <div  class=\"w-100 h-y-container h-column__content h-column__v-align flex-basis-100 align-self-lg-start align-self-md-start align-self-start\"><!&#8212;-> <div   data-href=\"http:\/\/makingblog.audencia.com\/elephant-a-table\/2024\/03\/19\/bien-manger-sans-se-ruiner-recettes-a-moins-de-5e\/\" data-colibri-component=\"link\"  data-colibri-id=\"111-c7\" class=\"colibri-post-thumbnail colibri-post-has-thumbnail colibri-post-thumbnail-has-placeholder style-365 style-local-111-c7 h-overflow-hidden position-relative h-element\"  ><!&#8212;-><div   class=\"h-global-transition-all colibri-post-thumbnail-shortcode style-dynamic-111-c7-height\">            <a href=\"http:\/\/makingblog.audencia.com\/elephant-a-table\/2024\/03\/19\/bien-manger-sans-se-ruiner-recettes-a-moins-de-5e\/\" title=\"Bien manger sans se ruiner : Recettes \u00e0 moins de 5\u20ac\u00a0\">\n\t\t\t\t<img fetchpriority=\"high\" decoding=\"async\" width=\"2560\" height=\"1707\" src=\"http:\/\/makingblog.audencia.com\/elephant-a-table\/wp-content\/uploads\/2024\/03\/pexels-klaus-nielsen-6287552-scaled.jpg\" class=\"attachment-post-thumbnail size-post-thumbnail wp-post-image\" alt=\"\" srcset=\"http:\/\/makingblog.audencia.com\/elephant-a-table\/wp-content\/uploads\/2024\/03\/pexels-klaus-nielsen-6287552-scaled.jpg 2560w, http:\/\/makingblog.audencia.com\/elephant-a-table\/wp-content\/uploads\/2024\/03\/pexels-klaus-nielsen-6287552-300x200.jpg 300w, http:\/\/makingblog.audencia.com\/elephant-a-table\/wp-content\/uploads\/2024\/03\/pexels-klaus-nielsen-6287552-1024x683.jpg 1024w, http:\/\/makingblog.audencia.com\/elephant-a-table\/wp-content\/uploads\/2024\/03\/pexels-klaus-nielsen-6287552-768x512.jpg 768w, http:\/\/makingblog.audencia.com\/elephant-a-table\/wp-content\/uploads\/2024\/03\/pexels-klaus-nielsen-6287552-1536x1024.jpg 1536w, http:\/\/makingblog.audencia.com\/elephant-a-table\/wp-content\/uploads\/2024\/03\/pexels-klaus-nielsen-6287552-2048x1365.jpg 2048w\" sizes=\"(max-width: 2560px) 100vw, 2560px\" \/>            <\/a>\n\t\t\t<\/div> <div  class=\"colibri-post-thumbnail-content align-items-lg-center align-items-md-center align-items-center flex-basis-100\"><div  class=\"w-100 h-y-container\"><!&#8212;-> <\/div><\/div><\/div><div   data-colibri-id=\"111-c8\" class=\"h-row-container gutters-row-lg-0 gutters-row-md-0 gutters-row-2 gutters-row-v-lg-0 gutters-row-v-md-0 gutters-row-v-0 style-366 style-local-111-c8 position-relative\"  ><!&#8212;-><div class=\"h-row justify-content-lg-center justify-content-md-center justify-content-center align-items-lg-stretch align-items-md-stretch align-items-stretch gutters-col-lg-0 gutters-col-md-0 gutters-col-2 gutters-col-v-lg-0 gutters-col-v-md-0 gutters-col-v-0\"><!&#8212;-> <div   class=\"h-column h-column-container d-flex h-col-lg h-col-md h-col-auto style-367-outer style-local-111-c9-outer\"  ><div  data-colibri-id=\"111-c9\" class=\"d-flex h-flex-basis h-column__inner h-px-lg-3 h-px-md-3 h-px-3 v-inner-lg-3 v-inner-md-3 v-inner-3 style-367 style-local-111-c9 position-relative\"><!&#8212;-><!&#8212;-> <div class=\"w-100 h-y-container h-column__content h-column__v-align flex-basis-100 align-self-lg-start align-self-md-start align-self-start\"><!&#8212;-> <div   data-colibri-id=\"111-c10\" class=\"h-blog-categories style-368 style-local-111-c10 position-relative h-element\"  ><!&#8212;-><div  class=\"h-global-transition-all\"><a class=\"d-inline-block colibri-post-category\" href=\"http:\/\/makingblog.audencia.com\/elephant-a-table\/category\/recettes\/recettes-petit-budget\/\">Recettes petit budget<\/a><a class=\"d-inline-block colibri-post-category\" href=\"http:\/\/makingblog.audencia.com\/elephant-a-table\/category\/recettes\/\">Recettes \ud83e\uddd1\u200d\ud83c\udf73<\/a><\/div><\/div><div   data-colibri-id=\"111-c11\" class=\"h-blog-title style-369 style-local-111-c11 position-relative h-element\"  ><!&#8212;-><div  class=\"h-global-transition-all\"><a href=\"http:\/\/makingblog.audencia.com\/elephant-a-table\/2024\/03\/19\/bien-manger-sans-se-ruiner-recettes-a-moins-de-5e\/\"><h4 class=\"colibri-word-wrap\">Bien manger sans se ruiner : Recettes \u00e0 moins de 5\u20ac\u00a0<\/h4><\/a><\/div><\/div><div   data-colibri-id=\"111-c12\" class=\"h-blog-meta style-370 style-local-111-c12 position-relative h-element\"  ><!&#8212;-><div name=\"1\" class=\"metadata-item\"><span class=\"metadata-prefix\">by<\/span> <a href=\"http:\/\/makingblog.audencia.com\/elephant-a-table\/author\/colombe-parois\/\"><!&#8212;->Colombe Parois<\/a> <span class=\"meta-separator\"><\/span><\/div><div name=\"2\" class=\"metadata-item\"><span class=\"metadata-prefix\">on<\/span> <a href=\"http:\/\/makingblog.audencia.com\/elephant-a-table\/2024\/03\/19\/\"><!&#8212;->Mar 19<\/a><\/div><!&#8212;-><!&#8212;-><\/div><div   data-colibri-id=\"111-c13\" class=\"style-371 style-local-111-c13 position-relative h-element\"  ><!&#8212;-><div  class=\"h-global-transition-all\"><div class=\"colibri-post-excerpt\">Vous \u00eates toujours \u00e9tudiant \u00e0 Nantes et vous souhaitez diversifier vos repas [&hellip;]<\/div><\/div><\/div><div    data-colibri-id=\"111-c14\" class=\"h-x-container style-372 style-local-111-c14 position-relative h-element\"  ><!&#8212;-><div   class=\"h-x-container-inner style-dynamic-111-c14-group\"><!&#8212;-><span   class=\"h-button__outer style-373-outer style-local-111-c15-outer d-inline-flex h-element\"    ><a  h-use-smooth-scroll=\"true\" href=\"http:\/\/makingblog.audencia.com\/elephant-a-table\/2024\/03\/19\/bien-manger-sans-se-ruiner-recettes-a-moins-de-5e\/\"  data-colibri-id=\"111-c15\" class=\"d-flex w-100 align-items-center h-button justify-content-lg-center justify-content-md-center justify-content-center style-373 style-local-111-c15 position-relative\"><!&#8212;-><!&#8212;-> <span >Read more<\/span> <span  class=\"h-svg-icon h-button__icon style-373-icon style-local-111-c15-icon\"><!&#8211;Icon by Icons8 Line Awesome (https:\/\/icons8.com\/line-awesome)&#8211;><svg version=\"1.1\" xmlns=\"http:\/\/www.w3.org\/2000\/svg\" xmlns:xlink=\"http:\/\/www.w3.org\/1999\/xlink\" id=\"arrow-right\" viewBox=\"0 0 512 545.5\"><path d=\"M299.5 140.5l136 136 11 11.5-11 11.5-136 136-23-23L385 304H64v-32h321L276.5 163.5z\"><\/path><\/svg><\/span><\/a><\/span><\/div><\/div><\/div><\/div><\/div><\/div><\/div><\/div><\/div><\/div>\n      \n      \n        <div    class=\"h-column h-column-container d-flex h-col-lg-4 h-col-md-6 h-col-12 post-536 post type-post status-publish format-standard has-post-thumbnail hentry category-applications-et-sites-utiles category-bons-plans tag-applications tag-bon-plan tag-etudiant tag-reduction tag-sites masonry-item style-364-outer style-local-111-c6-outer\"  ><div   data-colibri-id=\"111-c6\" class=\"d-flex h-flex-basis h-column__inner h-px-lg-2 h-px-md-2 h-px-2 v-inner-lg-2 v-inner-md-2 v-inner-2 style-364 style-local-111-c6 h-overflow-hidden position-relative\"><!&#8212;-><!&#8212;-> <div  class=\"w-100 h-y-container h-column__content h-column__v-align flex-basis-100 align-self-lg-start align-self-md-start align-self-start\"><!&#8212;-> <div   data-href=\"http:\/\/makingblog.audencia.com\/elephant-a-table\/2024\/03\/19\/applications-et-sites-utiles-les-allies-du-quotidien\/\" data-colibri-component=\"link\"  data-colibri-id=\"111-c7\" class=\"colibri-post-thumbnail colibri-post-has-thumbnail colibri-post-thumbnail-has-placeholder style-365 style-local-111-c7 h-overflow-hidden position-relative h-element\"  ><!&#8212;-><div   class=\"h-global-transition-all colibri-post-thumbnail-shortcode style-dynamic-111-c7-height\">            <a href=\"http:\/\/makingblog.audencia.com\/elephant-a-table\/2024\/03\/19\/applications-et-sites-utiles-les-allies-du-quotidien\/\" title=\"Applications et sites utiles : Les alli\u00e9s du quotidien\">\n\t\t\t\t<img decoding=\"async\" width=\"2250\" height=\"1500\" src=\"http:\/\/makingblog.audencia.com\/elephant-a-table\/wp-content\/uploads\/2024\/03\/pexels-photo-4549414.webp\" class=\"attachment-post-thumbnail size-post-thumbnail wp-post-image\" alt=\"\" srcset=\"http:\/\/makingblog.audencia.com\/elephant-a-table\/wp-content\/uploads\/2024\/03\/pexels-photo-4549414.webp 2250w, http:\/\/makingblog.audencia.com\/elephant-a-table\/wp-content\/uploads\/2024\/03\/pexels-photo-4549414-300x200.webp 300w, http:\/\/makingblog.audencia.com\/elephant-a-table\/wp-content\/uploads\/2024\/03\/pexels-photo-4549414-1024x683.webp 1024w, http:\/\/makingblog.audencia.com\/elephant-a-table\/wp-content\/uploads\/2024\/03\/pexels-photo-4549414-768x512.webp 768w, http:\/\/makingblog.audencia.com\/elephant-a-table\/wp-content\/uploads\/2024\/03\/pexels-photo-4549414-1536x1024.webp 1536w, http:\/\/makingblog.audencia.com\/elephant-a-table\/wp-content\/uploads\/2024\/03\/pexels-photo-4549414-2048x1365.webp 2048w\" sizes=\"(max-width: 2250px) 100vw, 2250px\" \/>            <\/a>\n\t\t\t<\/div> <div  class=\"colibri-post-thumbnail-content align-items-lg-center align-items-md-center align-items-center flex-basis-100\"><div  class=\"w-100 h-y-container\"><!&#8212;-> <\/div><\/div><\/div><div   data-colibri-id=\"111-c8\" class=\"h-row-container gutters-row-lg-0 gutters-row-md-0 gutters-row-2 gutters-row-v-lg-0 gutters-row-v-md-0 gutters-row-v-0 style-366 style-local-111-c8 position-relative\"  ><!&#8212;-><div class=\"h-row justify-content-lg-center justify-content-md-center justify-content-center align-items-lg-stretch align-items-md-stretch align-items-stretch gutters-col-lg-0 gutters-col-md-0 gutters-col-2 gutters-col-v-lg-0 gutters-col-v-md-0 gutters-col-v-0\"><!&#8212;-> <div   class=\"h-column h-column-container d-flex h-col-lg h-col-md h-col-auto style-367-outer style-local-111-c9-outer\"  ><div  data-colibri-id=\"111-c9\" class=\"d-flex h-flex-basis h-column__inner h-px-lg-3 h-px-md-3 h-px-3 v-inner-lg-3 v-inner-md-3 v-inner-3 style-367 style-local-111-c9 position-relative\"><!&#8212;-><!&#8212;-> <div class=\"w-100 h-y-container h-column__content h-column__v-align flex-basis-100 align-self-lg-start align-self-md-start align-self-start\"><!&#8212;-> <div   data-colibri-id=\"111-c10\" class=\"h-blog-categories style-368 style-local-111-c10 position-relative h-element\"  ><!&#8212;-><div  class=\"h-global-transition-all\"><a class=\"d-inline-block colibri-post-category\" href=\"http:\/\/makingblog.audencia.com\/elephant-a-table\/category\/bons-plans\/applications-et-sites-utiles\/\">Applications et sites utiles<\/a><a class=\"d-inline-block colibri-post-category\" href=\"http:\/\/makingblog.audencia.com\/elephant-a-table\/category\/bons-plans\/\">Bons plans \ud83d\udcb8<\/a><\/div><\/div><div   data-colibri-id=\"111-c11\" class=\"h-blog-title style-369 style-local-111-c11 position-relative h-element\"  ><!&#8212;-><div  class=\"h-global-transition-all\"><a href=\"http:\/\/makingblog.audencia.com\/elephant-a-table\/2024\/03\/19\/applications-et-sites-utiles-les-allies-du-quotidien\/\"><h4 class=\"colibri-word-wrap\">Applications et sites utiles : Les alli\u00e9s du quotidien<\/h4><\/a><\/div><\/div><div   data-colibri-id=\"111-c12\" class=\"h-blog-meta style-370 style-local-111-c12 position-relative h-element\"  ><!&#8212;-><div name=\"1\" class=\"metadata-item\"><span class=\"metadata-prefix\">by<\/span> <a href=\"http:\/\/makingblog.audencia.com\/elephant-a-table\/author\/mouna-khaldi\/\"><!&#8212;->Mouna Khaldi<\/a> <span class=\"meta-separator\"><\/span><\/div><div name=\"2\" class=\"metadata-item\"><span class=\"metadata-prefix\">on<\/span> <a href=\"http:\/\/makingblog.audencia.com\/elephant-a-table\/2024\/03\/19\/\"><!&#8212;->Mar 19<\/a><\/div><!&#8212;-><!&#8212;-><\/div><div   data-colibri-id=\"111-c13\" class=\"style-371 style-local-111-c13 position-relative h-element\"  ><!&#8212;-><div  class=\"h-global-transition-all\"><div class=\"colibri-post-excerpt\">Optimiser ses courses et son alimentation est devenu essentiel pour gagner du [&hellip;]<\/div><\/div><\/div><div    data-colibri-id=\"111-c14\" class=\"h-x-container style-372 style-local-111-c14 position-relative h-element\"  ><!&#8212;-><div   class=\"h-x-container-inner style-dynamic-111-c14-group\"><!&#8212;-><span   class=\"h-button__outer style-373-outer style-local-111-c15-outer d-inline-flex h-element\"    ><a  h-use-smooth-scroll=\"true\" href=\"http:\/\/makingblog.audencia.com\/elephant-a-table\/2024\/03\/19\/applications-et-sites-utiles-les-allies-du-quotidien\/\"  data-colibri-id=\"111-c15\" class=\"d-flex w-100 align-items-center h-button justify-content-lg-center justify-content-md-center justify-content-center style-373 style-local-111-c15 position-relative\"><!&#8212;-><!&#8212;-> <span >Read more<\/span> <span  class=\"h-svg-icon h-button__icon style-373-icon style-local-111-c15-icon\"><!&#8211;Icon by Icons8 Line Awesome (https:\/\/icons8.com\/line-awesome)&#8211;><svg version=\"1.1\" xmlns=\"http:\/\/www.w3.org\/2000\/svg\" xmlns:xlink=\"http:\/\/www.w3.org\/1999\/xlink\" id=\"arrow-right\" viewBox=\"0 0 512 545.5\"><path d=\"M299.5 140.5l136 136 11 11.5-11 11.5-136 136-23-23L385 304H64v-32h321L276.5 163.5z\"><\/path><\/svg><\/span><\/a><\/span><\/div><\/div><\/div><\/div><\/div><\/div><\/div><\/div><\/div><\/div>\n      \n      \n        <div    class=\"h-column h-column-container d-flex h-col-lg-4 h-col-md-6 h-col-12 post-521 post type-post status-publish format-standard has-post-thumbnail hentry category-astuces-de-conservation category-bons-plans tag-astuces tag-conseils tag-conservation masonry-item style-364-outer style-local-111-c6-outer\"  ><div   data-colibri-id=\"111-c6\" class=\"d-flex h-flex-basis h-column__inner h-px-lg-2 h-px-md-2 h-px-2 v-inner-lg-2 v-inner-md-2 v-inner-2 style-364 style-local-111-c6 h-overflow-hidden position-relative\"><!&#8212;-><!&#8212;-> <div  class=\"w-100 h-y-container h-column__content h-column__v-align flex-basis-100 align-self-lg-start align-self-md-start align-self-start\"><!&#8212;-> <div   data-href=\"http:\/\/makingblog.audencia.com\/elephant-a-table\/2024\/03\/19\/apprenez-a-conserver-vos-aliments\/\" data-colibri-component=\"link\"  data-colibri-id=\"111-c7\" class=\"colibri-post-thumbnail colibri-post-has-thumbnail colibri-post-thumbnail-has-placeholder style-365 style-local-111-c7 h-overflow-hidden position-relative h-element\"  ><!&#8212;-><div   class=\"h-global-transition-all colibri-post-thumbnail-shortcode style-dynamic-111-c7-height\">            <a href=\"http:\/\/makingblog.audencia.com\/elephant-a-table\/2024\/03\/19\/apprenez-a-conserver-vos-aliments\/\" title=\"Apprenez \u00e0 conserver vos aliments !\">\n\t\t\t\t<img decoding=\"async\" width=\"1000\" height=\"1500\" src=\"http:\/\/makingblog.audencia.com\/elephant-a-table\/wp-content\/uploads\/2024\/03\/pexels-photo-3737639.webp\" class=\"attachment-post-thumbnail size-post-thumbnail wp-post-image\" alt=\"\" srcset=\"http:\/\/makingblog.audencia.com\/elephant-a-table\/wp-content\/uploads\/2024\/03\/pexels-photo-3737639.webp 1000w, http:\/\/makingblog.audencia.com\/elephant-a-table\/wp-content\/uploads\/2024\/03\/pexels-photo-3737639-200x300.webp 200w, http:\/\/makingblog.audencia.com\/elephant-a-table\/wp-content\/uploads\/2024\/03\/pexels-photo-3737639-683x1024.webp 683w, http:\/\/makingblog.audencia.com\/elephant-a-table\/wp-content\/uploads\/2024\/03\/pexels-photo-3737639-768x1152.webp 768w\" sizes=\"(max-width: 1000px) 100vw, 1000px\" \/>            <\/a>\n\t\t\t<\/div> <div  class=\"colibri-post-thumbnail-content align-items-lg-center align-items-md-center align-items-center flex-basis-100\"><div  class=\"w-100 h-y-container\"><!&#8212;-> <\/div><\/div><\/div><div   data-colibri-id=\"111-c8\" class=\"h-row-container gutters-row-lg-0 gutters-row-md-0 gutters-row-2 gutters-row-v-lg-0 gutters-row-v-md-0 gutters-row-v-0 style-366 style-local-111-c8 position-relative\"  ><!&#8212;-><div class=\"h-row justify-content-lg-center justify-content-md-center justify-content-center align-items-lg-stretch align-items-md-stretch align-items-stretch gutters-col-lg-0 gutters-col-md-0 gutters-col-2 gutters-col-v-lg-0 gutters-col-v-md-0 gutters-col-v-0\"><!&#8212;-> <div   class=\"h-column h-column-container d-flex h-col-lg h-col-md h-col-auto style-367-outer style-local-111-c9-outer\"  ><div  data-colibri-id=\"111-c9\" class=\"d-flex h-flex-basis h-column__inner h-px-lg-3 h-px-md-3 h-px-3 v-inner-lg-3 v-inner-md-3 v-inner-3 style-367 style-local-111-c9 position-relative\"><!&#8212;-><!&#8212;-> <div class=\"w-100 h-y-container h-column__content h-column__v-align flex-basis-100 align-self-lg-start align-self-md-start align-self-start\"><!&#8212;-> <div   data-colibri-id=\"111-c10\" class=\"h-blog-categories style-368 style-local-111-c10 position-relative h-element\"  ><!&#8212;-><div  class=\"h-global-transition-all\"><a class=\"d-inline-block colibri-post-category\" href=\"http:\/\/makingblog.audencia.com\/elephant-a-table\/category\/bons-plans\/astuces-de-conservation\/\">Astuces de conservation<\/a><a class=\"d-inline-block colibri-post-category\" href=\"http:\/\/makingblog.audencia.com\/elephant-a-table\/category\/bons-plans\/\">Bons plans \ud83d\udcb8<\/a><\/div><\/div><div   data-colibri-id=\"111-c11\" class=\"h-blog-title style-369 style-local-111-c11 position-relative h-element\"  ><!&#8212;-><div  class=\"h-global-transition-all\"><a href=\"http:\/\/makingblog.audencia.com\/elephant-a-table\/2024\/03\/19\/apprenez-a-conserver-vos-aliments\/\"><h4 class=\"colibri-word-wrap\">Apprenez \u00e0 conserver vos aliments !<\/h4><\/a><\/div><\/div><div   data-colibri-id=\"111-c12\" class=\"h-blog-meta style-370 style-local-111-c12 position-relative h-element\"  ><!&#8212;-><div name=\"1\" class=\"metadata-item\"><span class=\"metadata-prefix\">by<\/span> <a href=\"http:\/\/makingblog.audencia.com\/elephant-a-table\/author\/mouna-khaldi\/\"><!&#8212;->Mouna Khaldi<\/a> <span class=\"meta-separator\"><\/span><\/div><div name=\"2\" class=\"metadata-item\"><span class=\"metadata-prefix\">on<\/span> <a href=\"http:\/\/makingblog.audencia.com\/elephant-a-table\/2024\/03\/19\/\"><!&#8212;->Mar 19<\/a><\/div><!&#8212;-><!&#8212;-><\/div><div   data-colibri-id=\"111-c13\" class=\"style-371 style-local-111-c13 position-relative h-element\"  ><!&#8212;-><div  class=\"h-global-transition-all\"><div class=\"colibri-post-excerpt\">Le r\u00e9frig\u00e9rateur est un \u00e9l\u00e9ment essentiel, une bonne organisation permet de conserver [&hellip;]<\/div><\/div><\/div><div    data-colibri-id=\"111-c14\" class=\"h-x-container style-372 style-local-111-c14 position-relative h-element\"  ><!&#8212;-><div   class=\"h-x-container-inner style-dynamic-111-c14-group\"><!&#8212;-><span   class=\"h-button__outer style-373-outer style-local-111-c15-outer d-inline-flex h-element\"    ><a  h-use-smooth-scroll=\"true\" href=\"http:\/\/makingblog.audencia.com\/elephant-a-table\/2024\/03\/19\/apprenez-a-conserver-vos-aliments\/\"  data-colibri-id=\"111-c15\" class=\"d-flex w-100 align-items-center h-button justify-content-lg-center justify-content-md-center justify-content-center style-373 style-local-111-c15 position-relative\"><!&#8212;-><!&#8212;-> <span >Read more<\/span> <span  class=\"h-svg-icon h-button__icon style-373-icon style-local-111-c15-icon\"><!&#8211;Icon by Icons8 Line Awesome (https:\/\/icons8.com\/line-awesome)&#8211;><svg version=\"1.1\" xmlns=\"http:\/\/www.w3.org\/2000\/svg\" xmlns:xlink=\"http:\/\/www.w3.org\/1999\/xlink\" id=\"arrow-right\" viewBox=\"0 0 512 545.5\"><path d=\"M299.5 140.5l136 136 11 11.5-11 11.5-136 136-23-23L385 304H64v-32h321L276.5 163.5z\"><\/path><\/svg><\/span><\/a><\/span><\/div><\/div><\/div><\/div><\/div><\/div><\/div><\/div><\/div><\/div>\n      \n      \n                    <\/div>\n                <\/div>\n              <\/div>\n            <\/div>\n          <\/div>\n        <\/div>\n      <\/div>\n    <\/div>\n  <\/div>\n<\/div>","protected":false},"excerpt":{"rendered":"<p>Nos derniers articles<\/p>\n","protected":false},"author":4,"featured_media":0,"parent":0,"menu_order":0,"comment_status":"closed","ping_status":"closed","template":"page-templates\/homepage.php","meta":{"footnotes":""},"class_list":["post-111","page","type-page","status-publish","hentry"],"_links":{"self":[{"href":"http:\/\/makingblog.audencia.com\/elephant-a-table\/wp-json\/wp\/v2\/pages\/111","targetHints":{"allow":["GET"]}}],"collection":[{"href":"http:\/\/makingblog.audencia.com\/elephant-a-table\/wp-json\/wp\/v2\/pages"}],"about":[{"href":"http:\/\/makingblog.audencia.com\/elephant-a-table\/wp-json\/wp\/v2\/types\/page"}],"author":[{"embeddable":true,"href":"http:\/\/makingblog.audencia.com\/elephant-a-table\/wp-json\/wp\/v2\/users\/4"}],"replies":[{"embeddable":true,"href":"http:\/\/makingblog.audencia.com\/elephant-a-table\/wp-json\/wp\/v2\/comments?post=111"}],"version-history":[{"count":13,"href":"http:\/\/makingblog.audencia.com\/elephant-a-table\/wp-json\/wp\/v2\/pages\/111\/revisions"}],"predecessor-version":[{"id":959,"href":"http:\/\/makingblog.audencia.com\/elephant-a-table\/wp-json\/wp\/v2\/pages\/111\/revisions\/959"}],"wp:attachment":[{"href":"http:\/\/makingblog.audencia.com\/elephant-a-table\/wp-json\/wp\/v2\/media?parent=111"}],"curies":[{"name":"wp","href":"https:\/\/api.w.org\/{rel}","templated":true}]}}