{"id":52,"date":"2024-02-22T08:50:55","date_gmt":"2024-02-22T07:50:55","guid":{"rendered":"https:\/\/makingblog.audencia.com\/design-filmique\/?page_id=52"},"modified":"2024-03-20T13:14:09","modified_gmt":"2024-03-20T12:14:09","slug":"a-propos","status":"publish","type":"page","link":"http:\/\/makingblog.audencia.com\/design-filmique\/a-propos\/","title":{"rendered":"\u00e0 propos"},"content":{"rendered":"\t\t<div data-elementor-type=\"wp-page\" data-elementor-id=\"52\" class=\"elementor elementor-52\">\n\t\t\t\t<div class=\"elementor-element elementor-element-b416fcc e-flex e-con-boxed e-con e-parent\" data-id=\"b416fcc\" data-element_type=\"container\" data-core-v316-plus=\"true\">\n\t\t\t\t\t<div class=\"e-con-inner\">\n\t\t<div class=\"elementor-element elementor-element-323a480 e-con-full e-flex e-con e-child\" data-id=\"323a480\" data-element_type=\"container\">\n\t\t\t\t<div class=\"elementor-element elementor-element-4aab7ed elementor-widget elementor-widget-image\" data-id=\"4aab7ed\" data-element_type=\"widget\" data-widget_type=\"image.default\">\n\t\t\t\t<div class=\"elementor-widget-container\">\n\t\t\t<style>\/*! elementor - v3.20.0 - 13-03-2024 *\/\n.elementor-widget-image{text-align:center}.elementor-widget-image a{display:inline-block}.elementor-widget-image a img[src$=\".svg\"]{width:48px}.elementor-widget-image img{vertical-align:middle;display:inline-block}<\/style>\t\t\t\t\t\t\t\t\t\t<img fetchpriority=\"high\" decoding=\"async\" width=\"480\" height=\"640\" src=\"http:\/\/makingblog.audencia.com\/design-filmique\/wp-content\/uploads\/2024\/03\/245e3cb42c2dfb00727648bbfc2b10a2-2.jpg\" class=\"attachment-large size-large wp-image-303\" alt=\"\" srcset=\"http:\/\/makingblog.audencia.com\/design-filmique\/wp-content\/uploads\/2024\/03\/245e3cb42c2dfb00727648bbfc2b10a2-2.jpg 480w, http:\/\/makingblog.audencia.com\/design-filmique\/wp-content\/uploads\/2024\/03\/245e3cb42c2dfb00727648bbfc2b10a2-2-225x300.jpg 225w\" sizes=\"100vw\" \/>\t\t\t\t\t\t\t\t\t\t\t\t\t<\/div>\n\t\t\t\t<\/div>\n\t\t\t\t<\/div>\n\t\t<div class=\"elementor-element elementor-element-60cc453 e-con-full e-flex e-con e-child\" data-id=\"60cc453\" data-element_type=\"container\">\n\t\t\t\t<div class=\"elementor-element elementor-element-dc1701b elementor-widget elementor-widget-text-editor\" data-id=\"dc1701b\" data-element_type=\"widget\" data-widget_type=\"text-editor.default\">\n\t\t\t\t<div class=\"elementor-widget-container\">\n\t\t\t<style>\/*! elementor - v3.20.0 - 13-03-2024 *\/\n.elementor-widget-text-editor.elementor-drop-cap-view-stacked .elementor-drop-cap{background-color:#69727d;color:#fff}.elementor-widget-text-editor.elementor-drop-cap-view-framed .elementor-drop-cap{color:#69727d;border:3px solid;background-color:transparent}.elementor-widget-text-editor:not(.elementor-drop-cap-view-default) .elementor-drop-cap{margin-top:8px}.elementor-widget-text-editor:not(.elementor-drop-cap-view-default) .elementor-drop-cap-letter{width:1em;height:1em}.elementor-widget-text-editor .elementor-drop-cap{float:left;text-align:center;line-height:1;font-size:50px}.elementor-widget-text-editor .elementor-drop-cap-letter{display:inline-block}<\/style>\t\t\t\t<p style=\"text-align: justify;\">\u00ab\u00a0Bienvenue sur Design Filmique, votre espace d\u00e9di\u00e9 \u00e0 la rencontre du graphisme dans le septi\u00e8me art. Voyons ensemble les choix visuels qui rendent chaque film unique.\u00a0<\/p><p style=\"text-align: justify;\">Ici, on analyse en d\u00e9tail le design des films. Des exemples concrets sur la mise en sc\u00e8ne, les couleurs et les techniques visuelles. On vous propose aussi des interviews avec des professionnels, des critiques approfondies et des comparaisons entre diff\u00e9rents films.\u00a0<\/p>\t\t\t\t\t\t<\/div>\n\t\t\t\t<\/div>\n\t\t\t\t<\/div>\n\t\t\t\t\t<\/div>\n\t\t\t\t<\/div>\n\t\t<div class=\"elementor-element elementor-element-a5ac1ea e-flex e-con-boxed e-con e-parent\" data-id=\"a5ac1ea\" data-element_type=\"container\" data-core-v316-plus=\"true\">\n\t\t\t\t\t<div class=\"e-con-inner\">\n\t\t<div class=\"elementor-element elementor-element-2af63df e-con-full e-flex e-con e-child\" data-id=\"2af63df\" data-element_type=\"container\">\n\t\t\t\t<div class=\"elementor-element elementor-element-4816719 elementor-widget elementor-widget-text-editor\" data-id=\"4816719\" data-element_type=\"widget\" data-widget_type=\"text-editor.default\">\n\t\t\t\t<div class=\"elementor-widget-container\">\n\t\t\t\t\t\t\t<p style=\"text-align: justify;\">\u00c9tudiant dans la communication et passionn\u00e9 par le cin\u00e9ma, j&rsquo;aime partager des connaissances et mon amour pour l&rsquo;esth\u00e9tique cin\u00e9matographique. J&rsquo;aime cr\u00e9er des courts films m\u00e9lang\u00e9s au graphisme, jouer avec la colorim\u00e9trie, qui donne cet aspect \u00ab\u00a0cin\u00e9matique\u00a0\u00bb.<\/p>\t\t\t\t\t\t<\/div>\n\t\t\t\t<\/div>\n\t\t\t\t<\/div>\n\t\t<div class=\"elementor-element elementor-element-b63d69e e-con-full e-flex e-con e-child\" data-id=\"b63d69e\" data-element_type=\"container\">\n\t\t\t\t<div class=\"elementor-element elementor-element-7ff1117 elementor-widget elementor-widget-image\" data-id=\"7ff1117\" data-element_type=\"widget\" data-widget_type=\"image.default\">\n\t\t\t\t<div class=\"elementor-widget-container\">\n\t\t\t\t\t\t\t\t\t\t\t\t\t<img decoding=\"async\" width=\"548\" height=\"548\" src=\"http:\/\/makingblog.audencia.com\/design-filmique\/wp-content\/uploads\/2024\/03\/PP-audencia.jpeg\" class=\"attachment-large size-large wp-image-119\" alt=\"\" srcset=\"http:\/\/makingblog.audencia.com\/design-filmique\/wp-content\/uploads\/2024\/03\/PP-audencia.jpeg 548w, http:\/\/makingblog.audencia.com\/design-filmique\/wp-content\/uploads\/2024\/03\/PP-audencia-300x300.jpeg 300w, http:\/\/makingblog.audencia.com\/design-filmique\/wp-content\/uploads\/2024\/03\/PP-audencia-150x150.jpeg 150w, http:\/\/makingblog.audencia.com\/design-filmique\/wp-content\/uploads\/2024\/03\/PP-audencia-100x100.jpeg 100w\" sizes=\"100vw\" \/>\t\t\t\t\t\t\t\t\t\t\t\t\t<\/div>\n\t\t\t\t<\/div>\n\t\t\t\t<\/div>\n\t\t\t\t\t<\/div>\n\t\t\t\t<\/div>\n\t\t<div class=\"elementor-element elementor-element-01cebab e-flex e-con-boxed e-con e-parent\" data-id=\"01cebab\" data-element_type=\"container\" data-core-v316-plus=\"true\">\n\t\t\t\t\t<div class=\"e-con-inner\">\n\t\t\t\t<div class=\"elementor-element elementor-element-48eb959 elementor-widget elementor-widget-text-editor\" data-id=\"48eb959\" data-element_type=\"widget\" data-widget_type=\"text-editor.default\">\n\t\t\t\t<div class=\"elementor-widget-container\">\n\t\t\t\t\t\t\t<p style=\"text-align: justify;\">Plongez dans des articles pour une compr\u00e9hension plus profonde du design dans le cin\u00e9ma. Design Filmique est l\u00e0 pour les amateurs de cin\u00e9ma, les \u00e9tudiants curieux, et tous ceux qui veulent explorer le monde visuel derri\u00e8re chaque film. Rejoignez-moi dans cette aventure o\u00f9 chaque article vous inspirera \u00e0 travers des classiques du cin\u00e9ma.\u00a0\u00bb<\/p>\t\t\t\t\t\t<\/div>\n\t\t\t\t<\/div>\n\t\t\t\t\t<\/div>\n\t\t\t\t<\/div>\n\t\t\t\t<\/div>\n\t\t","protected":false},"excerpt":{"rendered":"<p>\u00ab\u00a0Bienvenue sur Design Filmique, votre espace d\u00e9di\u00e9 \u00e0 la rencontre du graphisme dans le septi\u00e8me art. Voyons ensemble les choix visuels qui rendent chaque film unique.\u00a0 Ici, on analyse en d\u00e9tail le design des films. Des exemples concrets sur la mise en sc\u00e8ne, les couleurs et les techniques visuelles. On vous propose aussi des interviews &hellip; <\/p>\n<p class=\"link-more\"><a href=\"http:\/\/makingblog.audencia.com\/design-filmique\/a-propos\/\" class=\"more-link\">Lire la suite de<span class=\"screen-reader-text\">\u00ab\u00a0\u00e0 propos\u00a0\u00bb<\/span><\/a><\/p>\n","protected":false},"author":2,"featured_media":81,"parent":0,"menu_order":0,"comment_status":"closed","ping_status":"closed","template":"","meta":{"_themeisle_gutenberg_block_has_review":false,"footnotes":""},"class_list":["post-52","page","type-page","status-publish","has-post-thumbnail","hentry"],"_links":{"self":[{"href":"http:\/\/makingblog.audencia.com\/design-filmique\/wp-json\/wp\/v2\/pages\/52","targetHints":{"allow":["GET"]}}],"collection":[{"href":"http:\/\/makingblog.audencia.com\/design-filmique\/wp-json\/wp\/v2\/pages"}],"about":[{"href":"http:\/\/makingblog.audencia.com\/design-filmique\/wp-json\/wp\/v2\/types\/page"}],"author":[{"embeddable":true,"href":"http:\/\/makingblog.audencia.com\/design-filmique\/wp-json\/wp\/v2\/users\/2"}],"replies":[{"embeddable":true,"href":"http:\/\/makingblog.audencia.com\/design-filmique\/wp-json\/wp\/v2\/comments?post=52"}],"version-history":[{"count":15,"href":"http:\/\/makingblog.audencia.com\/design-filmique\/wp-json\/wp\/v2\/pages\/52\/revisions"}],"predecessor-version":[{"id":306,"href":"http:\/\/makingblog.audencia.com\/design-filmique\/wp-json\/wp\/v2\/pages\/52\/revisions\/306"}],"wp:featuredmedia":[{"embeddable":true,"href":"http:\/\/makingblog.audencia.com\/design-filmique\/wp-json\/wp\/v2\/media\/81"}],"wp:attachment":[{"href":"http:\/\/makingblog.audencia.com\/design-filmique\/wp-json\/wp\/v2\/media?parent=52"}],"curies":[{"name":"wp","href":"https:\/\/api.w.org\/{rel}","templated":true}]}}