{"id":89,"date":"2024-02-15T09:53:11","date_gmt":"2024-02-15T08:53:11","guid":{"rendered":"https:\/\/makingblog.audencia.com\/connecticart\/?page_id=89"},"modified":"2024-03-19T12:41:51","modified_gmt":"2024-03-19T11:41:51","slug":"a-propos","status":"publish","type":"page","link":"http:\/\/makingblog.audencia.com\/connecticart\/a-propos\/","title":{"rendered":"A propos"},"content":{"rendered":"\t\t<div data-elementor-type=\"wp-page\" data-elementor-id=\"89\" class=\"elementor elementor-89\">\n\t\t\t\t<div class=\"elementor-element elementor-element-1a41009 e-flex e-con-boxed e-con e-parent\" data-id=\"1a41009\" data-element_type=\"container\" data-settings=\"{&quot;content_width&quot;:&quot;boxed&quot;}\" data-core-v316-plus=\"true\">\n\t\t\t\t\t<div class=\"e-con-inner\">\n\t\t\t\t<div class=\"elementor-element elementor-element-b4d0449 elementor-widget elementor-widget-text-editor\" data-id=\"b4d0449\" data-element_type=\"widget\" data-widget_type=\"text-editor.default\">\n\t\t\t\t<div class=\"elementor-widget-container\">\n\t\t\t<style>\/*! elementor - v3.19.0 - 07-02-2024 *\/\n.elementor-widget-text-editor.elementor-drop-cap-view-stacked .elementor-drop-cap{background-color:#69727d;color:#fff}.elementor-widget-text-editor.elementor-drop-cap-view-framed .elementor-drop-cap{color:#69727d;border:3px solid;background-color:transparent}.elementor-widget-text-editor:not(.elementor-drop-cap-view-default) .elementor-drop-cap{margin-top:8px}.elementor-widget-text-editor:not(.elementor-drop-cap-view-default) .elementor-drop-cap-letter{width:1em;height:1em}.elementor-widget-text-editor .elementor-drop-cap{float:left;text-align:center;line-height:1;font-size:50px}.elementor-widget-text-editor .elementor-drop-cap-letter{display:inline-block}<\/style>\t\t\t\t<p><span style=\"font-weight: 400;\">Connectic\u2019art est une passerelle culturelle pour les mordus d\u2019art qui souhaitent s&rsquo;int\u00e9resser \u00e0 tous les aspects de la culture: le cin\u00e9ma, la musique, la photographie et la litt\u00e9rature. Chaque semaine, nous vous proposerons un nouvel article sur une \u0153uvre pr\u00e9cise, d\u00e9cortiqu\u00e9e par notre \u00e9quipe. Notre but : vous d\u00e9crire une \u0153uvre et vous en recommander d\u2019autres li\u00e9es \u00e0 celle-ci. Vous naviguerez d\u2019un film \u00e0 un livre \u00e0 une expo photo. Nos propositions seront au plus pr\u00e8s de vos go\u00fbts car bas\u00e9es sur ce que vous avez aim\u00e9. Nous ferons aussi des critiques pour que vous puissiez vous faire un avis sur les diff\u00e9rentes oeuvres dont on vous parlera.<\/span><\/p><p><span style=\"font-weight: 400;\">\u00a0Notre \u00e9quipe est form\u00e9e de trois passionn\u00e9s d\u2019art :<\/span><\/p>\t\t\t\t\t\t<\/div>\n\t\t\t\t<\/div>\n\t\t\t\t<div class=\"elementor-element elementor-element-50b81c5 elementor-widget elementor-widget-image\" data-id=\"50b81c5\" data-element_type=\"widget\" data-widget_type=\"image.default\">\n\t\t\t\t<div class=\"elementor-widget-container\">\n\t\t\t<style>\/*! elementor - v3.19.0 - 07-02-2024 *\/\n.elementor-widget-image{text-align:center}.elementor-widget-image a{display:inline-block}.elementor-widget-image a img[src$=\".svg\"]{width:48px}.elementor-widget-image img{vertical-align:middle;display:inline-block}<\/style>\t\t\t\t\t\t\t\t\t\t<img fetchpriority=\"high\" decoding=\"async\" width=\"840\" height=\"473\" src=\"http:\/\/makingblog.audencia.com\/connecticart\/wp-content\/uploads\/2024\/03\/Design-sans-titre-1-1024x576.jpg\" class=\"attachment-large size-large wp-image-232\" alt=\"\" srcset=\"http:\/\/makingblog.audencia.com\/connecticart\/wp-content\/uploads\/2024\/03\/Design-sans-titre-1-1024x576.jpg 1024w, http:\/\/makingblog.audencia.com\/connecticart\/wp-content\/uploads\/2024\/03\/Design-sans-titre-1-300x169.jpg 300w, http:\/\/makingblog.audencia.com\/connecticart\/wp-content\/uploads\/2024\/03\/Design-sans-titre-1-768x432.jpg 768w, http:\/\/makingblog.audencia.com\/connecticart\/wp-content\/uploads\/2024\/03\/Design-sans-titre-1-1536x864.jpg 1536w, http:\/\/makingblog.audencia.com\/connecticart\/wp-content\/uploads\/2024\/03\/Design-sans-titre-1-107x60.jpg 107w, http:\/\/makingblog.audencia.com\/connecticart\/wp-content\/uploads\/2024\/03\/Design-sans-titre-1-840x473.jpg 840w, http:\/\/makingblog.audencia.com\/connecticart\/wp-content\/uploads\/2024\/03\/Design-sans-titre-1.jpg 1920w\" sizes=\"(max-width: 840px) 100vw, 840px\" \/>\t\t\t\t\t\t\t\t\t\t\t\t\t<\/div>\n\t\t\t\t<\/div>\n\t\t\t\t\t<\/div>\n\t\t\t\t<\/div>\n\t\t<div class=\"elementor-element elementor-element-c97fa9b e-flex e-con-boxed e-con e-parent\" data-id=\"c97fa9b\" data-element_type=\"container\" data-settings=\"{&quot;content_width&quot;:&quot;boxed&quot;}\" data-core-v316-plus=\"true\">\n\t\t\t\t\t<div class=\"e-con-inner\">\n\t\t\t\t<div class=\"elementor-element elementor-element-0f05e50 elementor-widget elementor-widget-text-editor\" data-id=\"0f05e50\" data-element_type=\"widget\" data-widget_type=\"text-editor.default\">\n\t\t\t\t<div class=\"elementor-widget-container\">\n\t\t\t\t\t\t\t<p><span style=\"font-weight: 400;\">\u00a0Mathilde, la t\u00eate toujours plong\u00e9e dans ses livres,<\/span><\/p><p><span style=\"font-weight: 400;\">\u00a0Jade, qui capture chaque instant en photo,<\/span><\/p><p><span style=\"font-weight: 400;\">\u00a0Romain, qui se fait toujours des films.<\/span><\/p>\t\t\t\t\t\t<\/div>\n\t\t\t\t<\/div>\n\t\t\t\t\t<\/div>\n\t\t\t\t<\/div>\n\t\t\t\t<\/div>\n\t\t","protected":false},"excerpt":{"rendered":"<p>Connectic\u2019art est une passerelle culturelle pour les mordus d\u2019art qui souhaitent s&rsquo;int\u00e9resser \u00e0 tous les aspects de la culture: le cin\u00e9ma, la musique, la photographie &hellip; <\/p>\n","protected":false},"author":4,"featured_media":0,"parent":0,"menu_order":0,"comment_status":"closed","ping_status":"closed","template":"","meta":{"footnotes":""},"class_list":["post-89","page","type-page","status-publish","hentry"],"_links":{"self":[{"href":"http:\/\/makingblog.audencia.com\/connecticart\/wp-json\/wp\/v2\/pages\/89","targetHints":{"allow":["GET"]}}],"collection":[{"href":"http:\/\/makingblog.audencia.com\/connecticart\/wp-json\/wp\/v2\/pages"}],"about":[{"href":"http:\/\/makingblog.audencia.com\/connecticart\/wp-json\/wp\/v2\/types\/page"}],"author":[{"embeddable":true,"href":"http:\/\/makingblog.audencia.com\/connecticart\/wp-json\/wp\/v2\/users\/4"}],"replies":[{"embeddable":true,"href":"http:\/\/makingblog.audencia.com\/connecticart\/wp-json\/wp\/v2\/comments?post=89"}],"version-history":[{"count":12,"href":"http:\/\/makingblog.audencia.com\/connecticart\/wp-json\/wp\/v2\/pages\/89\/revisions"}],"predecessor-version":[{"id":235,"href":"http:\/\/makingblog.audencia.com\/connecticart\/wp-json\/wp\/v2\/pages\/89\/revisions\/235"}],"wp:attachment":[{"href":"http:\/\/makingblog.audencia.com\/connecticart\/wp-json\/wp\/v2\/media?parent=89"}],"curies":[{"name":"wp","href":"https:\/\/api.w.org\/{rel}","templated":true}]}}